{"id":1037,"date":"2026-03-26T19:57:23","date_gmt":"2026-03-26T19:57:23","guid":{"rendered":"https:\/\/women-success.org\/?page_id=1037"},"modified":"2026-03-26T20:47:31","modified_gmt":"2026-03-26T20:47:31","slug":"dian-koum-ko","status":"publish","type":"page","link":"https:\/\/women-success.org\/en\/dian-koum-ko\/","title":{"rendered":"DIAN KOUM K\u00d6"},"content":{"rendered":"<div data-elementor-type=\"wp-page\" data-elementor-id=\"1037\" class=\"elementor elementor-1037\" data-elementor-post-type=\"page\">\n\t\t\t\t<div class=\"elementor-element elementor-element-cd9227f e-flex e-con-boxed e-con e-parent\" data-id=\"cd9227f\" data-element_type=\"container\" data-e-type=\"container\" data-settings=\"{&quot;background_background&quot;:&quot;classic&quot;}\">\n\t\t\t\t\t<div class=\"e-con-inner\">\n\t\t\t\t<div class=\"elementor-element elementor-element-9187ff6 elementor-widget elementor-widget-heading\" data-id=\"9187ff6\" data-element_type=\"widget\" data-e-type=\"widget\" data-widget_type=\"heading.default\">\n\t\t\t\t\t<h1 class=\"elementor-heading-title elementor-size-default\">DIAN KOUM K\u00d6: Empowered Women, Strong Communities<\/h1>\t\t\t\t<\/div>\n\t\t\t\t\t<\/div>\n\t\t\t\t<\/div>\n\t\t<div class=\"elementor-element elementor-element-2a42f23 e-flex e-con-boxed e-con e-parent\" data-id=\"2a42f23\" data-element_type=\"container\" data-e-type=\"container\">\n\t\t\t\t\t<div class=\"e-con-inner\">\n\t\t\t\t<div class=\"elementor-element elementor-element-0d114ae elementor-widget elementor-widget-text-editor\" data-id=\"0d114ae\" data-element_type=\"widget\" data-e-type=\"widget\" data-widget_type=\"text-editor.default\">\n\t\t\t\t\t\t\t\t\t<p><strong>Supported by the International Organization of La Francophonie (OIF)<\/strong> as part of the <em>La Francophonie avec Elles<\/em>program, this project aims to empower <strong>200 vulnerable women<\/strong> (100 rural refugee, returnee, and host community women, and 100 single mothers and young mothers) in <strong>N\u2019Djam\u00e9na<\/strong> and <strong>Gor\u00e9<\/strong>.<\/p><p>In response to challenges such as poverty, limited access to resources, and gender inequalities, the project adopts a <strong>holistic approach :<\/strong> :<\/p>\t\t\t\t\t\t\t\t<\/div>\n\t\t\t\t<div class=\"elementor-element elementor-element-14cfa35 elementor-widget elementor-widget-text-editor\" data-id=\"14cfa35\" data-element_type=\"widget\" data-e-type=\"widget\" data-widget_type=\"text-editor.default\">\n\t\t\t\t\t\t\t\t\t<ul><li><strong>Technical training<\/strong> (sustainable agriculture, processing of local products, business management);<\/li><li><strong>Material and financial support<\/strong> (agricultural inputs, cash assistance);<\/li><li><strong>Creation of processing units<\/strong> and <strong>women-led cooperatives<\/strong> .<\/li><\/ul>\t\t\t\t\t\t\t\t<\/div>\n\t\t\t\t<div class=\"elementor-element elementor-element-f8e2493 elementor-widget elementor-widget-text-editor\" data-id=\"f8e2493\" data-element_type=\"widget\" data-e-type=\"widget\" data-widget_type=\"text-editor.default\">\n\t\t\t\t\t\t\t\t\t<p><strong>Awareness-raising campaigns<\/strong> on women\u2019s rights and <strong>leadership workshops<\/strong> viennent renforcer l\u2019inclusion sociale et politique des b\u00e9n\u00e9ficiaires.<\/p><p>\u00c0 terme, le projet permettra de <strong>create or strengthen 200 income-generating activities<\/strong>, improve women\u2019s incomes, and raise awareness among <strong>10,000 people<\/strong> about women\u2019s rights and gender equality, contributing to lasting community transformation.<\/p>\t\t\t\t\t\t\t\t<\/div>\n\t\t\t\t\t<\/div>\n\t\t\t\t<\/div>\n\t\t<div class=\"elementor-element elementor-element-0ae9739 e-flex e-con-boxed e-con e-parent\" data-id=\"0ae9739\" data-element_type=\"container\" data-e-type=\"container\">\n\t\t\t\t\t<div class=\"e-con-inner\">\n\t\t\t\t<div class=\"elementor-element elementor-element-2875755 elementor-widget elementor-widget-heading\" data-id=\"2875755\" data-element_type=\"widget\" data-e-type=\"widget\" data-widget_type=\"heading.default\">\n\t\t\t\t\t<h3 class=\"elementor-heading-title elementor-size-default\">Economic empowerment &amp; female leadership<\/h3>\t\t\t\t<\/div>\n\t\t<div class=\"elementor-element elementor-element-b493b96 e-con-full e-flex e-con e-child\" data-id=\"b493b96\" data-element_type=\"container\" data-e-type=\"container\">\n\t\t<div class=\"elementor-element elementor-element-849100b e-con-full e-flex elementor-invisible e-con e-child\" data-id=\"849100b\" data-element_type=\"container\" data-e-type=\"container\" data-settings=\"{&quot;animation&quot;:&quot;fadeInUp&quot;}\">\n\t\t\t\t<div class=\"elementor-element elementor-element-e365cc6 elementor-widget elementor-widget-image\" data-id=\"e365cc6\" data-element_type=\"widget\" data-e-type=\"widget\" data-widget_type=\"image.default\">\n\t\t\t\t\t\t\t\t\t\t\t\t\t\t\t\t<a href=\"https:\/\/women-success.org\/en\/initiative-pour-lautonomie-economique-et-lepanouissement-des-femmes\/\">\n\t\t\t\t\t\t\t<img decoding=\"async\" src=\"https:\/\/women-success.org\/wp-content\/uploads\/elementor\/thumbs\/Couv-Initiative-pour-lautonomie-economique-et-lepanouissement-des-femmes-rl3b5pazu497q91j97l4s9q1gth5e47fziibt7p940.jpg\" title=\"Couv-Initiative pour l\u2019autonomie \u00e9conomique et l\u2019\u00e9panouissement des femmes\" alt=\"Couv-Initiative pour l\u2019autonomie \u00e9conomique et l\u2019\u00e9panouissement des femmes\" class=\"elementor-animation-grow\" loading=\"lazy\" \/>\t\t\t\t\t\t\t\t<\/a>\n\t\t\t\t\t\t\t\t\t\t\t\t\t\t\t<\/div>\n\t\t\t\t<div class=\"elementor-element elementor-element-ba52201 elementor-widget elementor-widget-text-editor\" data-id=\"ba52201\" data-element_type=\"widget\" data-e-type=\"widget\" data-widget_type=\"text-editor.default\">\n\t\t\t\t\t\t\t\t\t<p><a href=\"\/en\/_wp_link_placeholder\/\" data-wplink-edit=\"true\">Initiative for Women\u2019s Economic Autonomy and Empowerment<\/a><\/p>\t\t\t\t\t\t\t\t<\/div>\n\t\t\t\t<\/div>\n\t\t<div class=\"elementor-element elementor-element-1ed604f e-con-full e-flex elementor-invisible e-con e-child\" data-id=\"1ed604f\" data-element_type=\"container\" data-e-type=\"container\" data-settings=\"{&quot;animation&quot;:&quot;fadeInUp&quot;}\">\n\t\t\t\t<div class=\"elementor-element elementor-element-564192b elementor-widget elementor-widget-image\" data-id=\"564192b\" data-element_type=\"widget\" data-e-type=\"widget\" data-widget_type=\"image.default\">\n\t\t\t\t\t\t\t\t\t\t\t\t\t\t\t\t<a href=\"https:\/\/women-success.org\/en\/autonomisation-economique-des-femmes-a-travers-lentrepreneuriat-durable-a-gore\/\">\n\t\t\t\t\t\t\t<img decoding=\"async\" src=\"https:\/\/women-success.org\/wp-content\/uploads\/elementor\/thumbs\/Couv-Autonomisation-economique-des-femmes-a-travers-lentrepreneuriat-durable-a-Gore-rl3baehy0aots27rt8pz9310e6b7vmv4mrxq70qe00.jpg\" title=\"Couv-Autonomisation \u00e9conomique des femmes \u00e0 travers l\u2019entrepreneuriat durable \u00e0 Gor\u00e9\" alt=\"Couv-Autonomisation \u00e9conomique des femmes \u00e0 travers l\u2019entrepreneuriat durable \u00e0 Gor\u00e9\" class=\"elementor-animation-grow\" loading=\"lazy\" \/>\t\t\t\t\t\t\t\t<\/a>\n\t\t\t\t\t\t\t\t\t\t\t\t\t\t\t<\/div>\n\t\t\t\t<div class=\"elementor-element elementor-element-aea7fb0 elementor-widget elementor-widget-text-editor\" data-id=\"aea7fb0\" data-element_type=\"widget\" data-e-type=\"widget\" data-widget_type=\"text-editor.default\">\n\t\t\t\t\t\t\t\t\t<p><a href=\"https:\/\/women-success.org\/en\/autonomisation-economique-des-femmes-a-travers-lentrepreneuriat-durable-a-gore\/\">Women\u2019s Economic Empowerment Through Sustainable Entrepreneurship in Gor\u00e9<\/a><\/p>\t\t\t\t\t\t\t\t<\/div>\n\t\t\t\t<\/div>\n\t\t<div class=\"elementor-element elementor-element-db3f6b9 e-con-full e-flex elementor-invisible e-con e-child\" data-id=\"db3f6b9\" data-element_type=\"container\" data-e-type=\"container\" data-settings=\"{&quot;animation&quot;:&quot;fadeInUp&quot;}\">\n\t\t\t\t<div class=\"elementor-element elementor-element-bed48d5 elementor-widget elementor-widget-image\" data-id=\"bed48d5\" data-element_type=\"widget\" data-e-type=\"widget\" data-widget_type=\"image.default\">\n\t\t\t\t\t\t\t\t\t\t\t\t\t\t\t\t<a href=\"https:\/\/women-success.org\/en\/programme-boost-entrepreneures\/\">\n\t\t\t\t\t\t\t<img decoding=\"async\" src=\"https:\/\/women-success.org\/wp-content\/uploads\/elementor\/thumbs\/Couv-Programme-Boost-Entrepreneures-rl3bm4jh8wqkkz6qct5gumiz46j0vqelwsuqo9cme8.jpg\" title=\"Couv-Programme Boost Entrepreneures\" alt=\"Couv-Programme Boost Entrepreneures\" class=\"elementor-animation-grow\" loading=\"lazy\" \/>\t\t\t\t\t\t\t\t<\/a>\n\t\t\t\t\t\t\t\t\t\t\t\t\t\t\t<\/div>\n\t\t\t\t<div class=\"elementor-element elementor-element-dac50a4 elementor-widget elementor-widget-text-editor\" data-id=\"dac50a4\" data-element_type=\"widget\" data-e-type=\"widget\" data-widget_type=\"text-editor.default\">\n\t\t\t\t\t\t\t\t\t<p><a href=\"https:\/\/women-success.org\/en\/programme-boost-entrepreneures\/\">Programme Boost <br \/>Entrepreneures<\/a><\/p>\t\t\t\t\t\t\t\t<\/div>\n\t\t\t\t<\/div>\n\t\t<div class=\"elementor-element elementor-element-0042765 e-con-full e-flex elementor-invisible e-con e-child\" data-id=\"0042765\" data-element_type=\"container\" data-e-type=\"container\" data-settings=\"{&quot;animation&quot;:&quot;fadeInUp&quot;}\">\n\t\t\t\t<div class=\"elementor-element elementor-element-707f073 elementor-widget elementor-widget-image\" data-id=\"707f073\" data-element_type=\"widget\" data-e-type=\"widget\" data-widget_type=\"image.default\">\n\t\t\t\t\t\t\t\t\t\t\t\t\t\t\t\t<a href=\"https:\/\/women-success.org\/en\/cafe-des-entrepreneures\/\">\n\t\t\t\t\t\t\t<img decoding=\"async\" src=\"https:\/\/women-success.org\/wp-content\/uploads\/elementor\/thumbs\/Couv-Cafe-des-entrepreneures-rl3c0wk4p4yv49py274b1w9vc9orwf2oly3kavfskg.jpg\" title=\"Couv-Cafe des entrepreneures\" alt=\"Couv-Cafe des entrepreneures\" class=\"elementor-animation-grow\" loading=\"lazy\" \/>\t\t\t\t\t\t\t\t<\/a>\n\t\t\t\t\t\t\t\t\t\t\t\t\t\t\t<\/div>\n\t\t\t\t<div class=\"elementor-element elementor-element-618a3b0 elementor-widget elementor-widget-text-editor\" data-id=\"618a3b0\" data-element_type=\"widget\" data-e-type=\"widget\" data-widget_type=\"text-editor.default\">\n\t\t\t\t\t\t\t\t\t<p><a href=\"https:\/\/women-success.org\/en\/cafe-des-entrepreneures\/\">Women Entrepreneurs\u2019 Caf\u00e9<\/a><\/p>\t\t\t\t\t\t\t\t<\/div>\n\t\t\t\t<\/div>\n\t\t\t\t<\/div>\n\t\t\t\t\t<\/div>\n\t\t\t\t<\/div>\n\t\t\t\t<\/div>","protected":false},"excerpt":{"rendered":"<p>DIAN KOUM K\u00d6 : Femmes autonomes, communaut\u00e9s fortes Soutenu par l\u2019Organisation internationale de la Francophonie (OIF) dans le cadre du programme La Francophonie avec Elles, ce projet vise \u00e0 autonomiser 200 femmes vuln\u00e9rables (100 femmes rurales r\u00e9fugi\u00e9es, retourn\u00e9es et autochtones, et 100 m\u00e8res c\u00e9libataires et filles-m\u00e8res) \u00e0 N\u2019Djam\u00e9na et Gor\u00e9. Face aux d\u00e9fis tels que [&hellip;]<\/p>\n","protected":false},"author":2,"featured_media":0,"parent":0,"menu_order":0,"comment_status":"closed","ping_status":"closed","template":"","meta":{"footnotes":""},"class_list":["post-1037","page","type-page","status-publish","hentry"],"_links":{"self":[{"href":"https:\/\/women-success.org\/en\/wp-json\/wp\/v2\/pages\/1037","targetHints":{"allow":["GET"]}}],"collection":[{"href":"https:\/\/women-success.org\/en\/wp-json\/wp\/v2\/pages"}],"about":[{"href":"https:\/\/women-success.org\/en\/wp-json\/wp\/v2\/types\/page"}],"author":[{"embeddable":true,"href":"https:\/\/women-success.org\/en\/wp-json\/wp\/v2\/users\/2"}],"replies":[{"embeddable":true,"href":"https:\/\/women-success.org\/en\/wp-json\/wp\/v2\/comments?post=1037"}],"version-history":[{"count":19,"href":"https:\/\/women-success.org\/en\/wp-json\/wp\/v2\/pages\/1037\/revisions"}],"predecessor-version":[{"id":1103,"href":"https:\/\/women-success.org\/en\/wp-json\/wp\/v2\/pages\/1037\/revisions\/1103"}],"wp:attachment":[{"href":"https:\/\/women-success.org\/en\/wp-json\/wp\/v2\/media?parent=1037"}],"curies":[{"name":"wp","href":"https:\/\/api.w.org\/{rel}","templated":true}]}}