{"id":1041,"date":"2026-03-26T19:59:13","date_gmt":"2026-03-26T19:59:13","guid":{"rendered":"https:\/\/women-success.org\/?page_id=1041"},"modified":"2026-03-26T20:48:04","modified_gmt":"2026-03-26T20:48:04","slug":"initiative-pour-lautonomie-economique-et-lepanouissement-des-femmes","status":"publish","type":"page","link":"https:\/\/women-success.org\/en\/initiative-pour-lautonomie-economique-et-lepanouissement-des-femmes\/","title":{"rendered":"Initiative for Women\u2019s Economic Autonomy and Empowerment"},"content":{"rendered":"<div data-elementor-type=\"wp-page\" data-elementor-id=\"1041\" class=\"elementor elementor-1041\" data-elementor-post-type=\"page\">\n\t\t\t\t<div class=\"elementor-element elementor-element-aa71866 e-flex e-con-boxed e-con e-parent\" data-id=\"aa71866\" data-element_type=\"container\" data-e-type=\"container\" data-settings=\"{&quot;background_background&quot;:&quot;classic&quot;}\">\n\t\t\t\t\t<div class=\"e-con-inner\">\n\t\t\t\t<div class=\"elementor-element elementor-element-ee5fd06 elementor-widget elementor-widget-heading\" data-id=\"ee5fd06\" data-element_type=\"widget\" data-e-type=\"widget\" data-widget_type=\"heading.default\">\n\t\t\t\t\t<h1 class=\"elementor-heading-title elementor-size-default\">Initiative for Women\u2019s Economic Autonomy and Empowerment<\/h1>\t\t\t\t<\/div>\n\t\t\t\t\t<\/div>\n\t\t\t\t<\/div>\n\t\t<div class=\"elementor-element elementor-element-46bf5ef e-flex e-con-boxed e-con e-parent\" data-id=\"46bf5ef\" data-element_type=\"container\" data-e-type=\"container\">\n\t\t\t\t\t<div class=\"e-con-inner\">\n\t\t\t\t<div class=\"elementor-element elementor-element-d87496b elementor-widget elementor-widget-text-editor\" data-id=\"d87496b\" data-element_type=\"widget\" data-e-type=\"widget\" data-widget_type=\"text-editor.default\">\n\t\t\t\t\t\t\t\t\t<p><strong>Funded by the Feminist Peace and Security Fund<\/strong>, this project is part of the program <em>For Feminist Peace and Security Agendas<\/em> in West Africa and the Sahel.<\/p><p>Its objective is to <strong>promote the economic empowerment of young women through entrepreneurship<\/strong>, while <strong>strengthening their access to information on sexual and reproductive health<\/strong> and <strong>encouraging their participation in decision-making and advocacy spaces.<\/strong>.<br \/>The initiative is grounded in the belief that a woman who is <strong>economically autonomous and in good health<\/strong> is better able to fully participate in the social, economic, and political life of her community.<\/p>\t\t\t\t\t\t\t\t<\/div>\n\t\t\t\t\t<\/div>\n\t\t\t\t<\/div>\n\t\t<div class=\"elementor-element elementor-element-6aa8b4a e-flex e-con-boxed e-con e-parent\" data-id=\"6aa8b4a\" data-element_type=\"container\" data-e-type=\"container\">\n\t\t\t\t\t<div class=\"e-con-inner\">\n\t\t\t\t<div class=\"elementor-element elementor-element-83fc249 elementor-widget elementor-widget-heading\" data-id=\"83fc249\" data-element_type=\"widget\" data-e-type=\"widget\" data-widget_type=\"heading.default\">\n\t\t\t\t\t<h3 class=\"elementor-heading-title elementor-size-default\">Economic empowerment &amp; female leadership<\/h3>\t\t\t\t<\/div>\n\t\t<div class=\"elementor-element elementor-element-a48aad7 e-con-full e-flex e-con e-child\" data-id=\"a48aad7\" data-element_type=\"container\" data-e-type=\"container\">\n\t\t<div class=\"elementor-element elementor-element-07610da e-con-full e-flex elementor-invisible e-con e-child\" data-id=\"07610da\" data-element_type=\"container\" data-e-type=\"container\" data-settings=\"{&quot;animation&quot;:&quot;fadeInUp&quot;}\">\n\t\t\t\t<div class=\"elementor-element elementor-element-66acbe9 elementor-widget elementor-widget-image\" data-id=\"66acbe9\" data-element_type=\"widget\" data-e-type=\"widget\" data-widget_type=\"image.default\">\n\t\t\t\t\t\t\t\t\t\t\t\t\t\t\t\t<a href=\"https:\/\/women-success.org\/en\/dian-koum-ko\/\">\n\t\t\t\t\t\t\t<img decoding=\"async\" src=\"https:\/\/women-success.org\/wp-content\/uploads\/elementor\/thumbs\/Couv-DIAN-KOUM-KO-Femmes-autonomes-communautes-fortes-rl3ar9i8uqhndw0kkgwfzew4yqn65hvvo1qtf73yow.jpg\" title=\"Couv-DIAN KOUM K\u00d6 Femmes autonomes, communaut\u00e9s fortes\" alt=\"Couv-DIAN KOUM K\u00d6 Femmes autonomes, communaut\u00e9s fortes\" class=\"elementor-animation-grow\" loading=\"lazy\" \/>\t\t\t\t\t\t\t\t<\/a>\n\t\t\t\t\t\t\t\t\t\t\t\t\t\t\t<\/div>\n\t\t\t\t<div class=\"elementor-element elementor-element-de2a800 elementor-widget elementor-widget-text-editor\" data-id=\"de2a800\" data-element_type=\"widget\" data-e-type=\"widget\" data-widget_type=\"text-editor.default\">\n\t\t\t\t\t\t\t\t\t<p><a href=\"https:\/\/women-success.org\/en\/dian-koum-ko\/\">DIAN KOUM K\u00d6: Empowered Women, Strong Communities<\/a><\/p>\t\t\t\t\t\t\t\t<\/div>\n\t\t\t\t<\/div>\n\t\t<div class=\"elementor-element elementor-element-64a55d1 e-con-full e-flex elementor-invisible e-con e-child\" data-id=\"64a55d1\" data-element_type=\"container\" data-e-type=\"container\" data-settings=\"{&quot;animation&quot;:&quot;fadeInUp&quot;}\">\n\t\t\t\t<div class=\"elementor-element elementor-element-567bf3a elementor-widget elementor-widget-image\" data-id=\"567bf3a\" data-element_type=\"widget\" data-e-type=\"widget\" data-widget_type=\"image.default\">\n\t\t\t\t\t\t\t\t\t\t\t\t\t\t\t\t<a href=\"https:\/\/women-success.org\/en\/autonomisation-economique-des-femmes-a-travers-lentrepreneuriat-durable-a-gore\/\">\n\t\t\t\t\t\t\t<img decoding=\"async\" src=\"https:\/\/women-success.org\/wp-content\/uploads\/elementor\/thumbs\/Couv-Autonomisation-economique-des-femmes-a-travers-lentrepreneuriat-durable-a-Gore-rl3baehy0aots27rt8pz9310e6b7vmv4mrxq70qe00.jpg\" title=\"Couv-Autonomisation \u00e9conomique des femmes \u00e0 travers l\u2019entrepreneuriat durable \u00e0 Gor\u00e9\" alt=\"Couv-Autonomisation \u00e9conomique des femmes \u00e0 travers l\u2019entrepreneuriat durable \u00e0 Gor\u00e9\" class=\"elementor-animation-grow\" loading=\"lazy\" \/>\t\t\t\t\t\t\t\t<\/a>\n\t\t\t\t\t\t\t\t\t\t\t\t\t\t\t<\/div>\n\t\t\t\t<div class=\"elementor-element elementor-element-78c309e elementor-widget elementor-widget-text-editor\" data-id=\"78c309e\" data-element_type=\"widget\" data-e-type=\"widget\" data-widget_type=\"text-editor.default\">\n\t\t\t\t\t\t\t\t\t<p><a href=\"https:\/\/women-success.org\/en\/autonomisation-economique-des-femmes-a-travers-lentrepreneuriat-durable-a-gore\/\">Women\u2019s Economic Empowerment Through Sustainable Entrepreneurship in Gor\u00e9<\/a><\/p>\t\t\t\t\t\t\t\t<\/div>\n\t\t\t\t<\/div>\n\t\t<div class=\"elementor-element elementor-element-567e351 e-con-full e-flex elementor-invisible e-con e-child\" data-id=\"567e351\" data-element_type=\"container\" data-e-type=\"container\" data-settings=\"{&quot;animation&quot;:&quot;fadeInUp&quot;}\">\n\t\t\t\t<div class=\"elementor-element elementor-element-3277403 elementor-widget elementor-widget-image\" data-id=\"3277403\" data-element_type=\"widget\" data-e-type=\"widget\" data-widget_type=\"image.default\">\n\t\t\t\t\t\t\t\t\t\t\t\t\t\t\t\t<a href=\"https:\/\/women-success.org\/en\/programme-boost-entrepreneures\/\">\n\t\t\t\t\t\t\t<img decoding=\"async\" src=\"https:\/\/women-success.org\/wp-content\/uploads\/elementor\/thumbs\/Couv-Programme-Boost-Entrepreneures-rl3bm4jh8wqkkz6qct5gumiz46j0vqelwsuqo9cme8.jpg\" title=\"Couv-Programme Boost Entrepreneures\" alt=\"Couv-Programme Boost Entrepreneures\" class=\"elementor-animation-grow\" loading=\"lazy\" \/>\t\t\t\t\t\t\t\t<\/a>\n\t\t\t\t\t\t\t\t\t\t\t\t\t\t\t<\/div>\n\t\t\t\t<div class=\"elementor-element elementor-element-65f9ca8 elementor-widget elementor-widget-text-editor\" data-id=\"65f9ca8\" data-element_type=\"widget\" data-e-type=\"widget\" data-widget_type=\"text-editor.default\">\n\t\t\t\t\t\t\t\t\t<p><a href=\"https:\/\/women-success.org\/en\/programme-boost-entrepreneures\/\">Programme Boost <br \/>Entrepreneures<\/a><\/p>\t\t\t\t\t\t\t\t<\/div>\n\t\t\t\t<\/div>\n\t\t<div class=\"elementor-element elementor-element-4bacbff e-con-full e-flex elementor-invisible e-con e-child\" data-id=\"4bacbff\" data-element_type=\"container\" data-e-type=\"container\" data-settings=\"{&quot;animation&quot;:&quot;fadeInUp&quot;}\">\n\t\t\t\t<div class=\"elementor-element elementor-element-2719c71 elementor-widget elementor-widget-image\" data-id=\"2719c71\" data-element_type=\"widget\" data-e-type=\"widget\" data-widget_type=\"image.default\">\n\t\t\t\t\t\t\t\t\t\t\t\t\t\t\t\t<a href=\"https:\/\/women-success.org\/en\/cafe-des-entrepreneures\/\">\n\t\t\t\t\t\t\t<img decoding=\"async\" src=\"https:\/\/women-success.org\/wp-content\/uploads\/elementor\/thumbs\/Couv-Cafe-des-entrepreneures-rl3c0wk4p4yv49py274b1w9vc9orwf2oly3kavfskg.jpg\" title=\"Couv-Cafe des entrepreneures\" alt=\"Couv-Cafe des entrepreneures\" class=\"elementor-animation-grow\" loading=\"lazy\" \/>\t\t\t\t\t\t\t\t<\/a>\n\t\t\t\t\t\t\t\t\t\t\t\t\t\t\t<\/div>\n\t\t\t\t<div class=\"elementor-element elementor-element-ce62034 elementor-widget elementor-widget-text-editor\" data-id=\"ce62034\" data-element_type=\"widget\" data-e-type=\"widget\" data-widget_type=\"text-editor.default\">\n\t\t\t\t\t\t\t\t\t<p><a href=\"https:\/\/women-success.org\/en\/cafe-des-entrepreneures\/\">Women Entrepreneurs\u2019 Caf\u00e9<\/a><\/p>\t\t\t\t\t\t\t\t<\/div>\n\t\t\t\t<\/div>\n\t\t\t\t<\/div>\n\t\t\t\t\t<\/div>\n\t\t\t\t<\/div>\n\t\t\t\t<\/div>","protected":false},"excerpt":{"rendered":"<p>Initiative pour l\u2019autonomie \u00e9conomique et l\u2019\u00e9panouissement des femmes Financ\u00e9 par le Fonds F\u00e9ministe Paix et S\u00e9curit\u00e9, ce projet s\u2019inscrit dans le programme Pour des agendas f\u00e9ministes Paix et S\u00e9curit\u00e9 en Afrique de l\u2019Ouest et au Sahel. Son objectif est de promouvoir l\u2019autonomisation \u00e9conomique des jeunes femmes par l\u2019entrepreneuriat, tout en renfor\u00e7ant leur acc\u00e8s \u00e0 l\u2019information [&hellip;]<\/p>\n","protected":false},"author":2,"featured_media":0,"parent":0,"menu_order":0,"comment_status":"closed","ping_status":"closed","template":"","meta":{"footnotes":""},"class_list":["post-1041","page","type-page","status-publish","hentry"],"_links":{"self":[{"href":"https:\/\/women-success.org\/en\/wp-json\/wp\/v2\/pages\/1041","targetHints":{"allow":["GET"]}}],"collection":[{"href":"https:\/\/women-success.org\/en\/wp-json\/wp\/v2\/pages"}],"about":[{"href":"https:\/\/women-success.org\/en\/wp-json\/wp\/v2\/types\/page"}],"author":[{"embeddable":true,"href":"https:\/\/women-success.org\/en\/wp-json\/wp\/v2\/users\/2"}],"replies":[{"embeddable":true,"href":"https:\/\/women-success.org\/en\/wp-json\/wp\/v2\/comments?post=1041"}],"version-history":[{"count":12,"href":"https:\/\/women-success.org\/en\/wp-json\/wp\/v2\/pages\/1041\/revisions"}],"predecessor-version":[{"id":1106,"href":"https:\/\/women-success.org\/en\/wp-json\/wp\/v2\/pages\/1041\/revisions\/1106"}],"wp:attachment":[{"href":"https:\/\/women-success.org\/en\/wp-json\/wp\/v2\/media?parent=1041"}],"curies":[{"name":"wp","href":"https:\/\/api.w.org\/{rel}","templated":true}]}}