{"id":1049,"date":"2026-03-26T20:02:20","date_gmt":"2026-03-26T20:02:20","guid":{"rendered":"https:\/\/women-success.org\/?page_id=1049"},"modified":"2026-03-26T20:48:56","modified_gmt":"2026-03-26T20:48:56","slug":"autonomisation-economique-des-femmes-a-travers-lentrepreneuriat-durable-a-gore","status":"publish","type":"page","link":"https:\/\/women-success.org\/en\/autonomisation-economique-des-femmes-a-travers-lentrepreneuriat-durable-a-gore\/","title":{"rendered":"Women\u2019s Economic Empowerment Through Sustainable Entrepreneurship in Gor\u00e9"},"content":{"rendered":"<div data-elementor-type=\"wp-page\" data-elementor-id=\"1049\" class=\"elementor elementor-1049\" data-elementor-post-type=\"page\">\n\t\t\t\t<div class=\"elementor-element elementor-element-162abdc e-flex e-con-boxed e-con e-parent\" data-id=\"162abdc\" data-element_type=\"container\" data-e-type=\"container\" data-settings=\"{&quot;background_background&quot;:&quot;classic&quot;}\">\n\t\t\t\t\t<div class=\"e-con-inner\">\n\t\t\t\t<div class=\"elementor-element elementor-element-f933410 elementor-widget elementor-widget-heading\" data-id=\"f933410\" data-element_type=\"widget\" data-e-type=\"widget\" data-widget_type=\"heading.default\">\n\t\t\t\t\t<h1 class=\"elementor-heading-title elementor-size-default\">Women\u2019s Economic Empowerment Through Sustainable Entrepreneurship in Gor\u00e9<\/h1>\t\t\t\t<\/div>\n\t\t\t\t\t<\/div>\n\t\t\t\t<\/div>\n\t\t<div class=\"elementor-element elementor-element-7a169cb e-flex e-con-boxed e-con e-parent\" data-id=\"7a169cb\" data-element_type=\"container\" data-e-type=\"container\">\n\t\t\t\t\t<div class=\"e-con-inner\">\n\t\t\t\t<div class=\"elementor-element elementor-element-8237921 elementor-widget elementor-widget-text-editor\" data-id=\"8237921\" data-element_type=\"widget\" data-e-type=\"widget\" data-widget_type=\"text-editor.default\">\n\t\t\t\t\t\t\t\t\t<p><strong>Supported by the Canadian Fund for Local Initiatives (FCLI)<\/strong>, this project targets <strong>rural women, refugees, and internally displaced women<\/strong> in the <strong>Gor\u00e9<\/strong>region, in southern Chad, an area marked by vulnerability and reduced humanitarian assistance.<\/p><p>The project leverages <strong>agro-entrepreneurship<\/strong> as a pathway to autonomy and resilience.<br \/>Its objectives are to :<\/p>\t\t\t\t\t\t\t\t<\/div>\n\t\t\t\t\t<\/div>\n\t\t\t\t<\/div>\n\t\t<div class=\"elementor-element elementor-element-67a730c e-flex e-con-boxed e-con e-parent\" data-id=\"67a730c\" data-element_type=\"container\" data-e-type=\"container\">\n\t\t\t\t\t<div class=\"e-con-inner\">\n\t\t\t\t<div class=\"elementor-element elementor-element-dbdad4e elementor-widget elementor-widget-text-editor\" data-id=\"dbdad4e\" data-element_type=\"widget\" data-e-type=\"widget\" data-widget_type=\"text-editor.default\">\n\t\t\t\t\t\t\t\t\t<ul><li>Train <strong>60 women<\/strong> in <strong>agri-food processing<\/strong> (tomatoes, vegetables, tubers), <strong>agricultural product preservation,<\/strong>, <strong>cooperative management<\/strong> and <strong>marketing<\/strong> ;<\/li><li>Establish <strong>sustainable micro-processing units;<\/strong> ;<\/li><li>Promote <strong>social cohesion<\/strong> between refugee and host communities.<\/li><\/ul>\t\t\t\t\t\t\t\t<\/div>\n\t\t\t\t\t<\/div>\n\t\t\t\t<\/div>\n\t\t<div class=\"elementor-element elementor-element-a8ea3f6 e-flex e-con-boxed e-con e-parent\" data-id=\"a8ea3f6\" data-element_type=\"container\" data-e-type=\"container\">\n\t\t\t\t\t<div class=\"e-con-inner\">\n\t\t\t\t<div class=\"elementor-element elementor-element-249b3c1 elementor-widget elementor-widget-text-editor\" data-id=\"249b3c1\" data-element_type=\"widget\" data-e-type=\"widget\" data-widget_type=\"text-editor.default\">\n\t\t\t\t\t\t\t\t\t<p>The project will directly benefit 60 women, with <strong>more than 1,500 people<\/strong> benefiting indirectly through increased incomes, job creation, and reduced post-harvest losses.<\/p>\t\t\t\t\t\t\t\t<\/div>\n\t\t\t\t\t<\/div>\n\t\t\t\t<\/div>\n\t\t<div class=\"elementor-element elementor-element-0fabf55 e-flex e-con-boxed e-con e-parent\" data-id=\"0fabf55\" data-element_type=\"container\" data-e-type=\"container\">\n\t\t\t\t\t<div class=\"e-con-inner\">\n\t\t\t\t<div class=\"elementor-element elementor-element-a541e2c elementor-widget elementor-widget-heading\" data-id=\"a541e2c\" data-element_type=\"widget\" data-e-type=\"widget\" data-widget_type=\"heading.default\">\n\t\t\t\t\t<h3 class=\"elementor-heading-title elementor-size-default\">Economic empowerment &amp; female leadership<\/h3>\t\t\t\t<\/div>\n\t\t<div class=\"elementor-element elementor-element-3924398 e-con-full e-flex e-con e-child\" data-id=\"3924398\" data-element_type=\"container\" data-e-type=\"container\">\n\t\t<div class=\"elementor-element elementor-element-b768e72 e-con-full e-flex elementor-invisible e-con e-child\" data-id=\"b768e72\" data-element_type=\"container\" data-e-type=\"container\" data-settings=\"{&quot;animation&quot;:&quot;fadeInUp&quot;}\">\n\t\t\t\t<div class=\"elementor-element elementor-element-3bcc6c6 elementor-widget elementor-widget-image\" data-id=\"3bcc6c6\" data-element_type=\"widget\" data-e-type=\"widget\" data-widget_type=\"image.default\">\n\t\t\t\t\t\t\t\t\t\t\t\t\t\t\t\t<a href=\"https:\/\/women-success.org\/en\/dian-koum-ko\/\">\n\t\t\t\t\t\t\t<img decoding=\"async\" src=\"https:\/\/women-success.org\/wp-content\/uploads\/elementor\/thumbs\/Couv-DIAN-KOUM-KO-Femmes-autonomes-communautes-fortes-rl3ar9i8uqhndw0kkgwfzew4yqn65hvvo1qtf73yow.jpg\" title=\"Couv-DIAN KOUM K\u00d6 Femmes autonomes, communaut\u00e9s fortes\" alt=\"Couv-DIAN KOUM K\u00d6 Femmes autonomes, communaut\u00e9s fortes\" class=\"elementor-animation-grow\" loading=\"lazy\" \/>\t\t\t\t\t\t\t\t<\/a>\n\t\t\t\t\t\t\t\t\t\t\t\t\t\t\t<\/div>\n\t\t\t\t<div class=\"elementor-element elementor-element-5489938 elementor-widget elementor-widget-text-editor\" data-id=\"5489938\" data-element_type=\"widget\" data-e-type=\"widget\" data-widget_type=\"text-editor.default\">\n\t\t\t\t\t\t\t\t\t<p><a href=\"https:\/\/women-success.org\/en\/dian-koum-ko\/\">DIAN KOUM K\u00d6: Empowered Women, Strong Communities<\/a><\/p>\t\t\t\t\t\t\t\t<\/div>\n\t\t\t\t<\/div>\n\t\t<div class=\"elementor-element elementor-element-4ecc490 e-con-full e-flex elementor-invisible e-con e-child\" data-id=\"4ecc490\" data-element_type=\"container\" data-e-type=\"container\" data-settings=\"{&quot;animation&quot;:&quot;fadeInUp&quot;}\">\n\t\t\t\t<div class=\"elementor-element elementor-element-ee067e6 elementor-widget elementor-widget-image\" data-id=\"ee067e6\" data-element_type=\"widget\" data-e-type=\"widget\" data-widget_type=\"image.default\">\n\t\t\t\t\t\t\t\t\t\t\t\t\t\t\t\t<a href=\"https:\/\/women-success.org\/en\/initiative-pour-lautonomie-economique-et-lepanouissement-des-femmes\/\">\n\t\t\t\t\t\t\t<img decoding=\"async\" src=\"https:\/\/women-success.org\/wp-content\/uploads\/elementor\/thumbs\/Couv-Initiative-pour-lautonomie-economique-et-lepanouissement-des-femmes-rl3b5pazu497q91j97l4s9q1gth5e47fziibt7p940.jpg\" title=\"Couv-Initiative pour l\u2019autonomie \u00e9conomique et l\u2019\u00e9panouissement des femmes\" alt=\"Couv-Initiative pour l\u2019autonomie \u00e9conomique et l\u2019\u00e9panouissement des femmes\" class=\"elementor-animation-grow\" loading=\"lazy\" \/>\t\t\t\t\t\t\t\t<\/a>\n\t\t\t\t\t\t\t\t\t\t\t\t\t\t\t<\/div>\n\t\t\t\t<div class=\"elementor-element elementor-element-3bdb694 elementor-widget elementor-widget-text-editor\" data-id=\"3bdb694\" data-element_type=\"widget\" data-e-type=\"widget\" data-widget_type=\"text-editor.default\">\n\t\t\t\t\t\t\t\t\t<p><a href=\"\/en\/_wp_link_placeholder\/\" data-wplink-edit=\"true\">Initiative for Women\u2019s Economic Autonomy and Empowerment<\/a><\/p>\t\t\t\t\t\t\t\t<\/div>\n\t\t\t\t<\/div>\n\t\t<div class=\"elementor-element elementor-element-29ea4dc e-con-full e-flex elementor-invisible e-con e-child\" data-id=\"29ea4dc\" data-element_type=\"container\" data-e-type=\"container\" data-settings=\"{&quot;animation&quot;:&quot;fadeInUp&quot;}\">\n\t\t\t\t<div class=\"elementor-element elementor-element-5708a11 elementor-widget elementor-widget-image\" data-id=\"5708a11\" data-element_type=\"widget\" data-e-type=\"widget\" data-widget_type=\"image.default\">\n\t\t\t\t\t\t\t\t\t\t\t\t\t\t\t\t<a href=\"https:\/\/women-success.org\/en\/programme-boost-entrepreneures\/\">\n\t\t\t\t\t\t\t<img decoding=\"async\" src=\"https:\/\/women-success.org\/wp-content\/uploads\/elementor\/thumbs\/Couv-Programme-Boost-Entrepreneures-rl3bm4jh8wqkkz6qct5gumiz46j0vqelwsuqo9cme8.jpg\" title=\"Couv-Programme Boost Entrepreneures\" alt=\"Couv-Programme Boost Entrepreneures\" class=\"elementor-animation-grow\" loading=\"lazy\" \/>\t\t\t\t\t\t\t\t<\/a>\n\t\t\t\t\t\t\t\t\t\t\t\t\t\t\t<\/div>\n\t\t\t\t<div class=\"elementor-element elementor-element-fef0265 elementor-widget elementor-widget-text-editor\" data-id=\"fef0265\" data-element_type=\"widget\" data-e-type=\"widget\" data-widget_type=\"text-editor.default\">\n\t\t\t\t\t\t\t\t\t<p><a href=\"https:\/\/women-success.org\/en\/programme-boost-entrepreneures\/\">Programme Boost <br \/>Entrepreneures<\/a><\/p>\t\t\t\t\t\t\t\t<\/div>\n\t\t\t\t<\/div>\n\t\t<div class=\"elementor-element elementor-element-ec6ef41 e-con-full e-flex elementor-invisible e-con e-child\" data-id=\"ec6ef41\" data-element_type=\"container\" data-e-type=\"container\" data-settings=\"{&quot;animation&quot;:&quot;fadeInUp&quot;}\">\n\t\t\t\t<div class=\"elementor-element elementor-element-a4ffef4 elementor-widget elementor-widget-image\" data-id=\"a4ffef4\" data-element_type=\"widget\" data-e-type=\"widget\" data-widget_type=\"image.default\">\n\t\t\t\t\t\t\t\t\t\t\t\t\t\t\t\t<a href=\"https:\/\/women-success.org\/en\/cafe-des-entrepreneures\/\">\n\t\t\t\t\t\t\t<img decoding=\"async\" src=\"https:\/\/women-success.org\/wp-content\/uploads\/elementor\/thumbs\/Couv-Cafe-des-entrepreneures-rl3c0wk4p4yv49py274b1w9vc9orwf2oly3kavfskg.jpg\" title=\"Couv-Cafe des entrepreneures\" alt=\"Couv-Cafe des entrepreneures\" class=\"elementor-animation-grow\" loading=\"lazy\" \/>\t\t\t\t\t\t\t\t<\/a>\n\t\t\t\t\t\t\t\t\t\t\t\t\t\t\t<\/div>\n\t\t\t\t<div class=\"elementor-element elementor-element-e4a0132 elementor-widget elementor-widget-text-editor\" data-id=\"e4a0132\" data-element_type=\"widget\" data-e-type=\"widget\" data-widget_type=\"text-editor.default\">\n\t\t\t\t\t\t\t\t\t<p><a href=\"https:\/\/women-success.org\/en\/cafe-des-entrepreneures\/\">Women Entrepreneurs\u2019 Caf\u00e9<\/a><\/p>\t\t\t\t\t\t\t\t<\/div>\n\t\t\t\t<\/div>\n\t\t\t\t<\/div>\n\t\t\t\t\t<\/div>\n\t\t\t\t<\/div>\n\t\t\t\t<\/div>","protected":false},"excerpt":{"rendered":"<p>Autonomisation \u00e9conomique des femmes \u00e0 travers l\u2019entrepreneuriat durable \u00e0 Gor\u00e9 Soutenu par le Fonds canadien d\u2019initiatives locales (FCIL), ce projet cible les femmes rurales, r\u00e9fugi\u00e9es et d\u00e9plac\u00e9es internes de la r\u00e9gion de Gor\u00e9, dans le sud du Tchad, une zone marqu\u00e9e par la pr\u00e9carit\u00e9 et la r\u00e9duction de l\u2019aide humanitaire. Le projet mise sur l\u2019agro-entrepreneuriat [&hellip;]<\/p>\n","protected":false},"author":2,"featured_media":0,"parent":0,"menu_order":0,"comment_status":"closed","ping_status":"closed","template":"","meta":{"footnotes":""},"class_list":["post-1049","page","type-page","status-publish","hentry"],"_links":{"self":[{"href":"https:\/\/women-success.org\/en\/wp-json\/wp\/v2\/pages\/1049","targetHints":{"allow":["GET"]}}],"collection":[{"href":"https:\/\/women-success.org\/en\/wp-json\/wp\/v2\/pages"}],"about":[{"href":"https:\/\/women-success.org\/en\/wp-json\/wp\/v2\/types\/page"}],"author":[{"embeddable":true,"href":"https:\/\/women-success.org\/en\/wp-json\/wp\/v2\/users\/2"}],"replies":[{"embeddable":true,"href":"https:\/\/women-success.org\/en\/wp-json\/wp\/v2\/comments?post=1049"}],"version-history":[{"count":10,"href":"https:\/\/women-success.org\/en\/wp-json\/wp\/v2\/pages\/1049\/revisions"}],"predecessor-version":[{"id":1109,"href":"https:\/\/women-success.org\/en\/wp-json\/wp\/v2\/pages\/1049\/revisions\/1109"}],"wp:attachment":[{"href":"https:\/\/women-success.org\/en\/wp-json\/wp\/v2\/media?parent=1049"}],"curies":[{"name":"wp","href":"https:\/\/api.w.org\/{rel}","templated":true}]}}