{"id":1055,"date":"2026-03-26T20:09:27","date_gmt":"2026-03-26T20:09:27","guid":{"rendered":"https:\/\/women-success.org\/?page_id=1055"},"modified":"2026-03-26T20:49:23","modified_gmt":"2026-03-26T20:49:23","slug":"programme-boost-entrepreneures","status":"publish","type":"page","link":"https:\/\/women-success.org\/en\/programme-boost-entrepreneures\/","title":{"rendered":"Boost Entrepreneures Program"},"content":{"rendered":"<div data-elementor-type=\"wp-page\" data-elementor-id=\"1055\" class=\"elementor elementor-1055\" data-elementor-post-type=\"page\">\n\t\t\t\t<div class=\"elementor-element elementor-element-467aa53 e-flex e-con-boxed e-con e-parent\" data-id=\"467aa53\" data-element_type=\"container\" data-e-type=\"container\" data-settings=\"{&quot;background_background&quot;:&quot;classic&quot;}\">\n\t\t\t\t\t<div class=\"e-con-inner\">\n\t\t\t\t<div class=\"elementor-element elementor-element-80d9774 elementor-widget elementor-widget-heading\" data-id=\"80d9774\" data-element_type=\"widget\" data-e-type=\"widget\" data-widget_type=\"heading.default\">\n\t\t\t\t\t<h1 class=\"elementor-heading-title elementor-size-default\">Boost Entrepreneures Program<\/h1>\t\t\t\t<\/div>\n\t\t\t\t\t<\/div>\n\t\t\t\t<\/div>\n\t\t<div class=\"elementor-element elementor-element-07c4842 e-flex e-con-boxed e-con e-parent\" data-id=\"07c4842\" data-element_type=\"container\" data-e-type=\"container\">\n\t\t\t\t\t<div class=\"e-con-inner\">\n\t\t\t\t<div class=\"elementor-element elementor-element-a2c5361 elementor-widget elementor-widget-text-editor\" data-id=\"a2c5361\" data-element_type=\"widget\" data-e-type=\"widget\" data-widget_type=\"text-editor.default\">\n\t\t\t\t\t\t\t\t\t<p>Implemented with the support of Job Booster Chad, this program supports young women entrepreneurs at the ideation or early start-up stage. It offers individual coaching, thematic workshops, boot camps, and financial support.<\/p><p>Over two years, <strong>90 women entrepreneurs<\/strong> have been trained and supported, strengthening their position within the local economic ecosystem.<\/p>\t\t\t\t\t\t\t\t<\/div>\n\t\t\t\t\t<\/div>\n\t\t\t\t<\/div>\n\t\t<div class=\"elementor-element elementor-element-b8d0206 e-flex e-con-boxed e-con e-parent\" data-id=\"b8d0206\" data-element_type=\"container\" data-e-type=\"container\">\n\t\t\t\t\t<div class=\"e-con-inner\">\n\t\t\t\t<div class=\"elementor-element elementor-element-eab2953 elementor-widget elementor-widget-heading\" data-id=\"eab2953\" data-element_type=\"widget\" data-e-type=\"widget\" data-widget_type=\"heading.default\">\n\t\t\t\t\t<h3 class=\"elementor-heading-title elementor-size-default\">Economic empowerment &amp; female leadership<\/h3>\t\t\t\t<\/div>\n\t\t<div class=\"elementor-element elementor-element-4a470fe e-con-full e-flex e-con e-child\" data-id=\"4a470fe\" data-element_type=\"container\" data-e-type=\"container\">\n\t\t<div class=\"elementor-element elementor-element-d5ba854 e-con-full e-flex elementor-invisible e-con e-child\" data-id=\"d5ba854\" data-element_type=\"container\" data-e-type=\"container\" data-settings=\"{&quot;animation&quot;:&quot;fadeInUp&quot;}\">\n\t\t\t\t<div class=\"elementor-element elementor-element-7fa77f3 elementor-widget elementor-widget-image\" data-id=\"7fa77f3\" data-element_type=\"widget\" data-e-type=\"widget\" data-widget_type=\"image.default\">\n\t\t\t\t\t\t\t\t\t\t\t\t\t\t\t\t<a href=\"https:\/\/women-success.org\/en\/dian-koum-ko\/\">\n\t\t\t\t\t\t\t<img decoding=\"async\" src=\"https:\/\/women-success.org\/wp-content\/uploads\/elementor\/thumbs\/Couv-DIAN-KOUM-KO-Femmes-autonomes-communautes-fortes-rl3ar9i8uqhndw0kkgwfzew4yqn65hvvo1qtf73yow.jpg\" title=\"Couv-DIAN KOUM K\u00d6 Femmes autonomes, communaut\u00e9s fortes\" alt=\"Couv-DIAN KOUM K\u00d6 Femmes autonomes, communaut\u00e9s fortes\" class=\"elementor-animation-grow\" loading=\"lazy\" \/>\t\t\t\t\t\t\t\t<\/a>\n\t\t\t\t\t\t\t\t\t\t\t\t\t\t\t<\/div>\n\t\t\t\t<div class=\"elementor-element elementor-element-07fa5d0 elementor-widget elementor-widget-text-editor\" data-id=\"07fa5d0\" data-element_type=\"widget\" data-e-type=\"widget\" data-widget_type=\"text-editor.default\">\n\t\t\t\t\t\t\t\t\t<p><a href=\"https:\/\/women-success.org\/en\/dian-koum-ko\/\">DIAN KOUM K\u00d6: Empowered Women, Strong Communities<\/a><\/p>\t\t\t\t\t\t\t\t<\/div>\n\t\t\t\t<\/div>\n\t\t<div class=\"elementor-element elementor-element-eb4bd2b e-con-full e-flex elementor-invisible e-con e-child\" data-id=\"eb4bd2b\" data-element_type=\"container\" data-e-type=\"container\" data-settings=\"{&quot;animation&quot;:&quot;fadeInUp&quot;}\">\n\t\t\t\t<div class=\"elementor-element elementor-element-68c53ab elementor-widget elementor-widget-image\" data-id=\"68c53ab\" data-element_type=\"widget\" data-e-type=\"widget\" data-widget_type=\"image.default\">\n\t\t\t\t\t\t\t\t\t\t\t\t\t\t\t\t<a href=\"https:\/\/women-success.org\/en\/initiative-pour-lautonomie-economique-et-lepanouissement-des-femmes\/\">\n\t\t\t\t\t\t\t<img decoding=\"async\" src=\"https:\/\/women-success.org\/wp-content\/uploads\/elementor\/thumbs\/Couv-Initiative-pour-lautonomie-economique-et-lepanouissement-des-femmes-rl3b5pazu497q91j97l4s9q1gth5e47fziibt7p940.jpg\" title=\"Couv-Initiative pour l\u2019autonomie \u00e9conomique et l\u2019\u00e9panouissement des femmes\" alt=\"Couv-Initiative pour l\u2019autonomie \u00e9conomique et l\u2019\u00e9panouissement des femmes\" class=\"elementor-animation-grow\" loading=\"lazy\" \/>\t\t\t\t\t\t\t\t<\/a>\n\t\t\t\t\t\t\t\t\t\t\t\t\t\t\t<\/div>\n\t\t\t\t<div class=\"elementor-element elementor-element-dd1ed52 elementor-widget elementor-widget-text-editor\" data-id=\"dd1ed52\" data-element_type=\"widget\" data-e-type=\"widget\" data-widget_type=\"text-editor.default\">\n\t\t\t\t\t\t\t\t\t<p><a href=\"\/en\/_wp_link_placeholder\/\" data-wplink-edit=\"true\">Initiative for Women\u2019s Economic Autonomy and Empowerment<\/a><\/p>\t\t\t\t\t\t\t\t<\/div>\n\t\t\t\t<\/div>\n\t\t<div class=\"elementor-element elementor-element-de4a113 e-con-full e-flex elementor-invisible e-con e-child\" data-id=\"de4a113\" data-element_type=\"container\" data-e-type=\"container\" data-settings=\"{&quot;animation&quot;:&quot;fadeInUp&quot;}\">\n\t\t\t\t<div class=\"elementor-element elementor-element-5dcb860 elementor-widget elementor-widget-image\" data-id=\"5dcb860\" data-element_type=\"widget\" data-e-type=\"widget\" data-widget_type=\"image.default\">\n\t\t\t\t\t\t\t\t\t\t\t\t\t\t\t\t<a href=\"https:\/\/women-success.org\/en\/autonomisation-economique-des-femmes-a-travers-lentrepreneuriat-durable-a-gore\/\">\n\t\t\t\t\t\t\t<img decoding=\"async\" src=\"https:\/\/women-success.org\/wp-content\/uploads\/elementor\/thumbs\/Couv-Autonomisation-economique-des-femmes-a-travers-lentrepreneuriat-durable-a-Gore-rl3baehy0aots27rt8pz9310e6b7vmv4mrxq70qe00.jpg\" title=\"Couv-Autonomisation \u00e9conomique des femmes \u00e0 travers l\u2019entrepreneuriat durable \u00e0 Gor\u00e9\" alt=\"Couv-Autonomisation \u00e9conomique des femmes \u00e0 travers l\u2019entrepreneuriat durable \u00e0 Gor\u00e9\" class=\"elementor-animation-grow\" loading=\"lazy\" \/>\t\t\t\t\t\t\t\t<\/a>\n\t\t\t\t\t\t\t\t\t\t\t\t\t\t\t<\/div>\n\t\t\t\t<div class=\"elementor-element elementor-element-f8e6c77 elementor-widget elementor-widget-text-editor\" data-id=\"f8e6c77\" data-element_type=\"widget\" data-e-type=\"widget\" data-widget_type=\"text-editor.default\">\n\t\t\t\t\t\t\t\t\t<p><a href=\"https:\/\/women-success.org\/en\/autonomisation-economique-des-femmes-a-travers-lentrepreneuriat-durable-a-gore\/\">Women\u2019s Economic Empowerment Through Sustainable Entrepreneurship in Gor\u00e9<\/a><\/p>\t\t\t\t\t\t\t\t<\/div>\n\t\t\t\t<\/div>\n\t\t<div class=\"elementor-element elementor-element-a78e805 e-con-full e-flex elementor-invisible e-con e-child\" data-id=\"a78e805\" data-element_type=\"container\" data-e-type=\"container\" data-settings=\"{&quot;animation&quot;:&quot;fadeInUp&quot;}\">\n\t\t\t\t<div class=\"elementor-element elementor-element-cbbbefc elementor-widget elementor-widget-image\" data-id=\"cbbbefc\" data-element_type=\"widget\" data-e-type=\"widget\" data-widget_type=\"image.default\">\n\t\t\t\t\t\t\t\t\t\t\t\t\t\t\t\t<a href=\"https:\/\/women-success.org\/en\/cafe-des-entrepreneures\/\">\n\t\t\t\t\t\t\t<img decoding=\"async\" src=\"https:\/\/women-success.org\/wp-content\/uploads\/elementor\/thumbs\/Couv-Cafe-des-entrepreneures-rl3c0wk4p4yv49py274b1w9vc9orwf2oly3kavfskg.jpg\" title=\"Couv-Cafe des entrepreneures\" alt=\"Couv-Cafe des entrepreneures\" class=\"elementor-animation-grow\" loading=\"lazy\" \/>\t\t\t\t\t\t\t\t<\/a>\n\t\t\t\t\t\t\t\t\t\t\t\t\t\t\t<\/div>\n\t\t\t\t<div class=\"elementor-element elementor-element-72f08c8 elementor-widget elementor-widget-text-editor\" data-id=\"72f08c8\" data-element_type=\"widget\" data-e-type=\"widget\" data-widget_type=\"text-editor.default\">\n\t\t\t\t\t\t\t\t\t<p><a href=\"https:\/\/women-success.org\/en\/cafe-des-entrepreneures\/\">Women Entrepreneurs\u2019 Caf\u00e9<\/a><\/p>\t\t\t\t\t\t\t\t<\/div>\n\t\t\t\t<\/div>\n\t\t\t\t<\/div>\n\t\t\t\t\t<\/div>\n\t\t\t\t<\/div>\n\t\t\t\t<\/div>","protected":false},"excerpt":{"rendered":"<p>Programme Boost Entrepreneures Port\u00e9 avec l\u2019appui de Job Booster Tchad, ce programme accompagne les jeunes femmes entrepreneures en phase d\u2019id\u00e9ation ou d\u2019amor\u00e7age. Il propose des coachings individuels, des ateliers th\u00e9matiques, des boot camps et un soutien financier. En deux ans, 90 entrepreneures ont \u00e9t\u00e9 form\u00e9es et soutenues, consolidant leur place dans l\u2019\u00e9cosyst\u00e8me \u00e9conomique local. Autonomisation [&hellip;]<\/p>\n","protected":false},"author":2,"featured_media":0,"parent":0,"menu_order":0,"comment_status":"closed","ping_status":"closed","template":"","meta":{"footnotes":""},"class_list":["post-1055","page","type-page","status-publish","hentry"],"_links":{"self":[{"href":"https:\/\/women-success.org\/en\/wp-json\/wp\/v2\/pages\/1055","targetHints":{"allow":["GET"]}}],"collection":[{"href":"https:\/\/women-success.org\/en\/wp-json\/wp\/v2\/pages"}],"about":[{"href":"https:\/\/women-success.org\/en\/wp-json\/wp\/v2\/types\/page"}],"author":[{"embeddable":true,"href":"https:\/\/women-success.org\/en\/wp-json\/wp\/v2\/users\/2"}],"replies":[{"embeddable":true,"href":"https:\/\/women-success.org\/en\/wp-json\/wp\/v2\/comments?post=1055"}],"version-history":[{"count":9,"href":"https:\/\/women-success.org\/en\/wp-json\/wp\/v2\/pages\/1055\/revisions"}],"predecessor-version":[{"id":1112,"href":"https:\/\/women-success.org\/en\/wp-json\/wp\/v2\/pages\/1055\/revisions\/1112"}],"wp:attachment":[{"href":"https:\/\/women-success.org\/en\/wp-json\/wp\/v2\/media?parent=1055"}],"curies":[{"name":"wp","href":"https:\/\/api.w.org\/{rel}","templated":true}]}}