{"id":1060,"date":"2026-03-26T20:24:45","date_gmt":"2026-03-26T20:24:45","guid":{"rendered":"https:\/\/women-success.org\/?page_id=1060"},"modified":"2026-03-26T20:50:03","modified_gmt":"2026-03-26T20:50:03","slug":"cafe-des-entrepreneures","status":"publish","type":"page","link":"https:\/\/women-success.org\/en\/cafe-des-entrepreneures\/","title":{"rendered":"Women Entrepreneurs\u2019 Caf\u00e9"},"content":{"rendered":"<div data-elementor-type=\"wp-page\" data-elementor-id=\"1060\" class=\"elementor elementor-1060\" data-elementor-post-type=\"page\">\n\t\t\t\t<div class=\"elementor-element elementor-element-dd1657e e-flex e-con-boxed e-con e-parent\" data-id=\"dd1657e\" data-element_type=\"container\" data-e-type=\"container\" data-settings=\"{&quot;background_background&quot;:&quot;classic&quot;}\">\n\t\t\t\t\t<div class=\"e-con-inner\">\n\t\t\t\t<div class=\"elementor-element elementor-element-1227299 elementor-widget elementor-widget-heading\" data-id=\"1227299\" data-element_type=\"widget\" data-e-type=\"widget\" data-widget_type=\"heading.default\">\n\t\t\t\t\t<h1 class=\"elementor-heading-title elementor-size-default\">Women Entrepreneurs\u2019 Caf\u00e9<\/h1>\t\t\t\t<\/div>\n\t\t\t\t\t<\/div>\n\t\t\t\t<\/div>\n\t\t<div class=\"elementor-element elementor-element-e1bf796 e-flex e-con-boxed e-con e-parent\" data-id=\"e1bf796\" data-element_type=\"container\" data-e-type=\"container\">\n\t\t\t\t\t<div class=\"e-con-inner\">\n\t\t\t\t<div class=\"elementor-element elementor-element-82e4ac3 elementor-widget elementor-widget-text-editor\" data-id=\"82e4ac3\" data-element_type=\"widget\" data-e-type=\"widget\" data-widget_type=\"text-editor.default\">\n\t\t\t\t\t\t\t\t\t<p>The <strong>Women Entrepreneurs\u2019 Caf\u00e9<\/strong> is a friendly and inspiring initiative that encourages <strong>the sharing of experiences<\/strong> among women entrepreneurs, aspiring entrepreneurs, and those at the early stages of their journey.<\/p><p>This informal space allows participants to exchange about their paths, challenges, and successes, while building <strong>networks of solidarity and collaboration<\/strong>.<\/p><p>Women leaders from various sectors take part in these sessions to share their stories, inspire participants, and encourage them to persevere in their projects.<\/p><p>Highly appreciated by participants, these gatherings have become <strong>a regular forum for motivation and female mentorship<\/strong>, helping to strengthen sisterhood and the entrepreneurial spirit within the Women Success community.<\/p>\t\t\t\t\t\t\t\t<\/div>\n\t\t\t\t\t<\/div>\n\t\t\t\t<\/div>\n\t\t<div class=\"elementor-element elementor-element-2f31c4b e-flex e-con-boxed e-con e-parent\" data-id=\"2f31c4b\" data-element_type=\"container\" data-e-type=\"container\">\n\t\t\t\t\t<div class=\"e-con-inner\">\n\t\t\t\t<div class=\"elementor-element elementor-element-1b9c5fa elementor-widget elementor-widget-heading\" data-id=\"1b9c5fa\" data-element_type=\"widget\" data-e-type=\"widget\" data-widget_type=\"heading.default\">\n\t\t\t\t\t<h3 class=\"elementor-heading-title elementor-size-default\">Economic empowerment &amp; female leadership<\/h3>\t\t\t\t<\/div>\n\t\t<div class=\"elementor-element elementor-element-4702abf e-con-full e-flex e-con e-child\" data-id=\"4702abf\" data-element_type=\"container\" data-e-type=\"container\">\n\t\t<div class=\"elementor-element elementor-element-dd346d3 e-con-full e-flex elementor-invisible e-con e-child\" data-id=\"dd346d3\" data-element_type=\"container\" data-e-type=\"container\" data-settings=\"{&quot;animation&quot;:&quot;fadeInUp&quot;}\">\n\t\t\t\t<div class=\"elementor-element elementor-element-980d9ad elementor-widget elementor-widget-image\" data-id=\"980d9ad\" data-element_type=\"widget\" data-e-type=\"widget\" data-widget_type=\"image.default\">\n\t\t\t\t\t\t\t\t\t\t\t\t\t\t\t\t<a href=\"https:\/\/women-success.org\/en\/dian-koum-ko\/\">\n\t\t\t\t\t\t\t<img decoding=\"async\" src=\"https:\/\/women-success.org\/wp-content\/uploads\/elementor\/thumbs\/Couv-DIAN-KOUM-KO-Femmes-autonomes-communautes-fortes-rl3ar9i8uqhndw0kkgwfzew4yqn65hvvo1qtf73yow.jpg\" title=\"Couv-DIAN KOUM K\u00d6 Femmes autonomes, communaut\u00e9s fortes\" alt=\"Couv-DIAN KOUM K\u00d6 Femmes autonomes, communaut\u00e9s fortes\" class=\"elementor-animation-grow\" loading=\"lazy\" \/>\t\t\t\t\t\t\t\t<\/a>\n\t\t\t\t\t\t\t\t\t\t\t\t\t\t\t<\/div>\n\t\t\t\t<div class=\"elementor-element elementor-element-552585d elementor-widget elementor-widget-text-editor\" data-id=\"552585d\" data-element_type=\"widget\" data-e-type=\"widget\" data-widget_type=\"text-editor.default\">\n\t\t\t\t\t\t\t\t\t<p><a href=\"https:\/\/women-success.org\/en\/dian-koum-ko\/\">DIAN KOUM K\u00d6: Empowered Women, Strong Communities<\/a><\/p>\t\t\t\t\t\t\t\t<\/div>\n\t\t\t\t<\/div>\n\t\t<div class=\"elementor-element elementor-element-09e0960 e-con-full e-flex elementor-invisible e-con e-child\" data-id=\"09e0960\" data-element_type=\"container\" data-e-type=\"container\" data-settings=\"{&quot;animation&quot;:&quot;fadeInUp&quot;}\">\n\t\t\t\t<div class=\"elementor-element elementor-element-1957d8e elementor-widget elementor-widget-image\" data-id=\"1957d8e\" data-element_type=\"widget\" data-e-type=\"widget\" data-widget_type=\"image.default\">\n\t\t\t\t\t\t\t\t\t\t\t\t\t\t\t\t<a href=\"https:\/\/women-success.org\/en\/initiative-pour-lautonomie-economique-et-lepanouissement-des-femmes\/\">\n\t\t\t\t\t\t\t<img decoding=\"async\" src=\"https:\/\/women-success.org\/wp-content\/uploads\/elementor\/thumbs\/Couv-Initiative-pour-lautonomie-economique-et-lepanouissement-des-femmes-rl3b5pazu497q91j97l4s9q1gth5e47fziibt7p940.jpg\" title=\"Couv-Initiative pour l\u2019autonomie \u00e9conomique et l\u2019\u00e9panouissement des femmes\" alt=\"Couv-Initiative pour l\u2019autonomie \u00e9conomique et l\u2019\u00e9panouissement des femmes\" class=\"elementor-animation-grow\" loading=\"lazy\" \/>\t\t\t\t\t\t\t\t<\/a>\n\t\t\t\t\t\t\t\t\t\t\t\t\t\t\t<\/div>\n\t\t\t\t<div class=\"elementor-element elementor-element-0a2ecbc elementor-widget elementor-widget-text-editor\" data-id=\"0a2ecbc\" data-element_type=\"widget\" data-e-type=\"widget\" data-widget_type=\"text-editor.default\">\n\t\t\t\t\t\t\t\t\t<p><a href=\"\/en\/_wp_link_placeholder\/\" data-wplink-edit=\"true\">Initiative for Women\u2019s Economic Autonomy and Empowerment<\/a><\/p>\t\t\t\t\t\t\t\t<\/div>\n\t\t\t\t<\/div>\n\t\t<div class=\"elementor-element elementor-element-60a7baa e-con-full e-flex elementor-invisible e-con e-child\" data-id=\"60a7baa\" data-element_type=\"container\" data-e-type=\"container\" data-settings=\"{&quot;animation&quot;:&quot;fadeInUp&quot;}\">\n\t\t\t\t<div class=\"elementor-element elementor-element-5912441 elementor-widget elementor-widget-image\" data-id=\"5912441\" data-element_type=\"widget\" data-e-type=\"widget\" data-widget_type=\"image.default\">\n\t\t\t\t\t\t\t\t\t\t\t\t\t\t\t\t<a href=\"https:\/\/women-success.org\/en\/autonomisation-economique-des-femmes-a-travers-lentrepreneuriat-durable-a-gore\/\">\n\t\t\t\t\t\t\t<img decoding=\"async\" src=\"https:\/\/women-success.org\/wp-content\/uploads\/elementor\/thumbs\/Couv-Autonomisation-economique-des-femmes-a-travers-lentrepreneuriat-durable-a-Gore-rl3baehy0aots27rt8pz9310e6b7vmv4mrxq70qe00.jpg\" title=\"Couv-Autonomisation \u00e9conomique des femmes \u00e0 travers l\u2019entrepreneuriat durable \u00e0 Gor\u00e9\" alt=\"Couv-Autonomisation \u00e9conomique des femmes \u00e0 travers l\u2019entrepreneuriat durable \u00e0 Gor\u00e9\" class=\"elementor-animation-grow\" loading=\"lazy\" \/>\t\t\t\t\t\t\t\t<\/a>\n\t\t\t\t\t\t\t\t\t\t\t\t\t\t\t<\/div>\n\t\t\t\t<div class=\"elementor-element elementor-element-65d7a47 elementor-widget elementor-widget-text-editor\" data-id=\"65d7a47\" data-element_type=\"widget\" data-e-type=\"widget\" data-widget_type=\"text-editor.default\">\n\t\t\t\t\t\t\t\t\t<p><a href=\"https:\/\/women-success.org\/en\/autonomisation-economique-des-femmes-a-travers-lentrepreneuriat-durable-a-gore\/\">Women\u2019s Economic Empowerment Through Sustainable Entrepreneurship in Gor\u00e9<\/a><\/p>\t\t\t\t\t\t\t\t<\/div>\n\t\t\t\t<\/div>\n\t\t<div class=\"elementor-element elementor-element-12bfe2c e-con-full e-flex elementor-invisible e-con e-child\" data-id=\"12bfe2c\" data-element_type=\"container\" data-e-type=\"container\" data-settings=\"{&quot;animation&quot;:&quot;fadeInUp&quot;}\">\n\t\t\t\t<div class=\"elementor-element elementor-element-80ec818 elementor-widget elementor-widget-image\" data-id=\"80ec818\" data-element_type=\"widget\" data-e-type=\"widget\" data-widget_type=\"image.default\">\n\t\t\t\t\t\t\t\t\t\t\t\t\t\t\t\t<a href=\"https:\/\/women-success.org\/en\/programme-boost-entrepreneures\/\">\n\t\t\t\t\t\t\t<img decoding=\"async\" src=\"https:\/\/women-success.org\/wp-content\/uploads\/elementor\/thumbs\/Couv-Programme-Boost-Entrepreneures-rl3bm4jh8wqkkz6qct5gumiz46j0vqelwsuqo9cme8.jpg\" title=\"Couv-Programme Boost Entrepreneures\" alt=\"Couv-Programme Boost Entrepreneures\" class=\"elementor-animation-grow\" loading=\"lazy\" \/>\t\t\t\t\t\t\t\t<\/a>\n\t\t\t\t\t\t\t\t\t\t\t\t\t\t\t<\/div>\n\t\t\t\t<div class=\"elementor-element elementor-element-dcc680b elementor-widget elementor-widget-text-editor\" data-id=\"dcc680b\" data-element_type=\"widget\" data-e-type=\"widget\" data-widget_type=\"text-editor.default\">\n\t\t\t\t\t\t\t\t\t<p><a href=\"https:\/\/women-success.org\/en\/programme-boost-entrepreneures\/\">Programme Boost <br \/>Entrepreneures<\/a><\/p>\t\t\t\t\t\t\t\t<\/div>\n\t\t\t\t<\/div>\n\t\t\t\t<\/div>\n\t\t\t\t\t<\/div>\n\t\t\t\t<\/div>\n\t\t\t\t<\/div>","protected":false},"excerpt":{"rendered":"<p>Caf\u00e9 des entrepreneures Le Caf\u00e9 des entrepreneures est une initiative conviviale et inspirante qui favorise le partage d\u2019exp\u00e9riences entre femmes entrepreneures et aspirantes ou nouvelles entrepreneures. Ce cadre informel permet aux participantes d\u2019\u00e9changer sur leurs parcours, leurs d\u00e9fis et leurs r\u00e9ussites, tout en cr\u00e9ant des r\u00e9seaux de solidarit\u00e9 et de collaboration. Des femmes leaders issues [&hellip;]<\/p>\n","protected":false},"author":2,"featured_media":0,"parent":0,"menu_order":0,"comment_status":"closed","ping_status":"closed","template":"","meta":{"footnotes":""},"class_list":["post-1060","page","type-page","status-publish","hentry"],"_links":{"self":[{"href":"https:\/\/women-success.org\/en\/wp-json\/wp\/v2\/pages\/1060","targetHints":{"allow":["GET"]}}],"collection":[{"href":"https:\/\/women-success.org\/en\/wp-json\/wp\/v2\/pages"}],"about":[{"href":"https:\/\/women-success.org\/en\/wp-json\/wp\/v2\/types\/page"}],"author":[{"embeddable":true,"href":"https:\/\/women-success.org\/en\/wp-json\/wp\/v2\/users\/2"}],"replies":[{"embeddable":true,"href":"https:\/\/women-success.org\/en\/wp-json\/wp\/v2\/comments?post=1060"}],"version-history":[{"count":10,"href":"https:\/\/women-success.org\/en\/wp-json\/wp\/v2\/pages\/1060\/revisions"}],"predecessor-version":[{"id":1115,"href":"https:\/\/women-success.org\/en\/wp-json\/wp\/v2\/pages\/1060\/revisions\/1115"}],"wp:attachment":[{"href":"https:\/\/women-success.org\/en\/wp-json\/wp\/v2\/media?parent=1060"}],"curies":[{"name":"wp","href":"https:\/\/api.w.org\/{rel}","templated":true}]}}