{"id":1121,"date":"2026-03-26T21:38:12","date_gmt":"2026-03-26T21:38:12","guid":{"rendered":"https:\/\/women-success.org\/?page_id=1121"},"modified":"2026-03-26T21:44:42","modified_gmt":"2026-03-26T21:44:42","slug":"together-for-her","status":"publish","type":"page","link":"https:\/\/women-success.org\/en\/together-for-her\/","title":{"rendered":"Together for Her"},"content":{"rendered":"<div data-elementor-type=\"wp-page\" data-elementor-id=\"1121\" class=\"elementor elementor-1121\" data-elementor-post-type=\"page\">\n\t\t\t\t<div class=\"elementor-element elementor-element-c8accd6 e-flex e-con-boxed e-con e-parent\" data-id=\"c8accd6\" data-element_type=\"container\" data-e-type=\"container\" data-settings=\"{&quot;background_background&quot;:&quot;classic&quot;}\">\n\t\t\t\t\t<div class=\"e-con-inner\">\n\t\t\t\t<div class=\"elementor-element elementor-element-2bb35e9 elementor-widget elementor-widget-heading\" data-id=\"2bb35e9\" data-element_type=\"widget\" data-e-type=\"widget\" data-widget_type=\"heading.default\">\n\t\t\t\t\t<h1 class=\"elementor-heading-title elementor-size-default\">Together for Her<\/h1>\t\t\t\t<\/div>\n\t\t\t\t\t<\/div>\n\t\t\t\t<\/div>\n\t\t<div class=\"elementor-element elementor-element-ba8f796 e-flex e-con-boxed e-con e-parent\" data-id=\"ba8f796\" data-element_type=\"container\" data-e-type=\"container\">\n\t\t\t\t\t<div class=\"e-con-inner\">\n\t\t\t\t<div class=\"elementor-element elementor-element-e05c8ad elementor-widget elementor-widget-text-editor\" data-id=\"e05c8ad\" data-element_type=\"widget\" data-e-type=\"widget\" data-widget_type=\"text-editor.default\">\n\t\t\t\t\t\t\t\t\t<p>Since 2023, <strong>Together for Her<\/strong> has supported the schooling of girls from disadvantaged backgrounds in several localities across Chad. The program aims to remove the economic and social barriers to girls\u2019 education while strengthening the quality of the school environment.<\/p><p>To date, the project has enabled:<\/p>\t\t\t\t\t\t\t\t<\/div>\n\t\t\t\t<div class=\"elementor-element elementor-element-9929b36 elementor-widget elementor-widget-text-editor\" data-id=\"9929b36\" data-element_type=\"widget\" data-e-type=\"widget\" data-widget_type=\"text-editor.default\">\n\t\t\t\t\t\t\t\t\t<ul>\n \t<li>The enrollment of <strong>200 girls<\/strong> in public primary schools;<\/li>\n \t<li>The distribution of <strong>350 school kits<\/strong> and basic supplies;<\/li>\n \t<li><strong>Material support<\/strong> to <strong>three primary schools<\/strong> (textbooks, desks, educational equipment);<\/li>\n \t<li><strong>Coverage of school fees<\/strong> for <strong>18 girls<\/strong> at middle and high school levels.<\/li>\n<\/ul>\t\t\t\t\t\t\t\t<\/div>\n\t\t\t\t<div class=\"elementor-element elementor-element-3168366 elementor-widget elementor-widget-text-editor\" data-id=\"3168366\" data-element_type=\"widget\" data-e-type=\"widget\" data-widget_type=\"text-editor.default\">\n\t\t\t\t\t\t\t\t\t<p>As part of <strong>the International Day of Women and Girls in Science<\/strong>, <em>Women Success<\/em> also organizes <strong>educational visits<\/strong> to laboratories (such as CECOQDA) and <strong>technology hubs<\/strong>encouraging high school girls to pursue careers in scientific and digital fields.<\/p>\t\t\t\t\t\t\t\t<\/div>\n\t\t\t\t\t<\/div>\n\t\t\t\t<\/div>\n\t\t<div class=\"elementor-element elementor-element-8a10752 e-flex e-con-boxed e-con e-parent\" data-id=\"8a10752\" data-element_type=\"container\" data-e-type=\"container\">\n\t\t\t\t\t<div class=\"e-con-inner\">\n\t\t\t\t<div class=\"elementor-element elementor-element-ae9b235 elementor-widget elementor-widget-heading\" data-id=\"ae9b235\" data-element_type=\"widget\" data-e-type=\"widget\" data-widget_type=\"heading.default\">\n\t\t\t\t\t<h3 class=\"elementor-heading-title elementor-size-default\">Education &amp; Equal Opportunities<\/h3>\t\t\t\t<\/div>\n\t\t<div class=\"elementor-element elementor-element-9715097 e-con-full e-flex e-con e-child\" data-id=\"9715097\" data-element_type=\"container\" data-e-type=\"container\">\n\t\t<div class=\"elementor-element elementor-element-9a1fa8b e-con-full e-flex elementor-invisible e-con e-child\" data-id=\"9a1fa8b\" data-element_type=\"container\" data-e-type=\"container\" data-settings=\"{&quot;animation&quot;:&quot;fadeInUp&quot;}\">\n\t\t\t\t<div class=\"elementor-element elementor-element-331d9cc elementor-widget elementor-widget-image\" data-id=\"331d9cc\" data-element_type=\"widget\" data-e-type=\"widget\" data-widget_type=\"image.default\">\n\t\t\t\t\t\t\t\t\t\t\t\t\t\t\t\t<a href=\"https:\/\/women-success.org\/en\/programme-de-lutte-contre-la-precarite-menstruelle\/\">\n\t\t\t\t\t\t\t<img decoding=\"async\" src=\"https:\/\/women-success.org\/wp-content\/uploads\/elementor\/thumbs\/Couv-Programme-de-lutte-contre-la-precarite-menstruelle-rl3f975a985zjgsozgsmjjsx6ghm8ar59js7tb0aqo.jpg\" title=\"Couv-Programme de lutte contre la pr\u00e9carit\u00e9 menstruelle\" alt=\"Couv-Programme de lutte contre la pr\u00e9carit\u00e9 menstruelle\" class=\"elementor-animation-grow\" loading=\"lazy\" \/>\t\t\t\t\t\t\t\t<\/a>\n\t\t\t\t\t\t\t\t\t\t\t\t\t\t\t<\/div>\n\t\t\t\t<div class=\"elementor-element elementor-element-c9aaee3 elementor-widget elementor-widget-text-editor\" data-id=\"c9aaee3\" data-element_type=\"widget\" data-e-type=\"widget\" data-widget_type=\"text-editor.default\">\n\t\t\t\t\t\t\t\t\t<p><a href=\"https:\/\/women-success.org\/en\/programme-de-lutte-contre-la-precarite-menstruelle\/\">Programme de lutte<br \/>contre la pr\u00e9carit\u00e9 menstruelle<\/a><\/p>\t\t\t\t\t\t\t\t<\/div>\n\t\t\t\t<\/div>\n\t\t\t\t<\/div>\n\t\t\t\t\t<\/div>\n\t\t\t\t<\/div>\n\t\t\t\t<\/div>","protected":false},"excerpt":{"rendered":"<p>Together for Her Depuis 2023, Together for Her soutient la scolarisation des filles issues de milieux d\u00e9favoris\u00e9s dans plusieurs localit\u00e9s du Tchad. Le programme vise \u00e0 lever les obstacles \u00e9conomiques et sociaux \u00e0 l\u2019\u00e9ducation des filles tout en renfor\u00e7ant la qualit\u00e9 de l\u2019environnement scolaire. \u00c0 ce jour, le projet a permis : L\u2019inscription de 200 [&hellip;]<\/p>\n","protected":false},"author":2,"featured_media":0,"parent":0,"menu_order":0,"comment_status":"closed","ping_status":"closed","template":"","meta":{"footnotes":""},"class_list":["post-1121","page","type-page","status-publish","hentry"],"_links":{"self":[{"href":"https:\/\/women-success.org\/en\/wp-json\/wp\/v2\/pages\/1121","targetHints":{"allow":["GET"]}}],"collection":[{"href":"https:\/\/women-success.org\/en\/wp-json\/wp\/v2\/pages"}],"about":[{"href":"https:\/\/women-success.org\/en\/wp-json\/wp\/v2\/types\/page"}],"author":[{"embeddable":true,"href":"https:\/\/women-success.org\/en\/wp-json\/wp\/v2\/users\/2"}],"replies":[{"embeddable":true,"href":"https:\/\/women-success.org\/en\/wp-json\/wp\/v2\/comments?post=1121"}],"version-history":[{"count":10,"href":"https:\/\/women-success.org\/en\/wp-json\/wp\/v2\/pages\/1121\/revisions"}],"predecessor-version":[{"id":1147,"href":"https:\/\/women-success.org\/en\/wp-json\/wp\/v2\/pages\/1121\/revisions\/1147"}],"wp:attachment":[{"href":"https:\/\/women-success.org\/en\/wp-json\/wp\/v2\/media?parent=1121"}],"curies":[{"name":"wp","href":"https:\/\/api.w.org\/{rel}","templated":true}]}}