{"id":1122,"date":"2026-03-26T21:34:53","date_gmt":"2026-03-26T21:34:53","guid":{"rendered":"https:\/\/women-success.org\/?page_id=1122"},"modified":"2026-03-26T21:44:03","modified_gmt":"2026-03-26T21:44:03","slug":"programme-de-lutte-contre-la-precarite-menstruelle","status":"publish","type":"page","link":"https:\/\/women-success.org\/en\/programme-de-lutte-contre-la-precarite-menstruelle\/","title":{"rendered":"Menstrual Health and Dignity Program"},"content":{"rendered":"<div data-elementor-type=\"wp-page\" data-elementor-id=\"1122\" class=\"elementor elementor-1122\" data-elementor-post-type=\"page\">\n\t\t\t\t<div class=\"elementor-element elementor-element-30ca788 e-flex e-con-boxed e-con e-parent\" data-id=\"30ca788\" data-element_type=\"container\" data-e-type=\"container\" data-settings=\"{&quot;background_background&quot;:&quot;classic&quot;}\">\n\t\t\t\t\t<div class=\"e-con-inner\">\n\t\t\t\t<div class=\"elementor-element elementor-element-ce21a43 elementor-widget elementor-widget-heading\" data-id=\"ce21a43\" data-element_type=\"widget\" data-e-type=\"widget\" data-widget_type=\"heading.default\">\n\t\t\t\t\t<h1 class=\"elementor-heading-title elementor-size-default\">Menstrual Health and Dignity Program<\/h1>\t\t\t\t<\/div>\n\t\t\t\t\t<\/div>\n\t\t\t\t<\/div>\n\t\t<div class=\"elementor-element elementor-element-4b55a8e e-flex e-con-boxed e-con e-parent\" data-id=\"4b55a8e\" data-element_type=\"container\" data-e-type=\"container\">\n\t\t\t\t\t<div class=\"e-con-inner\">\n\t\t\t\t<div class=\"elementor-element elementor-element-e9d63b4 elementor-widget elementor-widget-text-editor\" data-id=\"e9d63b4\" data-element_type=\"widget\" data-e-type=\"widget\" data-widget_type=\"text-editor.default\">\n\t\t\t\t\t\t\t\t\t<p>Each year, <em>Women Success<\/em> carries out concrete actions to address menstrual poverty and promote menstrual health as a <strong>fundamental right to dignity and education.<\/strong>.<br \/>The organization regularly distributes <strong>reusable and disposable menstrual hygiene products<\/strong> in girls\u2019 high schools, such as <strong>Lyc\u00e9e F\u00e9minin<\/strong> and <strong>Lyc\u00e9e Assomption<\/strong>as well as in several <strong>co-educational schools.<\/strong>.<\/p><p>These interventions aim to break taboos surrounding menstruation, reduce school absenteeism linked to menstruation, and strengthen girls\u2019 confidence within their school environment.<\/p>\t\t\t\t\t\t\t\t<\/div>\n\t\t\t\t\t<\/div>\n\t\t\t\t<\/div>\n\t\t<div class=\"elementor-element elementor-element-229d370 e-flex e-con-boxed e-con e-parent\" data-id=\"229d370\" data-element_type=\"container\" data-e-type=\"container\">\n\t\t\t\t\t<div class=\"e-con-inner\">\n\t\t\t\t<div class=\"elementor-element elementor-element-5eb80f2 elementor-widget elementor-widget-heading\" data-id=\"5eb80f2\" data-element_type=\"widget\" data-e-type=\"widget\" data-widget_type=\"heading.default\">\n\t\t\t\t\t<h3 class=\"elementor-heading-title elementor-size-default\">Education &amp; Equal Opportunities<\/h3>\t\t\t\t<\/div>\n\t\t<div class=\"elementor-element elementor-element-bafe503 e-con-full e-flex e-con e-child\" data-id=\"bafe503\" data-element_type=\"container\" data-e-type=\"container\">\n\t\t<div class=\"elementor-element elementor-element-c66c17b e-con-full e-flex elementor-invisible e-con e-child\" data-id=\"c66c17b\" data-element_type=\"container\" data-e-type=\"container\" data-settings=\"{&quot;animation&quot;:&quot;fadeInUp&quot;}\">\n\t\t\t\t<div class=\"elementor-element elementor-element-bdc8bdd elementor-widget elementor-widget-image\" data-id=\"bdc8bdd\" data-element_type=\"widget\" data-e-type=\"widget\" data-widget_type=\"image.default\">\n\t\t\t\t\t\t\t\t\t\t\t\t\t\t\t\t<a href=\"https:\/\/women-success.org\/en\/together-for-her\/\">\n\t\t\t\t\t\t\t<img decoding=\"async\" src=\"https:\/\/women-success.org\/wp-content\/uploads\/elementor\/thumbs\/Couv-Together-for-her-rl3ff1p4s467s4autzt222o68rnu4hz0qhwzbac40w.jpg\" title=\"Couv-Together for her\" alt=\"Couv-Together for her\" class=\"elementor-animation-grow\" loading=\"lazy\" \/>\t\t\t\t\t\t\t\t<\/a>\n\t\t\t\t\t\t\t\t\t\t\t\t\t\t\t<\/div>\n\t\t\t\t<div class=\"elementor-element elementor-element-d94707b elementor-widget elementor-widget-text-editor\" data-id=\"d94707b\" data-element_type=\"widget\" data-e-type=\"widget\" data-widget_type=\"text-editor.default\">\n\t\t\t\t\t\t\t\t\t<p><a href=\"https:\/\/women-success.org\/en\/together-for-her\/\">Together for Her<\/a><\/p>\t\t\t\t\t\t\t\t<\/div>\n\t\t\t\t<\/div>\n\t\t\t\t<\/div>\n\t\t\t\t\t<\/div>\n\t\t\t\t<\/div>\n\t\t\t\t<\/div>","protected":false},"excerpt":{"rendered":"<p>Programme de lutte contre la pr\u00e9carit\u00e9 menstruelle Chaque ann\u00e9e, Women Success m\u00e8ne des actions concr\u00e8tes pour lutter contre la pr\u00e9carit\u00e9 menstruelle et promouvoir la sant\u00e9 menstruelle comme un droit fondamental \u00e0 la dignit\u00e9 et \u00e0 l\u2019\u00e9ducation.L\u2019association distribue r\u00e9guli\u00e8rement des protections hygi\u00e9niques r\u00e9utilisables et jetables dans les lyc\u00e9es f\u00e9minins tels que le Lyc\u00e9e F\u00e9minin et le [&hellip;]<\/p>\n","protected":false},"author":2,"featured_media":0,"parent":0,"menu_order":0,"comment_status":"closed","ping_status":"closed","template":"","meta":{"footnotes":""},"class_list":["post-1122","page","type-page","status-publish","hentry"],"_links":{"self":[{"href":"https:\/\/women-success.org\/en\/wp-json\/wp\/v2\/pages\/1122","targetHints":{"allow":["GET"]}}],"collection":[{"href":"https:\/\/women-success.org\/en\/wp-json\/wp\/v2\/pages"}],"about":[{"href":"https:\/\/women-success.org\/en\/wp-json\/wp\/v2\/types\/page"}],"author":[{"embeddable":true,"href":"https:\/\/women-success.org\/en\/wp-json\/wp\/v2\/users\/2"}],"replies":[{"embeddable":true,"href":"https:\/\/women-success.org\/en\/wp-json\/wp\/v2\/comments?post=1122"}],"version-history":[{"count":7,"href":"https:\/\/women-success.org\/en\/wp-json\/wp\/v2\/pages\/1122\/revisions"}],"predecessor-version":[{"id":1144,"href":"https:\/\/women-success.org\/en\/wp-json\/wp\/v2\/pages\/1122\/revisions\/1144"}],"wp:attachment":[{"href":"https:\/\/women-success.org\/en\/wp-json\/wp\/v2\/media?parent=1122"}],"curies":[{"name":"wp","href":"https:\/\/api.w.org\/{rel}","templated":true}]}}