{"id":1187,"date":"2026-04-02T14:56:55","date_gmt":"2026-04-02T14:56:55","guid":{"rendered":"https:\/\/women-success.org\/?page_id=1187"},"modified":"2026-04-02T15:10:01","modified_gmt":"2026-04-02T15:10:01","slug":"octobre-rose-pour-la-vie-pour-la-prevention","status":"publish","type":"page","link":"https:\/\/women-success.org\/en\/octobre-rose-pour-la-vie-pour-la-prevention\/","title":{"rendered":"Pink October: For Life, For Prevention"},"content":{"rendered":"<div data-elementor-type=\"wp-page\" data-elementor-id=\"1187\" class=\"elementor elementor-1187\" data-elementor-post-type=\"page\">\n\t\t\t\t<div class=\"elementor-element elementor-element-a36315f e-flex e-con-boxed e-con e-parent\" data-id=\"a36315f\" data-element_type=\"container\" data-e-type=\"container\" data-settings=\"{&quot;background_background&quot;:&quot;classic&quot;}\">\n\t\t\t\t\t<div class=\"e-con-inner\">\n\t\t\t\t<div class=\"elementor-element elementor-element-1fe4dda elementor-widget elementor-widget-heading\" data-id=\"1fe4dda\" data-element_type=\"widget\" data-e-type=\"widget\" data-widget_type=\"heading.default\">\n\t\t\t\t\t<h1 class=\"elementor-heading-title elementor-size-default\">Pink October: For Life, For Prevention<\/h1>\t\t\t\t<\/div>\n\t\t\t\t\t<\/div>\n\t\t\t\t<\/div>\n\t\t<div class=\"elementor-element elementor-element-ea1259d e-flex e-con-boxed e-con e-parent\" data-id=\"ea1259d\" data-element_type=\"container\" data-e-type=\"container\">\n\t\t\t\t\t<div class=\"e-con-inner\">\n\t\t\t\t<div class=\"elementor-element elementor-element-378c466 elementor-widget elementor-widget-text-editor\" data-id=\"378c466\" data-element_type=\"widget\" data-e-type=\"widget\" data-widget_type=\"text-editor.default\">\n\t\t\t\t\t\t\t\t\t<p>Since <strong>2021<\/strong>, <em>Women Success<\/em> has organized the annual <strong>Pink October<\/strong> campaign with dedication and careful planning.<\/p><p>Through <strong>awareness-raising campaigns, screening sessions, conferences, and solidarity marches<\/strong>, we mobilize communities in the fight against <strong>breast cancer<\/strong> and promote <strong>early detection<\/strong>.<\/p><p>Women Success\u2019s Pink October initiatives aim to:<\/p>\t\t\t\t\t\t\t\t<\/div>\n\t\t\t\t\t<\/div>\n\t\t\t\t<\/div>\n\t\t<div class=\"elementor-element elementor-element-ee7ddbe e-flex e-con-boxed e-con e-parent\" data-id=\"ee7ddbe\" data-element_type=\"container\" data-e-type=\"container\">\n\t\t\t\t\t<div class=\"e-con-inner\">\n\t\t\t\t<div class=\"elementor-element elementor-element-7794b3c elementor-widget elementor-widget-text-editor\" data-id=\"7794b3c\" data-element_type=\"widget\" data-e-type=\"widget\" data-widget_type=\"text-editor.default\">\n\t\t\t\t\t\t\t\t\t<ul><li>Raise awareness among women and girls about the importance of early screening;<\/li><li>Break taboos and dispel fears surrounding cancer;<\/li><li>Create spaces for dialogue between healthcare professionals, patients, and families;<\/li><li>Promote a culture of <strong>well-being and prevention.<\/strong>.<\/li><\/ul>\t\t\t\t\t\t\t\t<\/div>\n\t\t\t\t\t<\/div>\n\t\t\t\t<\/div>\n\t\t<div class=\"elementor-element elementor-element-cbd996f e-flex e-con-boxed e-con e-parent\" data-id=\"cbd996f\" data-element_type=\"container\" data-e-type=\"container\">\n\t\t\t\t\t<div class=\"e-con-inner\">\n\t\t\t\t<div class=\"elementor-element elementor-element-30bb2e7 elementor-widget elementor-widget-text-editor\" data-id=\"30bb2e7\" data-element_type=\"widget\" data-e-type=\"widget\" data-widget_type=\"text-editor.default\">\n\t\t\t\t\t\t\t\t\t<p>Each edition brings together <strong>hundreds of participants<\/strong> and stands as a powerful moment of <strong>women\u2019s solidarity and advocacy for women\u2019s health<\/strong> in Chad.<\/p>\t\t\t\t\t\t\t\t<\/div>\n\t\t\t\t\t<\/div>\n\t\t\t\t<\/div>\n\t\t<div class=\"elementor-element elementor-element-5fb6ea3 e-flex e-con-boxed e-con e-parent\" data-id=\"5fb6ea3\" data-element_type=\"container\" data-e-type=\"container\">\n\t\t\t\t\t<div class=\"e-con-inner\">\n\t\t\t\t<div class=\"elementor-element elementor-element-bfcc3dd elementor-widget elementor-widget-heading\" data-id=\"bfcc3dd\" data-element_type=\"widget\" data-e-type=\"widget\" data-widget_type=\"heading.default\">\n\t\t\t\t\t<h3 class=\"elementor-heading-title elementor-size-default\">Women\u2019s and Girls\u2019 Health &amp; Well-being<\/h3>\t\t\t\t<\/div>\n\t\t<div class=\"elementor-element elementor-element-4443556 e-con-full e-flex e-con e-child\" data-id=\"4443556\" data-element_type=\"container\" data-e-type=\"container\">\n\t\t<div class=\"elementor-element elementor-element-11f868c e-con-full e-flex elementor-invisible e-con e-child\" data-id=\"11f868c\" data-element_type=\"container\" data-e-type=\"container\" data-settings=\"{&quot;animation&quot;:&quot;fadeInUp&quot;}\">\n\t\t\t\t<div class=\"elementor-element elementor-element-95ef691 elementor-widget elementor-widget-image\" data-id=\"95ef691\" data-element_type=\"widget\" data-e-type=\"widget\" data-widget_type=\"image.default\">\n\t\t\t\t\t\t\t\t\t\t\t\t\t\t\t\t<a href=\"https:\/\/women-success.org\/en\/sante-sexuelle-et-reproductive-informer-pour-proteger\/\">\n\t\t\t\t\t\t\t<img decoding=\"async\" src=\"https:\/\/women-success.org\/wp-content\/uploads\/elementor\/thumbs\/Sante_et_bien-etre-min-scaled-rf8tdcugy75bskrko9dcszjewlnpyqqqf5xgf1hs2o.webp\" title=\"Sante_et_bien-etre-min\" alt=\"Sant\u00e9 et bien-\u00eatre des femmes et des filles\" class=\"elementor-animation-grow\" loading=\"lazy\" \/>\t\t\t\t\t\t\t\t<\/a>\n\t\t\t\t\t\t\t\t\t\t\t\t\t\t\t<\/div>\n\t\t\t\t<div class=\"elementor-element elementor-element-7467ca5 elementor-widget elementor-widget-text-editor\" data-id=\"7467ca5\" data-element_type=\"widget\" data-e-type=\"widget\" data-widget_type=\"text-editor.default\">\n\t\t\t\t\t\t\t\t\t<p><a href=\"https:\/\/women-success.org\/en\/sante-sexuelle-et-reproductive-informer-pour-proteger\/\">Sexual and Reproductive Health: Informing to Protect<\/a><\/p>\t\t\t\t\t\t\t\t<\/div>\n\t\t\t\t<\/div>\n\t\t\t\t<\/div>\n\t\t\t\t\t<\/div>\n\t\t\t\t<\/div>\n\t\t\t\t<\/div>","protected":false},"excerpt":{"rendered":"<p>Octobre Rose : pour la vie, pour la pr\u00e9vention Depuis 2021, Women Success organise chaque ann\u00e9e le mois d\u2019Octobre Rose avec engagement et minutie. \u00c0 travers des campagnes de sensibilisation, des s\u00e9ances de d\u00e9pistage, des conf\u00e9rences et des marches solidaires, nous mobilisons les communaut\u00e9s autour de la lutte contre le cancer du sein et encourageons [&hellip;]<\/p>\n","protected":false},"author":2,"featured_media":0,"parent":0,"menu_order":0,"comment_status":"closed","ping_status":"closed","template":"","meta":{"footnotes":""},"class_list":["post-1187","page","type-page","status-publish","hentry"],"_links":{"self":[{"href":"https:\/\/women-success.org\/en\/wp-json\/wp\/v2\/pages\/1187","targetHints":{"allow":["GET"]}}],"collection":[{"href":"https:\/\/women-success.org\/en\/wp-json\/wp\/v2\/pages"}],"about":[{"href":"https:\/\/women-success.org\/en\/wp-json\/wp\/v2\/types\/page"}],"author":[{"embeddable":true,"href":"https:\/\/women-success.org\/en\/wp-json\/wp\/v2\/users\/2"}],"replies":[{"embeddable":true,"href":"https:\/\/women-success.org\/en\/wp-json\/wp\/v2\/comments?post=1187"}],"version-history":[{"count":7,"href":"https:\/\/women-success.org\/en\/wp-json\/wp\/v2\/pages\/1187\/revisions"}],"predecessor-version":[{"id":1203,"href":"https:\/\/women-success.org\/en\/wp-json\/wp\/v2\/pages\/1187\/revisions\/1203"}],"wp:attachment":[{"href":"https:\/\/women-success.org\/en\/wp-json\/wp\/v2\/media?parent=1187"}],"curies":[{"name":"wp","href":"https:\/\/api.w.org\/{rel}","templated":true}]}}