{"id":1193,"date":"2026-04-02T14:59:43","date_gmt":"2026-04-02T14:59:43","guid":{"rendered":"https:\/\/women-success.org\/?page_id=1193"},"modified":"2026-04-02T15:09:35","modified_gmt":"2026-04-02T15:09:35","slug":"sante-sexuelle-et-reproductive-informer-pour-proteger","status":"publish","type":"page","link":"https:\/\/women-success.org\/en\/sante-sexuelle-et-reproductive-informer-pour-proteger\/","title":{"rendered":"Sexual and Reproductive Health: Informing to Protect"},"content":{"rendered":"<div data-elementor-type=\"wp-page\" data-elementor-id=\"1193\" class=\"elementor elementor-1193\" data-elementor-post-type=\"page\">\n\t\t\t\t<div class=\"elementor-element elementor-element-69d04e3 e-flex e-con-boxed e-con e-parent\" data-id=\"69d04e3\" data-element_type=\"container\" data-e-type=\"container\" data-settings=\"{&quot;background_background&quot;:&quot;classic&quot;}\">\n\t\t\t\t\t<div class=\"e-con-inner\">\n\t\t\t\t<div class=\"elementor-element elementor-element-a2bcf62 elementor-widget elementor-widget-heading\" data-id=\"a2bcf62\" data-element_type=\"widget\" data-e-type=\"widget\" data-widget_type=\"heading.default\">\n\t\t\t\t\t<h1 class=\"elementor-heading-title elementor-size-default\">Sexual and Reproductive Health: Informing to Protect<\/h1>\t\t\t\t<\/div>\n\t\t\t\t\t<\/div>\n\t\t\t\t<\/div>\n\t\t<div class=\"elementor-element elementor-element-a6f4281 e-flex e-con-boxed e-con e-parent\" data-id=\"a6f4281\" data-element_type=\"container\" data-e-type=\"container\">\n\t\t\t\t\t<div class=\"e-con-inner\">\n\t\t\t\t<div class=\"elementor-element elementor-element-3e8454b elementor-widget elementor-widget-text-editor\" data-id=\"3e8454b\" data-element_type=\"widget\" data-e-type=\"widget\" data-widget_type=\"text-editor.default\">\n\t\t\t\t\t\t\t\t\t<p>Aware of the challenges related to access to information on sexual and reproductive health <em>Women Success<\/em> conducts <strong>educational and community-based activities<\/strong> to strengthen young people\u2019s knowledge, particularly that of adolescent girls.<\/p><p>We organize <strong>tailored sexuality education sessions<\/strong>, <strong>discussions in schools<\/strong>churches, and neighborhoods as well as <strong>awareness-raising workshops<\/strong> on the following topics :<\/p>\t\t\t\t\t\t\t\t<\/div>\n\t\t\t\t\t<\/div>\n\t\t\t\t<\/div>\n\t\t<div class=\"elementor-element elementor-element-c85d632 e-flex e-con-boxed e-con e-parent\" data-id=\"c85d632\" data-element_type=\"container\" data-e-type=\"container\">\n\t\t\t\t\t<div class=\"e-con-inner\">\n\t\t\t\t<div class=\"elementor-element elementor-element-7469431 elementor-widget elementor-widget-text-editor\" data-id=\"7469431\" data-element_type=\"widget\" data-e-type=\"widget\" data-widget_type=\"text-editor.default\">\n\t\t\t\t\t\t\t\t\t<ul><li>Reproductive and menstrual health;<\/li><li>Prevention of early and unintended pregnancies;<\/li><li>Sexually transmitted infections (STIs);<\/li><li>Menstrual hygiene and management.<\/li><\/ul>\t\t\t\t\t\t\t\t<\/div>\n\t\t\t\t\t<\/div>\n\t\t\t\t<\/div>\n\t\t<div class=\"elementor-element elementor-element-50d48bd e-flex e-con-boxed e-con e-parent\" data-id=\"50d48bd\" data-element_type=\"container\" data-e-type=\"container\">\n\t\t\t\t\t<div class=\"e-con-inner\">\n\t\t\t\t<div class=\"elementor-element elementor-element-d4ce4d5 elementor-widget elementor-widget-text-editor\" data-id=\"d4ce4d5\" data-element_type=\"widget\" data-e-type=\"widget\" data-widget_type=\"text-editor.default\">\n\t\t\t\t\t\t\t\t\t<p>These actions contribute to building an <strong>informed, responsible, and confident generation<\/strong>, capable of making informed choices about their health and their future.<\/p>\t\t\t\t\t\t\t\t<\/div>\n\t\t\t\t\t<\/div>\n\t\t\t\t<\/div>\n\t\t<div class=\"elementor-element elementor-element-4a06925 e-flex e-con-boxed e-con e-parent\" data-id=\"4a06925\" data-element_type=\"container\" data-e-type=\"container\">\n\t\t\t\t\t<div class=\"e-con-inner\">\n\t\t\t\t<div class=\"elementor-element elementor-element-877d52f elementor-widget elementor-widget-heading\" data-id=\"877d52f\" data-element_type=\"widget\" data-e-type=\"widget\" data-widget_type=\"heading.default\">\n\t\t\t\t\t<h3 class=\"elementor-heading-title elementor-size-default\">Women\u2019s and Girls\u2019 Health &amp; Well-being<\/h3>\t\t\t\t<\/div>\n\t\t<div class=\"elementor-element elementor-element-242ae46 e-con-full e-flex e-con e-child\" data-id=\"242ae46\" data-element_type=\"container\" data-e-type=\"container\">\n\t\t<div class=\"elementor-element elementor-element-1c34b2a e-con-full e-flex elementor-invisible e-con e-child\" data-id=\"1c34b2a\" data-element_type=\"container\" data-e-type=\"container\" data-settings=\"{&quot;animation&quot;:&quot;fadeInUp&quot;}\">\n\t\t\t\t<div class=\"elementor-element elementor-element-4548124 elementor-widget elementor-widget-image\" data-id=\"4548124\" data-element_type=\"widget\" data-e-type=\"widget\" data-widget_type=\"image.default\">\n\t\t\t\t\t\t\t\t\t\t\t\t\t\t\t\t<a href=\"https:\/\/women-success.org\/en\/octobre-rose-pour-la-vie-pour-la-prevention\/\">\n\t\t\t\t\t\t\t<img decoding=\"async\" src=\"https:\/\/women-success.org\/wp-content\/uploads\/elementor\/thumbs\/Couv-Octobre-Rose-pour-la-vie-pour-la-prevention-rl3faoq32s7bx8mvalyczoa71f5jf1nugwyw62suw0.jpg\" title=\"Couv-Octobre Rose pour la vie, pour la pr\u00e9vention\" alt=\"Couv-Octobre Rose pour la vie, pour la pr\u00e9vention\" class=\"elementor-animation-grow\" loading=\"lazy\" \/>\t\t\t\t\t\t\t\t<\/a>\n\t\t\t\t\t\t\t\t\t\t\t\t\t\t\t<\/div>\n\t\t\t\t<div class=\"elementor-element elementor-element-d0b3658 elementor-widget elementor-widget-text-editor\" data-id=\"d0b3658\" data-element_type=\"widget\" data-e-type=\"widget\" data-widget_type=\"text-editor.default\">\n\t\t\t\t\t\t\t\t\t<p><a href=\"https:\/\/women-success.org\/en\/octobre-rose-pour-la-vie-pour-la-prevention\/\">Pink October: For Life, For Prevention<\/a><\/p>\t\t\t\t\t\t\t\t<\/div>\n\t\t\t\t<\/div>\n\t\t\t\t<\/div>\n\t\t\t\t\t<\/div>\n\t\t\t\t<\/div>\n\t\t\t\t<\/div>","protected":false},"excerpt":{"rendered":"<p>Sant\u00e9 sexuelle et reproductive : informer pour prot\u00e9ger Consciente des d\u00e9fis li\u00e9s \u00e0 l\u2019acc\u00e8s \u00e0 l\u2019information sur la sant\u00e9 sexuelle et reproductive, Women Success m\u00e8ne des activit\u00e9s \u00e9ducatives et communautaires pour renforcer les connaissances des jeunes, en particulier les adolescentes. Nous organisons des s\u00e9ances d\u2019\u00e9ducation sexuelle adapt\u00e9es, des discussions dans les \u00e9coles, \u00e9glises et quartiers [&hellip;]<\/p>\n","protected":false},"author":2,"featured_media":0,"parent":0,"menu_order":0,"comment_status":"closed","ping_status":"closed","template":"","meta":{"footnotes":""},"class_list":["post-1193","page","type-page","status-publish","hentry"],"_links":{"self":[{"href":"https:\/\/women-success.org\/en\/wp-json\/wp\/v2\/pages\/1193","targetHints":{"allow":["GET"]}}],"collection":[{"href":"https:\/\/women-success.org\/en\/wp-json\/wp\/v2\/pages"}],"about":[{"href":"https:\/\/women-success.org\/en\/wp-json\/wp\/v2\/types\/page"}],"author":[{"embeddable":true,"href":"https:\/\/women-success.org\/en\/wp-json\/wp\/v2\/users\/2"}],"replies":[{"embeddable":true,"href":"https:\/\/women-success.org\/en\/wp-json\/wp\/v2\/comments?post=1193"}],"version-history":[{"count":7,"href":"https:\/\/women-success.org\/en\/wp-json\/wp\/v2\/pages\/1193\/revisions"}],"predecessor-version":[{"id":1200,"href":"https:\/\/women-success.org\/en\/wp-json\/wp\/v2\/pages\/1193\/revisions\/1200"}],"wp:attachment":[{"href":"https:\/\/women-success.org\/en\/wp-json\/wp\/v2\/media?parent=1193"}],"curies":[{"name":"wp","href":"https:\/\/api.w.org\/{rel}","templated":true}]}}