{"id":12,"date":"2025-11-20T22:13:53","date_gmt":"2025-11-20T22:13:53","guid":{"rendered":"https:\/\/women-success.org\/?page_id=12"},"modified":"2026-03-13T18:48:13","modified_gmt":"2026-03-13T18:48:13","slug":"accueil","status":"publish","type":"page","link":"https:\/\/women-success.org\/en\/","title":{"rendered":"Home"},"content":{"rendered":"<div data-elementor-type=\"wp-page\" data-elementor-id=\"12\" class=\"elementor elementor-12\" data-elementor-post-type=\"page\">\n\t\t\t\t<div class=\"elementor-element elementor-element-308f6c6 e-flex e-con-boxed e-con e-parent\" data-id=\"308f6c6\" data-element_type=\"container\" data-e-type=\"container\" data-settings=\"{&quot;background_background&quot;:&quot;classic&quot;}\">\n\t\t\t\t\t<div class=\"e-con-inner\">\n\t\t<div class=\"elementor-element elementor-element-b1094dd e-con-full e-flex e-con e-child\" data-id=\"b1094dd\" data-element_type=\"container\" data-e-type=\"container\">\n\t\t\t\t<\/div>\n\t\t<div class=\"elementor-element elementor-element-b402b42 e-con-full e-flex e-con e-child\" data-id=\"b402b42\" data-element_type=\"container\" data-e-type=\"container\">\n\t\t\t\t<div class=\"elementor-element elementor-element-31b4119 elementor-invisible elementor-widget elementor-widget-text-editor\" data-id=\"31b4119\" data-element_type=\"widget\" data-e-type=\"widget\" data-settings=\"{&quot;_animation&quot;:&quot;zoomInRight&quot;,&quot;_animation_delay&quot;:500}\" data-widget_type=\"text-editor.default\">\n\t\t\t\t\t\t\t\t\t<p>Empowering women<br \/>transform communities<\/p>\t\t\t\t\t\t\t\t<\/div>\n\t\t\t\t<div class=\"elementor-element elementor-element-ca2d5ec elementor-align-right elementor-mobile-align-center elementor-invisible elementor-widget elementor-widget-button\" data-id=\"ca2d5ec\" data-element_type=\"widget\" data-e-type=\"widget\" data-settings=\"{&quot;_animation&quot;:&quot;fadeInRight&quot;,&quot;_animation_delay&quot;:700}\" data-widget_type=\"button.default\">\n\t\t\t\t\t\t\t\t\t\t<a class=\"elementor-button elementor-button-link elementor-size-sm elementor-animation-grow\" href=\"https:\/\/women-success.org\/en\/nos-initiatives\/\">\n\t\t\t\t\t\t<span class=\"elementor-button-content-wrapper\">\n\t\t\t\t\t\t\t\t\t<span class=\"elementor-button-text\">Discover our initiatives<\/span>\n\t\t\t\t\t<\/span>\n\t\t\t\t\t<\/a>\n\t\t\t\t\t\t\t\t<\/div>\n\t\t\t\t<\/div>\n\t\t\t\t\t<\/div>\n\t\t\t\t<\/div>\n\t\t<div class=\"elementor-element elementor-element-4ccac3c e-flex e-con-boxed e-con e-parent\" data-id=\"4ccac3c\" data-element_type=\"container\" data-e-type=\"container\" data-settings=\"{&quot;background_background&quot;:&quot;classic&quot;}\">\n\t\t\t\t\t<div class=\"e-con-inner\">\n\t\t\t\t<div class=\"elementor-element elementor-element-5314d56 elementor-widget elementor-widget-spacer\" data-id=\"5314d56\" data-element_type=\"widget\" data-e-type=\"widget\" data-widget_type=\"spacer.default\">\n\t\t\t\t\t\t\t<div class=\"elementor-spacer\">\n\t\t\t<div class=\"elementor-spacer-inner\"><\/div>\n\t\t<\/div>\n\t\t\t\t\t\t<\/div>\n\t\t\t\t<div class=\"elementor-element elementor-element-60600b8 elementor-widget elementor-widget-text-editor\" data-id=\"60600b8\" data-element_type=\"widget\" data-e-type=\"widget\" data-widget_type=\"text-editor.default\">\n\t\t\t\t\t\t\t\t\t<p><b>Women Success <\/b>est une organisation de femmes engag\u00e9e pour leur \u00e9mancipation. \u00c0 travers l\u2019\u00e9ducation, l\u2019autonomisation \u00e9conomique, le leadership f\u00e9minin et la lutte contre les violences bas\u00e9es sur le genre, nous \u0153uvrons pour que chacune puisse r\u00e9aliser son potentiel et contribuer pleinement au <b>d\u00e9veloppement de sa communaut\u00e9.<\/b><\/p><p>Nous croyons en un avenir o\u00f9 <b>chaque fille et chaque femme<\/b> peut vivre librement, en s\u00e9curit\u00e9, acc\u00e9der \u00e0 l\u2019\u00e9ducation et saisir les opportunit\u00e9s n\u00e9cessaires pour s\u2019\u00e9panouir dans une soci\u00e9t\u00e9 plus j<b>uste et plus \u00e9galitaire.<\/b><\/p>\t\t\t\t\t\t\t\t<\/div>\n\t\t\t\t<div class=\"elementor-element elementor-element-13f8dd9 elementor-widget elementor-widget-spacer\" data-id=\"13f8dd9\" data-element_type=\"widget\" data-e-type=\"widget\" data-widget_type=\"spacer.default\">\n\t\t\t\t\t\t\t<div class=\"elementor-spacer\">\n\t\t\t<div class=\"elementor-spacer-inner\"><\/div>\n\t\t<\/div>\n\t\t\t\t\t\t<\/div>\n\t\t\t\t\t<\/div>\n\t\t\t\t<\/div>\n\t\t<div class=\"elementor-element elementor-element-30ddfe8 e-flex e-con-boxed e-con e-parent\" data-id=\"30ddfe8\" data-element_type=\"container\" data-e-type=\"container\">\n\t\t\t\t\t<div class=\"e-con-inner\">\n\t\t\t\t<div class=\"elementor-element elementor-element-05f769c elementor-widget elementor-widget-heading\" data-id=\"05f769c\" data-element_type=\"widget\" data-e-type=\"widget\" data-widget_type=\"heading.default\">\n\t\t\t\t\t<h2 class=\"elementor-heading-title elementor-size-default\">Our Key Missions<\/h2>\t\t\t\t<\/div>\n\t\t<div class=\"elementor-element elementor-element-7b29c58 e-con-full e-flex e-con e-child\" data-id=\"7b29c58\" data-element_type=\"container\" data-e-type=\"container\">\n\t\t<div class=\"elementor-element elementor-element-715ef01 e-con-full e-flex elementor-invisible e-con e-child\" data-id=\"715ef01\" data-element_type=\"container\" data-e-type=\"container\" data-settings=\"{&quot;animation&quot;:&quot;fadeInUp&quot;}\">\n\t\t\t\t<div class=\"elementor-element elementor-element-6830265 elementor-widget elementor-widget-image\" data-id=\"6830265\" data-element_type=\"widget\" data-e-type=\"widget\" data-widget_type=\"image.default\">\n\t\t\t\t\t\t\t\t\t\t\t\t\t\t\t<img decoding=\"async\" src=\"https:\/\/women-success.org\/wp-content\/uploads\/elementor\/thumbs\/Mission-1-Promouvoir-l-entrepreneuriat-feminin-et-le-leadership-des-femmes-ri6rxiw9mpkxlxqzzdy53pme8wbar665eoudupkx28.webp\" title=\"Promote women\u2019s entrepreneurship and leadership.\" alt=\"Promouvoir l\u2019entrepreneuriat f\u00e9minin et le leadership des femmes.\" class=\"elementor-animation-grow\" loading=\"lazy\" \/>\t\t\t\t\t\t\t\t\t\t\t\t\t\t\t<\/div>\n\t\t\t\t<div class=\"elementor-element elementor-element-992e443 elementor-widget elementor-widget-text-editor\" data-id=\"992e443\" data-element_type=\"widget\" data-e-type=\"widget\" data-widget_type=\"text-editor.default\">\n\t\t\t\t\t\t\t\t\t<p>Promote women\u2019s entrepreneurship and leadership.<\/p>\t\t\t\t\t\t\t\t<\/div>\n\t\t\t\t<\/div>\n\t\t<div class=\"elementor-element elementor-element-828579d e-con-full e-flex elementor-invisible e-con e-child\" data-id=\"828579d\" data-element_type=\"container\" data-e-type=\"container\" data-settings=\"{&quot;animation&quot;:&quot;fadeInUp&quot;}\">\n\t\t\t\t<div class=\"elementor-element elementor-element-4f31621 elementor-widget elementor-widget-image\" data-id=\"4f31621\" data-element_type=\"widget\" data-e-type=\"widget\" data-widget_type=\"image.default\">\n\t\t\t\t\t\t\t\t\t\t\t\t\t\t\t<img decoding=\"async\" src=\"https:\/\/women-success.org\/wp-content\/uploads\/elementor\/thumbs\/Mission-2-Agir-pour-la-reduction-des-violences-basees-sur-le-genre-ri6sm75r15cwdfwqwjwl1zgzm0p5t54hstc8d6zvq8.webp\" title=\"Work to reduce gender-based violence.\" alt=\"Mission-2--Agir-pour-la-reduction-des-violences-basees-sur-le-genre\" class=\"elementor-animation-grow\" loading=\"lazy\" \/>\t\t\t\t\t\t\t\t\t\t\t\t\t\t\t<\/div>\n\t\t\t\t<div class=\"elementor-element elementor-element-c34e2c7 elementor-widget elementor-widget-text-editor\" data-id=\"c34e2c7\" data-element_type=\"widget\" data-e-type=\"widget\" data-widget_type=\"text-editor.default\">\n\t\t\t\t\t\t\t\t\t<p>Work to reduce gender-based violence.<\/p>\t\t\t\t\t\t\t\t<\/div>\n\t\t\t\t<\/div>\n\t\t<div class=\"elementor-element elementor-element-9cb4bc5 e-con-full e-flex elementor-invisible e-con e-child\" data-id=\"9cb4bc5\" data-element_type=\"container\" data-e-type=\"container\" data-settings=\"{&quot;animation&quot;:&quot;fadeInUp&quot;}\">\n\t\t\t\t<div class=\"elementor-element elementor-element-3374deb elementor-widget elementor-widget-image\" data-id=\"3374deb\" data-element_type=\"widget\" data-e-type=\"widget\" data-widget_type=\"image.default\">\n\t\t\t\t\t\t\t\t\t\t\t\t\t\t\t<img decoding=\"async\" src=\"https:\/\/women-success.org\/wp-content\/uploads\/elementor\/thumbs\/Mission-3-Promouvoir-l-egalite-des-sexes-et-vulgariser-les-droits-des-femmes-ri6smiftb5sc8rgd2os3vwmiqn5kdid9ud624ij5nk.webp\" title=\"Advance gender equality and promote women\u2019s rights.\" alt=\"Mission-3-Promouvoir-l-egalite-des-sexes-et-vulgariser-les-droits-des-femmes\" class=\"elementor-animation-grow\" loading=\"lazy\" \/>\t\t\t\t\t\t\t\t\t\t\t\t\t\t\t<\/div>\n\t\t\t\t<div class=\"elementor-element elementor-element-0669725 elementor-widget elementor-widget-text-editor\" data-id=\"0669725\" data-element_type=\"widget\" data-e-type=\"widget\" data-widget_type=\"text-editor.default\">\n\t\t\t\t\t\t\t\t\t<p>Advance gender equality and promote women\u2019s rights.<\/p>\t\t\t\t\t\t\t\t<\/div>\n\t\t\t\t<\/div>\n\t\t<div class=\"elementor-element elementor-element-aee3d7a e-con-full e-flex elementor-invisible e-con e-child\" data-id=\"aee3d7a\" data-element_type=\"container\" data-e-type=\"container\" data-settings=\"{&quot;animation&quot;:&quot;fadeInUp&quot;}\">\n\t\t\t\t<div class=\"elementor-element elementor-element-4cd47a0 elementor-widget elementor-widget-image\" data-id=\"4cd47a0\" data-element_type=\"widget\" data-e-type=\"widget\" data-widget_type=\"image.default\">\n\t\t\t\t\t\t\t\t\t\t\t\t\t\t\t<img decoding=\"async\" src=\"https:\/\/women-success.org\/wp-content\/uploads\/elementor\/thumbs\/Mission-4-Favoriser-la-sante-et-le-bien-etre-des-femmes-et-des-filles-ri6smwje5obn2wvvscvifb2fnf82kyx8waycbny928.webp\" title=\"Support women\u2019s health and well-being.\" alt=\"Mission-4-Favoriser-la-sante-et-le-bien-etre-des-femmes-et-des-filles\" class=\"elementor-animation-grow\" loading=\"lazy\" \/>\t\t\t\t\t\t\t\t\t\t\t\t\t\t\t<\/div>\n\t\t\t\t<div class=\"elementor-element elementor-element-701c735 elementor-widget elementor-widget-text-editor\" data-id=\"701c735\" data-element_type=\"widget\" data-e-type=\"widget\" data-widget_type=\"text-editor.default\">\n\t\t\t\t\t\t\t\t\t<p>Support women\u2019s health and well-being.<\/p>\t\t\t\t\t\t\t\t<\/div>\n\t\t\t\t<\/div>\n\t\t\t\t<\/div>\n\t\t<div class=\"elementor-element elementor-element-e33c00a e-con-full e-flex e-con e-child\" data-id=\"e33c00a\" data-element_type=\"container\" data-e-type=\"container\">\n\t\t<div class=\"elementor-element elementor-element-87bde9d e-con-full e-flex elementor-invisible e-con e-child\" data-id=\"87bde9d\" data-element_type=\"container\" data-e-type=\"container\" data-settings=\"{&quot;animation&quot;:&quot;fadeInUp&quot;}\">\n\t\t\t\t<div class=\"elementor-element elementor-element-ef28b7e elementor-widget elementor-widget-image\" data-id=\"ef28b7e\" data-element_type=\"widget\" data-e-type=\"widget\" data-widget_type=\"image.default\">\n\t\t\t\t\t\t\t\t\t\t\t\t\t\t\t<img decoding=\"async\" src=\"https:\/\/women-success.org\/wp-content\/uploads\/elementor\/thumbs\/Mission-Education-ri8ng8ld0b1mw903bkrmhtv42pmutixp9ltxxbjckg.jpg\" title=\"Encourage and support girls\u2019 education.\" alt=\"Mission-Education\" class=\"elementor-animation-grow\" loading=\"lazy\" \/>\t\t\t\t\t\t\t\t\t\t\t\t\t\t\t<\/div>\n\t\t\t\t<div class=\"elementor-element elementor-element-6a71581 elementor-widget elementor-widget-text-editor\" data-id=\"6a71581\" data-element_type=\"widget\" data-e-type=\"widget\" data-widget_type=\"text-editor.default\">\n\t\t\t\t\t\t\t\t\t<p>Encourage and support girls\u2019 education.<\/p>\t\t\t\t\t\t\t\t<\/div>\n\t\t\t\t<\/div>\n\t\t<div class=\"elementor-element elementor-element-c06e8b9 e-con-full e-flex elementor-invisible e-con e-child\" data-id=\"c06e8b9\" data-element_type=\"container\" data-e-type=\"container\" data-settings=\"{&quot;animation&quot;:&quot;fadeInUp&quot;}\">\n\t\t\t\t<div class=\"elementor-element elementor-element-ae61616 elementor-widget elementor-widget-image\" data-id=\"ae61616\" data-element_type=\"widget\" data-e-type=\"widget\" data-widget_type=\"image.default\">\n\t\t\t\t\t\t\t\t\t\t\t\t\t\t\t<img decoding=\"async\" src=\"https:\/\/women-success.org\/wp-content\/uploads\/elementor\/thumbs\/Mission-6-Offrir-des-appuis-techniques-et-financiers-aux-organisations-feminines-ri6u0p1m6qhg3ak61dp208qgh7t1brlder1aic4hgg.webp\" title=\"Provide technical and financial assistance to women\u2019s organizations.\" alt=\"Offrir des appuis techniques et financiers aux organisations f\u00e9minines.\" class=\"elementor-animation-grow\" loading=\"lazy\" \/>\t\t\t\t\t\t\t\t\t\t\t\t\t\t\t<\/div>\n\t\t\t\t<div class=\"elementor-element elementor-element-c2edb3b elementor-widget elementor-widget-text-editor\" data-id=\"c2edb3b\" data-element_type=\"widget\" data-e-type=\"widget\" data-widget_type=\"text-editor.default\">\n\t\t\t\t\t\t\t\t\t<p>Provide technical and financial assistance to women\u2019s organizations.<\/p>\t\t\t\t\t\t\t\t<\/div>\n\t\t\t\t<\/div>\n\t\t<div class=\"elementor-element elementor-element-ab4d7e3 e-con-full e-flex elementor-invisible e-con e-child\" data-id=\"ab4d7e3\" data-element_type=\"container\" data-e-type=\"container\" data-settings=\"{&quot;animation&quot;:&quot;fadeInUp&quot;}\">\n\t\t\t\t<div class=\"elementor-element elementor-element-d5b64fa elementor-widget elementor-widget-image\" data-id=\"d5b64fa\" data-element_type=\"widget\" data-e-type=\"widget\" data-widget_type=\"image.default\">\n\t\t\t\t\t\t\t\t\t\t\t\t\t\t\t<img decoding=\"async\" src=\"https:\/\/women-success.org\/wp-content\/uploads\/elementor\/thumbs\/Mission-7-Celebrer-les-femmes-inspirantes-a-travers-des-initiatives-valorisantes-ri6u22v28ydn6mjsyh8a6e5vymzhnq359lm0y02mao.webp\" title=\"Celebrate inspiring women through impactful initiatives.\" alt=\"C\u00e9l\u00e9brer les femmes inspirantes \u00e0 travers des initiatives valorisantes.\" class=\"elementor-animation-grow\" loading=\"lazy\" \/>\t\t\t\t\t\t\t\t\t\t\t\t\t\t\t<\/div>\n\t\t\t\t<div class=\"elementor-element elementor-element-499e83c elementor-widget elementor-widget-text-editor\" data-id=\"499e83c\" data-element_type=\"widget\" data-e-type=\"widget\" data-widget_type=\"text-editor.default\">\n\t\t\t\t\t\t\t\t\t<p>Celebrate inspiring women through impactful initiatives.<\/p>\t\t\t\t\t\t\t\t<\/div>\n\t\t\t\t<\/div>\n\t\t\t\t<\/div>\n\t\t\t\t\t<\/div>\n\t\t\t\t<\/div>\n\t\t<div class=\"elementor-element elementor-element-8ef07d9 e-con-full e-flex e-con e-parent\" data-id=\"8ef07d9\" data-element_type=\"container\" data-e-type=\"container\">\n\t\t\t\t<div class=\"elementor-element elementor-element-9f004ef elementor-invisible elementor-widget elementor-widget-heading\" data-id=\"9f004ef\" data-element_type=\"widget\" data-e-type=\"widget\" data-settings=\"{&quot;_animation&quot;:&quot;fadeIn&quot;}\" data-widget_type=\"heading.default\">\n\t\t\t\t\t<h2 class=\"elementor-heading-title elementor-size-default\">Our Actions on the Ground<\/h2>\t\t\t\t<\/div>\n\t\t\t\t<div class=\"elementor-element elementor-element-a28a3d7 animated-fast carousel-women-success elementor-pagination-position-outside elementor-invisible elementor-widget elementor-widget-image-carousel\" data-id=\"a28a3d7\" data-element_type=\"widget\" data-e-type=\"widget\" data-settings=\"{&quot;slides_to_show&quot;:&quot;3&quot;,&quot;slides_to_show_tablet&quot;:&quot;2&quot;,&quot;slides_to_show_mobile&quot;:&quot;1&quot;,&quot;navigation&quot;:&quot;dots&quot;,&quot;autoplay_speed&quot;:2500,&quot;_animation&quot;:&quot;fadeInUp&quot;,&quot;_animation_delay&quot;:150,&quot;autoplay&quot;:&quot;yes&quot;,&quot;pause_on_hover&quot;:&quot;yes&quot;,&quot;pause_on_interaction&quot;:&quot;yes&quot;,&quot;infinite&quot;:&quot;yes&quot;,&quot;speed&quot;:500}\" data-widget_type=\"image-carousel.default\">\n\t\t\t\t\t\t\t<div class=\"elementor-image-carousel-wrapper swiper\" role=\"region\" aria-roledescription=\"carousel\" aria-label=\"Image Carousel\" dir=\"ltr\">\n\t\t\t<div class=\"elementor-image-carousel swiper-wrapper\" aria-live=\"off\">\n\t\t\t\t\t\t\t\t<div class=\"swiper-slide\" role=\"group\" aria-roledescription=\"slide\" aria-label=\"1 sur 8\"><figure class=\"swiper-slide-inner\"><img decoding=\"async\" class=\"swiper-slide-image\" src=\"https:\/\/women-success.org\/wp-content\/uploads\/2026\/01\/1R9A0686-02-1024x576.jpg\" alt=\"1R9A0686-02\" \/><\/figure><\/div><div class=\"swiper-slide\" role=\"group\" aria-roledescription=\"slide\" aria-label=\"2 sur 8\"><figure class=\"swiper-slide-inner\"><img decoding=\"async\" class=\"swiper-slide-image\" src=\"https:\/\/women-success.org\/wp-content\/uploads\/2026\/01\/DSC00767-1024x576.jpg\" alt=\"DSC00767\" \/><\/figure><\/div><div class=\"swiper-slide\" role=\"group\" aria-roledescription=\"slide\" aria-label=\"3 sur 8\"><figure class=\"swiper-slide-inner\"><img decoding=\"async\" class=\"swiper-slide-image\" src=\"https:\/\/women-success.org\/wp-content\/uploads\/2026\/01\/DSC00843-1024x576.jpg\" alt=\"DSC00843\" \/><\/figure><\/div><div class=\"swiper-slide\" role=\"group\" aria-roledescription=\"slide\" aria-label=\"4 sur 8\"><figure class=\"swiper-slide-inner\"><img decoding=\"async\" class=\"swiper-slide-image\" src=\"https:\/\/women-success.org\/wp-content\/uploads\/2026\/01\/DSC01009-1024x576.jpg\" alt=\"DSC01009\" \/><\/figure><\/div><div class=\"swiper-slide\" role=\"group\" aria-roledescription=\"slide\" aria-label=\"5 sur 8\"><figure class=\"swiper-slide-inner\"><img decoding=\"async\" class=\"swiper-slide-image\" src=\"https:\/\/women-success.org\/wp-content\/uploads\/2026\/01\/Education-des-filles-Causerie-educative-1024x576.jpg\" alt=\"Education-des-filles-Causerie-educative\" \/><\/figure><\/div><div class=\"swiper-slide\" role=\"group\" aria-roledescription=\"slide\" aria-label=\"6 sur 8\"><figure class=\"swiper-slide-inner\"><img decoding=\"async\" class=\"swiper-slide-image\" src=\"https:\/\/women-success.org\/wp-content\/uploads\/2026\/01\/Education-des-filles-journee-femmes-et-filles-de-sciences-2-1024x576.jpg\" alt=\"Education-des-filles--journee-femmes-et-filles-de-sciences-2\" \/><\/figure><\/div><div class=\"swiper-slide\" role=\"group\" aria-roledescription=\"slide\" aria-label=\"7 sur 8\"><figure class=\"swiper-slide-inner\"><img decoding=\"async\" class=\"swiper-slide-image\" src=\"https:\/\/women-success.org\/wp-content\/uploads\/2026\/01\/Forum-Formation-resto-2-1024x576.jpg\" alt=\"Forum-Formation-resto-2\" \/><\/figure><\/div><div class=\"swiper-slide\" role=\"group\" aria-roledescription=\"slide\" aria-label=\"8 sur 8\"><figure class=\"swiper-slide-inner\"><img decoding=\"async\" class=\"swiper-slide-image\" src=\"https:\/\/women-success.org\/wp-content\/uploads\/2026\/01\/IMG-20260111-WA0936-1024x576.jpg\" alt=\"IMG-20260111-WA0936\" \/><\/figure><\/div>\t\t\t<\/div>\n\t\t\t\t\t\t\t\n\t\t\t\t\t\t\t\t\t<div class=\"swiper-pagination\"><\/div>\n\t\t\t\t\t\t\t\t\t<\/div>\n\t\t\t\t\t\t<\/div>\n\t\t\t\t<\/div>\n\t\t<div class=\"elementor-element elementor-element-13ec944 e-con-full e-flex e-con e-parent\" data-id=\"13ec944\" data-element_type=\"container\" data-e-type=\"container\" data-settings=\"{&quot;background_background&quot;:&quot;classic&quot;}\">\n\t\t<div class=\"elementor-element elementor-element-32ea9fc e-con-full e-flex e-con e-child\" data-id=\"32ea9fc\" data-element_type=\"container\" data-e-type=\"container\">\n\t\t\t\t<\/div>\n\t\t<div class=\"elementor-element elementor-element-39f45aa e-flex e-con-boxed e-con e-child\" data-id=\"39f45aa\" data-element_type=\"container\" data-e-type=\"container\" data-settings=\"{&quot;background_background&quot;:&quot;classic&quot;}\">\n\t\t\t\t\t<div class=\"e-con-inner\">\n\t\t\t\t<div class=\"elementor-element elementor-element-d77626b elementor-invisible elementor-widget elementor-widget-heading\" data-id=\"d77626b\" data-element_type=\"widget\" data-e-type=\"widget\" data-settings=\"{&quot;_animation&quot;:&quot;fadeIn&quot;}\" data-widget_type=\"heading.default\">\n\t\t\t\t\t<h2 class=\"elementor-heading-title elementor-size-default\">Discover<\/h2>\t\t\t\t<\/div>\n\t\t\t\t<div class=\"elementor-element elementor-element-4aedb04 elementor-invisible elementor-widget elementor-widget-heading\" data-id=\"4aedb04\" data-element_type=\"widget\" data-e-type=\"widget\" data-settings=\"{&quot;_animation&quot;:&quot;fadeIn&quot;,&quot;_animation_delay&quot;:50}\" data-widget_type=\"heading.default\">\n\t\t\t\t\t<h2 class=\"elementor-heading-title elementor-size-default\">Our Initiatives<\/h2>\t\t\t\t<\/div>\n\t\t\t\t<div class=\"elementor-element elementor-element-a413a4a elementor-widget elementor-widget-text-editor\" data-id=\"a413a4a\" data-element_type=\"widget\" data-e-type=\"widget\" data-widget_type=\"text-editor.default\">\n\t\t\t\t\t\t\t\t\t<p>Through its initiatives, <strong>Women Success<\/strong> empowers women economically, combats gender-based violence, promotes gender equality, and strengthens female leadership.<\/p><p>We also work to improve the health and well-being of women and girls, while supporting their education and active participation in social and economic life.<\/p><p>Explore our projects, campaigns, and meet the women who are driving positive change within their communities.<\/p>\t\t\t\t\t\t\t\t<\/div>\n\t\t\t\t<div class=\"elementor-element elementor-element-79f8d25 elementor-align-center elementor-invisible elementor-widget elementor-widget-button\" data-id=\"79f8d25\" data-element_type=\"widget\" data-e-type=\"widget\" data-settings=\"{&quot;_animation&quot;:&quot;fadeInRight&quot;,&quot;_animation_delay&quot;:100}\" data-widget_type=\"button.default\">\n\t\t\t\t\t\t\t\t\t\t<a class=\"elementor-button elementor-button-link elementor-size-sm elementor-animation-grow\" href=\"https:\/\/women-success.org\/en\/nos-initiatives\/\">\n\t\t\t\t\t\t<span class=\"elementor-button-content-wrapper\">\n\t\t\t\t\t\t\t\t\t<span class=\"elementor-button-text\">Discover our initiatives<\/span>\n\t\t\t\t\t<\/span>\n\t\t\t\t\t<\/a>\n\t\t\t\t\t\t\t\t<\/div>\n\t\t\t\t\t<\/div>\n\t\t\t\t<\/div>\n\t\t\t\t<\/div>\n\t\t<div class=\"elementor-element elementor-element-e712eb1 e-flex e-con-boxed e-con e-parent\" data-id=\"e712eb1\" data-element_type=\"container\" data-e-type=\"container\">\n\t\t\t\t\t<div class=\"e-con-inner\">\n\t\t\t\t<div class=\"elementor-element elementor-element-8bb0fdb elementor-widget elementor-widget-spacer\" data-id=\"8bb0fdb\" data-element_type=\"widget\" data-e-type=\"widget\" data-widget_type=\"spacer.default\">\n\t\t\t\t\t\t\t<div class=\"elementor-spacer\">\n\t\t\t<div class=\"elementor-spacer-inner\"><\/div>\n\t\t<\/div>\n\t\t\t\t\t\t<\/div>\n\t\t\t\t\t<\/div>\n\t\t\t\t<\/div>\n\t\t<div class=\"elementor-element elementor-element-a08cd7e e-con-full e-flex e-con e-parent\" data-id=\"a08cd7e\" data-element_type=\"container\" data-e-type=\"container\" data-settings=\"{&quot;background_background&quot;:&quot;classic&quot;}\">\n\t\t\t\t<div class=\"elementor-element elementor-element-175c735 elementor-invisible elementor-widget elementor-widget-heading\" data-id=\"175c735\" data-element_type=\"widget\" data-e-type=\"widget\" data-settings=\"{&quot;_animation&quot;:&quot;fadeIn&quot;}\" data-widget_type=\"heading.default\">\n\t\t\t\t\t<h5 class=\"elementor-heading-title elementor-size-default\">Nos partenaires<\/h5>\t\t\t\t<\/div>\n\t\t<div class=\"elementor-element elementor-element-bd30901 e-flex e-con-boxed e-con e-child\" data-id=\"bd30901\" data-element_type=\"container\" data-e-type=\"container\">\n\t\t\t\t\t<div class=\"e-con-inner\">\n\t\t\t\t<div class=\"elementor-element elementor-element-544dd1b elementor-widget elementor-widget-image\" data-id=\"544dd1b\" data-element_type=\"widget\" data-e-type=\"widget\" data-widget_type=\"image.default\">\n\t\t\t\t\t\t\t\t\t\t\t\t\t\t\t<img decoding=\"async\" src=\"https:\/\/women-success.org\/wp-content\/uploads\/elementor\/thumbs\/FAE_blockmark_HD-rk13cqn18jaik2of6bvoo34hfkufpwf067vjp3jkcw.png\" title=\"FAE_blockmark_HD\" alt=\"FAE_blockmark_HD\" loading=\"lazy\" \/>\t\t\t\t\t\t\t\t\t\t\t\t\t\t\t<\/div>\n\t\t\t\t<div class=\"elementor-element elementor-element-69ae489 elementor-widget elementor-widget-image\" data-id=\"69ae489\" data-element_type=\"widget\" data-e-type=\"widget\" data-widget_type=\"image.default\">\n\t\t\t\t\t\t\t\t\t\t\t\t\t\t\t<img decoding=\"async\" src=\"https:\/\/women-success.org\/wp-content\/uploads\/elementor\/thumbs\/PC-logo-rk13en993fwg3lwr1njg83t4spg8bszernhzqaptuk.png\" title=\"PC-logo\" alt=\"PC-logo\" loading=\"lazy\" \/>\t\t\t\t\t\t\t\t\t\t\t\t\t\t\t<\/div>\n\t\t\t\t<div class=\"elementor-element elementor-element-1c567ec elementor-widget elementor-widget-image\" data-id=\"1c567ec\" data-element_type=\"widget\" data-e-type=\"widget\" data-widget_type=\"image.default\">\n\t\t\t\t\t\t\t\t\t\t\t\t\t\t\t<img decoding=\"async\" src=\"https:\/\/women-success.org\/wp-content\/uploads\/elementor\/thumbs\/Projet-Feministe-logo-rk13f620w4m6jt5fzvnzlz2coevklr21i8jpbtxyas.png\" title=\"Projet-Feministe-logo\" alt=\"Projet-Feministe-logo\" loading=\"lazy\" \/>\t\t\t\t\t\t\t\t\t\t\t\t\t\t\t<\/div>\n\t\t\t\t<div class=\"elementor-element elementor-element-3b497b1 elementor-widget elementor-widget-image\" data-id=\"3b497b1\" data-element_type=\"widget\" data-e-type=\"widget\" data-widget_type=\"image.default\">\n\t\t\t\t\t\t\t\t\t\t\t\t\t\t\t<img decoding=\"async\" src=\"https:\/\/women-success.org\/wp-content\/uploads\/elementor\/thumbs\/dhl-logo-rkd3nvyyp02gv0c5bl3yms3mtw2i0p1akne9wbwpn4.png\" title=\"dhl-logo\" alt=\"dhl-logo\" loading=\"lazy\" \/>\t\t\t\t\t\t\t\t\t\t\t\t\t\t\t<\/div>\n\t\t\t\t\t<\/div>\n\t\t\t\t<\/div>\n\t\t\t\t<\/div>\n\t\t\t\t<\/div>","protected":false},"excerpt":{"rendered":"<p>Autonomiser les femmes,transformer les communaut\u00e9s. D\u00e9couvrez nos initiatives Women Success est une organisation de femmes engag\u00e9e pour leur \u00e9mancipation. \u00c0 travers l\u2019\u00e9ducation, l\u2019autonomisation \u00e9conomique, le leadership f\u00e9minin et la lutte contre les violences bas\u00e9es sur le genre, nous \u0153uvrons pour que chacune puisse r\u00e9aliser son potentiel et contribuer pleinement au d\u00e9veloppement de sa communaut\u00e9. Nous [&hellip;]<\/p>\n","protected":false},"author":2,"featured_media":77,"parent":0,"menu_order":0,"comment_status":"closed","ping_status":"closed","template":"","meta":{"footnotes":""},"class_list":["post-12","page","type-page","status-publish","has-post-thumbnail","hentry"],"_links":{"self":[{"href":"https:\/\/women-success.org\/en\/wp-json\/wp\/v2\/pages\/12","targetHints":{"allow":["GET"]}}],"collection":[{"href":"https:\/\/women-success.org\/en\/wp-json\/wp\/v2\/pages"}],"about":[{"href":"https:\/\/women-success.org\/en\/wp-json\/wp\/v2\/types\/page"}],"author":[{"embeddable":true,"href":"https:\/\/women-success.org\/en\/wp-json\/wp\/v2\/users\/2"}],"replies":[{"embeddable":true,"href":"https:\/\/women-success.org\/en\/wp-json\/wp\/v2\/comments?post=12"}],"version-history":[{"count":274,"href":"https:\/\/women-success.org\/en\/wp-json\/wp\/v2\/pages\/12\/revisions"}],"predecessor-version":[{"id":1023,"href":"https:\/\/women-success.org\/en\/wp-json\/wp\/v2\/pages\/12\/revisions\/1023"}],"wp:featuredmedia":[{"embeddable":true,"href":"https:\/\/women-success.org\/en\/wp-json\/wp\/v2\/media\/77"}],"wp:attachment":[{"href":"https:\/\/women-success.org\/en\/wp-json\/wp\/v2\/media?parent=12"}],"curies":[{"name":"wp","href":"https:\/\/api.w.org\/{rel}","templated":true}]}}