{"id":1212,"date":"2026-04-22T20:31:26","date_gmt":"2026-04-22T20:31:26","guid":{"rendered":"https:\/\/women-success.org\/?page_id=1212"},"modified":"2026-04-22T20:45:35","modified_gmt":"2026-04-22T20:45:35","slug":"clubs-des-heroines-contre-les-vbg","status":"publish","type":"page","link":"https:\/\/women-success.org\/en\/clubs-des-heroines-contre-les-vbg\/","title":{"rendered":"Heroines Clubs Against Gender-Based Violence"},"content":{"rendered":"<div data-elementor-type=\"wp-page\" data-elementor-id=\"1212\" class=\"elementor elementor-1212\" data-elementor-post-type=\"page\">\n\t\t\t\t<div class=\"elementor-element elementor-element-80f4cfc e-flex e-con-boxed e-con e-parent\" data-id=\"80f4cfc\" data-element_type=\"container\" data-e-type=\"container\" data-settings=\"{&quot;background_background&quot;:&quot;classic&quot;}\">\n\t\t\t\t\t<div class=\"e-con-inner\">\n\t\t\t\t<div class=\"elementor-element elementor-element-058c7ef elementor-widget elementor-widget-heading\" data-id=\"058c7ef\" data-element_type=\"widget\" data-e-type=\"widget\" data-widget_type=\"heading.default\">\n\t\t\t\t\t<h1 class=\"elementor-heading-title elementor-size-default\">Heroines Clubs Against Gender-Based Violence<\/h1>\t\t\t\t<\/div>\n\t\t\t\t\t<\/div>\n\t\t\t\t<\/div>\n\t\t<div class=\"elementor-element elementor-element-eea9f92 e-flex e-con-boxed e-con e-parent\" data-id=\"eea9f92\" data-element_type=\"container\" data-e-type=\"container\">\n\t\t\t\t\t<div class=\"e-con-inner\">\n\t\t\t\t<div class=\"elementor-element elementor-element-560142f elementor-widget elementor-widget-text-editor\" data-id=\"560142f\" data-element_type=\"widget\" data-e-type=\"widget\" data-widget_type=\"text-editor.default\">\n\t\t\t\t\t\t\t\t\t<p>Launched in <strong>2023<\/strong> with the support of<strong>UNFPA<\/strong>and later continued with the support of<strong>AFDCPT<\/strong>, this initiative aims to create <strong>safe spaces for expression and leadership<\/strong> for adolescent girls in high schools and underserved neighborhoods.<\/p><p>The <strong>Heroines Clubs<\/strong> bring together adolescent girls engaged in <strong>awareness-raising, prevention, and documentation of cases of gender-based violence (GBV).<\/strong>.<br \/>Members receive training on their rights, survivor referral mechanisms, public speaking, and community advocacy, enabling them to become true <strong>agents of change<\/strong> within their school and social environments.<\/p><p>Today, these clubs form <strong>a network of equality ambassadors<\/strong> in N\u2019Djam\u00e9na and Gor\u00e9, working closely with <strong>the organization\u2019s GBV Coordinator<\/strong> to guide and support survivors.<\/p>\t\t\t\t\t\t\t\t<\/div>\n\t\t\t\t\t<\/div>\n\t\t\t\t<\/div>\n\t\t<div class=\"elementor-element elementor-element-70ceccf e-flex e-con-boxed e-con e-parent\" data-id=\"70ceccf\" data-element_type=\"container\" data-e-type=\"container\">\n\t\t\t\t\t<div class=\"e-con-inner\">\n\t\t\t\t<div class=\"elementor-element elementor-element-25a1edb elementor-widget elementor-widget-heading\" data-id=\"25a1edb\" data-element_type=\"widget\" data-e-type=\"widget\" data-widget_type=\"heading.default\">\n\t\t\t\t\t<h3 class=\"elementor-heading-title elementor-size-default\">Gender-Based Violence Prevention &amp; Equality<\/h3>\t\t\t\t<\/div>\n\t\t<div class=\"elementor-element elementor-element-31d4d71 e-con-full e-flex e-con e-child\" data-id=\"31d4d71\" data-element_type=\"container\" data-e-type=\"container\">\n\t\t<div class=\"elementor-element elementor-element-68b9ec2 e-con-full e-flex elementor-invisible e-con e-child\" data-id=\"68b9ec2\" data-element_type=\"container\" data-e-type=\"container\" data-settings=\"{&quot;animation&quot;:&quot;fadeInUp&quot;}\">\n\t\t\t\t<div class=\"elementor-element elementor-element-2520fd2 elementor-widget elementor-widget-image\" data-id=\"2520fd2\" data-element_type=\"widget\" data-e-type=\"widget\" data-widget_type=\"image.default\">\n\t\t\t\t\t\t\t\t\t\t\t\t\t\t\t\t<a href=\"https:\/\/women-success.org\/en\/les-16-jours-dactivisme-contre-les-vbg\/\">\n\t\t\t\t\t\t\t<img decoding=\"async\" src=\"https:\/\/women-success.org\/wp-content\/uploads\/elementor\/thumbs\/Couv-16-jours-dactivisme-section-VBG-rmecpu6ak51bstfa60tce68w0xaq75h6zrky01n0ww.jpg\" title=\"Couv-16 jours d&rsquo;activisme- section VBG\" alt=\"16 jours d&#039;activisme- section VBG\" class=\"elementor-animation-grow\" loading=\"lazy\" \/>\t\t\t\t\t\t\t\t<\/a>\n\t\t\t\t\t\t\t\t\t\t\t\t\t\t\t<\/div>\n\t\t\t\t<div class=\"elementor-element elementor-element-3650694 elementor-widget elementor-widget-text-editor\" data-id=\"3650694\" data-element_type=\"widget\" data-e-type=\"widget\" data-widget_type=\"text-editor.default\">\n\t\t\t\t\t\t\t\t\t<p><a href=\"https:\/\/women-success.org\/en\/les-16-jours-dactivisme-contre-les-vbg\/\">16 Days of Activism Against Gender-Based Violence<\/a><\/p>\t\t\t\t\t\t\t\t<\/div>\n\t\t\t\t<\/div>\n\t\t<div class=\"elementor-element elementor-element-40758e7 e-con-full e-flex elementor-invisible e-con e-child\" data-id=\"40758e7\" data-element_type=\"container\" data-e-type=\"container\" data-settings=\"{&quot;animation&quot;:&quot;fadeInUp&quot;}\">\n\t\t\t\t<div class=\"elementor-element elementor-element-ab61fe2 elementor-widget elementor-widget-image\" data-id=\"ab61fe2\" data-element_type=\"widget\" data-e-type=\"widget\" data-widget_type=\"image.default\">\n\t\t\t\t\t\t\t\t\t\t\t\t\t\t\t\t<a href=\"https:\/\/women-success.org\/en\/campagne-jagis-pour-legalite\/\">\n\t\t\t\t\t\t\t<img decoding=\"async\" src=\"https:\/\/women-success.org\/wp-content\/uploads\/elementor\/thumbs\/Couv-jagis-pour-legalite-VBG-rmecsi1tx8okp1k0m69agi1wm8660a1tcy4gy9ova8.jpg\" title=\"Couv-jagis pour legalit\u00e9-VBG\" alt=\"Couv-jagis pour legalit\u00e9-VBG\" class=\"elementor-animation-grow\" loading=\"lazy\" \/>\t\t\t\t\t\t\t\t<\/a>\n\t\t\t\t\t\t\t\t\t\t\t\t\t\t\t<\/div>\n\t\t\t\t<div class=\"elementor-element elementor-element-d2436d8 elementor-widget elementor-widget-text-editor\" data-id=\"d2436d8\" data-element_type=\"widget\" data-e-type=\"widget\" data-widget_type=\"text-editor.default\">\n\t\t\t\t\t\t\t\t\t<p><a href=\"https:\/\/women-success.org\/en\/campagne-jagis-pour-legalite\/\">\u201cI Act for Equality\u201d Campaign<\/a><\/p>\t\t\t\t\t\t\t\t<\/div>\n\t\t\t\t<\/div>\n\t\t<div class=\"elementor-element elementor-element-fc61254 e-con-full e-flex elementor-invisible e-con e-child\" data-id=\"fc61254\" data-element_type=\"container\" data-e-type=\"container\" data-settings=\"{&quot;animation&quot;:&quot;fadeInUp&quot;}\">\n\t\t\t\t<\/div>\n\t\t<div class=\"elementor-element elementor-element-b91ac4e e-con-full e-flex elementor-invisible e-con e-child\" data-id=\"b91ac4e\" data-element_type=\"container\" data-e-type=\"container\" data-settings=\"{&quot;animation&quot;:&quot;fadeInUp&quot;}\">\n\t\t\t\t<\/div>\n\t\t\t\t<\/div>\n\t\t\t\t\t<\/div>\n\t\t\t\t<\/div>\n\t\t\t\t<\/div>","protected":false},"excerpt":{"rendered":"<p>Clubs des H\u00e9ro\u00efnes contre les VBG Mis en place en 2023 avec le soutien de l\u2019UNFPA, puis poursuivi avec l\u2019appui de l\u2019AFDCPT, ce projet vise \u00e0 cr\u00e9er des espaces s\u00fbrs d\u2019expression et de leadership pour les jeunes filles dans les lyc\u00e9es et quartiers populaires. Les Clubs des H\u00e9ro\u00efnes r\u00e9unissent des adolescentes engag\u00e9es dans la sensibilisation, [&hellip;]<\/p>\n","protected":false},"author":2,"featured_media":0,"parent":0,"menu_order":0,"comment_status":"closed","ping_status":"closed","template":"","meta":{"footnotes":""},"class_list":["post-1212","page","type-page","status-publish","hentry"],"_links":{"self":[{"href":"https:\/\/women-success.org\/en\/wp-json\/wp\/v2\/pages\/1212","targetHints":{"allow":["GET"]}}],"collection":[{"href":"https:\/\/women-success.org\/en\/wp-json\/wp\/v2\/pages"}],"about":[{"href":"https:\/\/women-success.org\/en\/wp-json\/wp\/v2\/types\/page"}],"author":[{"embeddable":true,"href":"https:\/\/women-success.org\/en\/wp-json\/wp\/v2\/users\/2"}],"replies":[{"embeddable":true,"href":"https:\/\/women-success.org\/en\/wp-json\/wp\/v2\/comments?post=1212"}],"version-history":[{"count":7,"href":"https:\/\/women-success.org\/en\/wp-json\/wp\/v2\/pages\/1212\/revisions"}],"predecessor-version":[{"id":1239,"href":"https:\/\/women-success.org\/en\/wp-json\/wp\/v2\/pages\/1212\/revisions\/1239"}],"wp:attachment":[{"href":"https:\/\/women-success.org\/en\/wp-json\/wp\/v2\/media?parent=1212"}],"curies":[{"name":"wp","href":"https:\/\/api.w.org\/{rel}","templated":true}]}}