{"id":1218,"date":"2026-04-22T20:34:23","date_gmt":"2026-04-22T20:34:23","guid":{"rendered":"https:\/\/women-success.org\/?page_id=1218"},"modified":"2026-04-22T20:46:48","modified_gmt":"2026-04-22T20:46:48","slug":"les-16-jours-dactivisme-contre-les-vbg","status":"publish","type":"page","link":"https:\/\/women-success.org\/en\/les-16-jours-dactivisme-contre-les-vbg\/","title":{"rendered":"16 Days of Activism Against Gender-Based Violence"},"content":{"rendered":"<div data-elementor-type=\"wp-page\" data-elementor-id=\"1218\" class=\"elementor elementor-1218\" data-elementor-post-type=\"page\">\n\t\t\t\t<div class=\"elementor-element elementor-element-c1630b1 e-flex e-con-boxed e-con e-parent\" data-id=\"c1630b1\" data-element_type=\"container\" data-e-type=\"container\" data-settings=\"{&quot;background_background&quot;:&quot;classic&quot;}\">\n\t\t\t\t\t<div class=\"e-con-inner\">\n\t\t\t\t<div class=\"elementor-element elementor-element-2f6579b elementor-widget elementor-widget-heading\" data-id=\"2f6579b\" data-element_type=\"widget\" data-e-type=\"widget\" data-widget_type=\"heading.default\">\n\t\t\t\t\t<h1 class=\"elementor-heading-title elementor-size-default\">16 Days of Activism Against Gender-Based Violence<\/h1>\t\t\t\t<\/div>\n\t\t\t\t\t<\/div>\n\t\t\t\t<\/div>\n\t\t<div class=\"elementor-element elementor-element-eefcf91 e-flex e-con-boxed e-con e-parent\" data-id=\"eefcf91\" data-element_type=\"container\" data-e-type=\"container\">\n\t\t\t\t\t<div class=\"e-con-inner\">\n\t\t\t\t<div class=\"elementor-element elementor-element-71f2316 elementor-widget elementor-widget-text-editor\" data-id=\"71f2316\" data-element_type=\"widget\" data-e-type=\"widget\" data-widget_type=\"text-editor.default\">\n\t\t\t\t\t\t\t\t\t<p>Since <strong>2021<\/strong>, <em>Women Success<\/em> has actively participated in the international <strong>16 Days of Activism Against Violence Against Women and Girls campaign.<\/strong>.<\/p><p>Each year, the organization conducts <strong>awareness-raising activities in high schools<\/strong>, <strong>public conferences<\/strong>, <strong>panel discussions<\/strong>, as well as <strong>media campaigns<\/strong> \u00e0 la radio, \u00e0 la t\u00e9l\u00e9vision et sur les r\u00e9seaux sociaux.<\/p><p>Ces activit\u00e9s visent \u00e0 <strong>break the silence<\/strong>, engage decision-makers, and strengthen collective mobilization toward the elimination of all forms of violence against women and girls in Chad.<\/p>\t\t\t\t\t\t\t\t<\/div>\n\t\t\t\t\t<\/div>\n\t\t\t\t<\/div>\n\t\t<div class=\"elementor-element elementor-element-c8b058a e-flex e-con-boxed e-con e-parent\" data-id=\"c8b058a\" data-element_type=\"container\" data-e-type=\"container\">\n\t\t\t\t\t<div class=\"e-con-inner\">\n\t\t\t\t<div class=\"elementor-element elementor-element-50994bc elementor-widget elementor-widget-heading\" data-id=\"50994bc\" data-element_type=\"widget\" data-e-type=\"widget\" data-widget_type=\"heading.default\">\n\t\t\t\t\t<h3 class=\"elementor-heading-title elementor-size-default\">Gender-Based Violence Prevention &amp; Equality<\/h3>\t\t\t\t<\/div>\n\t\t<div class=\"elementor-element elementor-element-d63056e e-con-full e-flex e-con e-child\" data-id=\"d63056e\" data-element_type=\"container\" data-e-type=\"container\">\n\t\t<div class=\"elementor-element elementor-element-673e8a9 e-con-full e-flex elementor-invisible e-con e-child\" data-id=\"673e8a9\" data-element_type=\"container\" data-e-type=\"container\" data-settings=\"{&quot;animation&quot;:&quot;fadeInUp&quot;}\">\n\t\t\t\t<div class=\"elementor-element elementor-element-b5c4c11 elementor-widget elementor-widget-image\" data-id=\"b5c4c11\" data-element_type=\"widget\" data-e-type=\"widget\" data-widget_type=\"image.default\">\n\t\t\t\t\t\t\t\t\t\t\t\t\t\t\t\t<a href=\"https:\/\/women-success.org\/en\/clubs-des-heroines-contre-les-vbg\/\">\n\t\t\t\t\t\t\t<img decoding=\"async\" src=\"https:\/\/women-success.org\/wp-content\/uploads\/elementor\/thumbs\/Couv-Club-des-Heroines-section-VBG-rmeckxgmvabf64jytwfhdeu8chhq01znngxns0x1eo.jpg\" title=\"Couv- Club des Heroines-section VBG\" alt=\"Club des Heroines-section VBG\" class=\"elementor-animation-grow\" loading=\"lazy\" \/>\t\t\t\t\t\t\t\t<\/a>\n\t\t\t\t\t\t\t\t\t\t\t\t\t\t\t<\/div>\n\t\t\t\t<div class=\"elementor-element elementor-element-04b6405 elementor-widget elementor-widget-text-editor\" data-id=\"04b6405\" data-element_type=\"widget\" data-e-type=\"widget\" data-widget_type=\"text-editor.default\">\n\t\t\t\t\t\t\t\t\t<p><a href=\"https:\/\/women-success.org\/en\/clubs-des-heroines-contre-les-vbg\/\">Heroines Clubs Against Gender-Based Violence<\/a><\/p>\t\t\t\t\t\t\t\t<\/div>\n\t\t\t\t<\/div>\n\t\t<div class=\"elementor-element elementor-element-e9f1fb1 e-con-full e-flex elementor-invisible e-con e-child\" data-id=\"e9f1fb1\" data-element_type=\"container\" data-e-type=\"container\" data-settings=\"{&quot;animation&quot;:&quot;fadeInUp&quot;}\">\n\t\t\t\t<div class=\"elementor-element elementor-element-72f1e18 elementor-widget elementor-widget-image\" data-id=\"72f1e18\" data-element_type=\"widget\" data-e-type=\"widget\" data-widget_type=\"image.default\">\n\t\t\t\t\t\t\t\t\t\t\t\t\t\t\t\t<a href=\"https:\/\/women-success.org\/en\/campagne-jagis-pour-legalite\/\">\n\t\t\t\t\t\t\t<img decoding=\"async\" src=\"https:\/\/women-success.org\/wp-content\/uploads\/elementor\/thumbs\/Couv-jagis-pour-legalite-VBG-rmecsi1tx8okp1k0m69agi1wm8660a1tcy4gy9ova8.jpg\" title=\"Couv-jagis pour legalit\u00e9-VBG\" alt=\"Couv-jagis pour legalit\u00e9-VBG\" class=\"elementor-animation-grow\" loading=\"lazy\" \/>\t\t\t\t\t\t\t\t<\/a>\n\t\t\t\t\t\t\t\t\t\t\t\t\t\t\t<\/div>\n\t\t\t\t<div class=\"elementor-element elementor-element-a7fce1c elementor-widget elementor-widget-text-editor\" data-id=\"a7fce1c\" data-element_type=\"widget\" data-e-type=\"widget\" data-widget_type=\"text-editor.default\">\n\t\t\t\t\t\t\t\t\t<p><a href=\"https:\/\/women-success.org\/en\/campagne-jagis-pour-legalite\/\">\u201cI Act for Equality\u201d Campaign<\/a><\/p>\t\t\t\t\t\t\t\t<\/div>\n\t\t\t\t<\/div>\n\t\t<div class=\"elementor-element elementor-element-fc872a8 e-con-full e-flex elementor-invisible e-con e-child\" data-id=\"fc872a8\" data-element_type=\"container\" data-e-type=\"container\" data-settings=\"{&quot;animation&quot;:&quot;fadeInUp&quot;}\">\n\t\t\t\t<\/div>\n\t\t<div class=\"elementor-element elementor-element-7dd3cff e-con-full e-flex elementor-invisible e-con e-child\" data-id=\"7dd3cff\" data-element_type=\"container\" data-e-type=\"container\" data-settings=\"{&quot;animation&quot;:&quot;fadeInUp&quot;}\">\n\t\t\t\t<\/div>\n\t\t\t\t<\/div>\n\t\t\t\t\t<\/div>\n\t\t\t\t<\/div>\n\t\t\t\t<\/div>","protected":false},"excerpt":{"rendered":"<p>Les 16 jours d\u2019activisme contre les VBG Depuis 2021, Women Success participe activement \u00e0 la campagne internationale des 16 jours d\u2019activisme contre les violences faites aux femmes et aux filles. Chaque ann\u00e9e, l\u2019association organise des sensibilisations dans les lyc\u00e9es, des conf\u00e9rences publiques, des panels de discussion, ainsi que des campagnes m\u00e9diatiques \u00e0 la radio, \u00e0 [&hellip;]<\/p>\n","protected":false},"author":2,"featured_media":0,"parent":0,"menu_order":0,"comment_status":"closed","ping_status":"closed","template":"","meta":{"footnotes":""},"class_list":["post-1218","page","type-page","status-publish","hentry"],"_links":{"self":[{"href":"https:\/\/women-success.org\/en\/wp-json\/wp\/v2\/pages\/1218","targetHints":{"allow":["GET"]}}],"collection":[{"href":"https:\/\/women-success.org\/en\/wp-json\/wp\/v2\/pages"}],"about":[{"href":"https:\/\/women-success.org\/en\/wp-json\/wp\/v2\/types\/page"}],"author":[{"embeddable":true,"href":"https:\/\/women-success.org\/en\/wp-json\/wp\/v2\/users\/2"}],"replies":[{"embeddable":true,"href":"https:\/\/women-success.org\/en\/wp-json\/wp\/v2\/comments?post=1218"}],"version-history":[{"count":10,"href":"https:\/\/women-success.org\/en\/wp-json\/wp\/v2\/pages\/1218\/revisions"}],"predecessor-version":[{"id":1242,"href":"https:\/\/women-success.org\/en\/wp-json\/wp\/v2\/pages\/1218\/revisions\/1242"}],"wp:attachment":[{"href":"https:\/\/women-success.org\/en\/wp-json\/wp\/v2\/media?parent=1218"}],"curies":[{"name":"wp","href":"https:\/\/api.w.org\/{rel}","templated":true}]}}