{"id":1252,"date":"2026-04-23T14:02:01","date_gmt":"2026-04-23T14:02:01","guid":{"rendered":"https:\/\/women-success.org\/?page_id=1252"},"modified":"2026-04-23T16:27:54","modified_gmt":"2026-04-23T16:27:54","slug":"edition-2021-une-femme-un-business","status":"publish","type":"page","link":"https:\/\/women-success.org\/en\/edition-2021-une-femme-un-business\/","title":{"rendered":"\u00c9dition 2021 : Une femme, un business"},"content":{"rendered":"<div data-elementor-type=\"wp-page\" data-elementor-id=\"1252\" class=\"elementor elementor-1252\" data-elementor-post-type=\"page\">\n\t\t\t\t<div class=\"elementor-element elementor-element-006ebbb e-flex e-con-boxed e-con e-parent\" data-id=\"006ebbb\" data-element_type=\"container\" data-e-type=\"container\" data-settings=\"{&quot;background_background&quot;:&quot;classic&quot;}\">\n\t\t\t\t\t<div class=\"e-con-inner\">\n\t\t\t\t<div class=\"elementor-element elementor-element-dbedb6c elementor-widget elementor-widget-heading\" data-id=\"dbedb6c\" data-element_type=\"widget\" data-e-type=\"widget\" data-widget_type=\"heading.default\">\n\t\t\t\t\t<h1 class=\"elementor-heading-title elementor-size-default\">\u00c9dition 2021 :  Une femme, un business<\/h1>\t\t\t\t<\/div>\n\t\t\t\t\t<\/div>\n\t\t\t\t<\/div>\n\t\t<div class=\"elementor-element elementor-element-e9b0d99 e-flex e-con-boxed e-con e-parent\" data-id=\"e9b0d99\" data-element_type=\"container\" data-e-type=\"container\">\n\t\t\t\t\t<div class=\"e-con-inner\">\n\t\t\t\t<div class=\"elementor-element elementor-element-e075164 elementor-widget elementor-widget-text-editor\" data-id=\"e075164\" data-element_type=\"widget\" data-e-type=\"widget\" data-widget_type=\"text-editor.default\">\n\t\t\t\t\t\t\t\t\t<p>The <strong>first edition<\/strong> of <em>the Women Success Forum<\/em> was held from <strong>October 28 to 30, 2021<\/strong> to <strong>N\u2019Djam\u00e9na<\/strong>, under the theme <em>\"One Woman, One Business\u201d.<\/em> It was organized under the high patronage of <strong>he Ministry of Women, Family and Child Protection <\/strong>with the support of<strong> the Ministry of Youth.<\/strong><\/p><p>This inaugural edition laid the foundations of the concept: <strong>to train, connect, and promote women entrepreneurs.<\/strong>Over the course of three days, young women from diverse backgrounds participated in <strong>practical workshops<\/strong>, <strong>coaching sessions<\/strong>, and an <strong>exhibition fair<\/strong> that showcased products and services created by local women entrepreneurs.<\/p><p>The event marked the beginning of a <strong>national movement<\/strong> in support of women\u2019s economic empowerment and inspired the development of subsequent editions, which became even more structured and impactful.<\/p>\t\t\t\t\t\t\t\t<\/div>\n\t\t\t\t\t<\/div>\n\t\t\t\t<\/div>\n\t\t<div class=\"elementor-element elementor-element-d4d26ff e-flex e-con-boxed e-con e-parent\" data-id=\"d4d26ff\" data-element_type=\"container\" data-e-type=\"container\">\n\t\t\t\t\t<div class=\"e-con-inner\">\n\t\t\t\t<div class=\"elementor-element elementor-element-ac43daa elementor-widget elementor-widget-heading\" data-id=\"ac43daa\" data-element_type=\"widget\" data-e-type=\"widget\" data-widget_type=\"heading.default\">\n\t\t\t\t\t<h3 class=\"elementor-heading-title elementor-size-default\">Women Success Forum &amp; Awards<\/h3>\t\t\t\t<\/div>\n\t\t<div class=\"elementor-element elementor-element-d239a42 e-con-full e-flex e-con e-child\" data-id=\"d239a42\" data-element_type=\"container\" data-e-type=\"container\">\n\t\t<div class=\"elementor-element elementor-element-8c145fe e-con-full e-flex elementor-invisible e-con e-child\" data-id=\"8c145fe\" data-element_type=\"container\" data-e-type=\"container\" data-settings=\"{&quot;animation&quot;:&quot;fadeInUp&quot;}\">\n\t\t\t\t<div class=\"elementor-element elementor-element-497fbc1 elementor-widget elementor-widget-image\" data-id=\"497fbc1\" data-element_type=\"widget\" data-e-type=\"widget\" data-widget_type=\"image.default\">\n\t\t\t\t\t\t\t\t\t\t\t\t\t\t\t\t<a href=\"https:\/\/women-success.org\/en\/edition-2023-perennisation-du-business-des-femmes-croissance-de-lentrepreneuriat-feminin\/\">\n\t\t\t\t\t\t\t<img decoding=\"async\" src=\"https:\/\/women-success.org\/wp-content\/uploads\/elementor\/thumbs\/Couv-Women-Success-Forum-2-rmfmds0nezgt59icpmhq8bwxr2iye1t0ciibzs5ilc.jpg\" title=\"Women Success\" alt=\"Women Success Form 2023\" class=\"elementor-animation-grow\" loading=\"lazy\" \/>\t\t\t\t\t\t\t\t<\/a>\n\t\t\t\t\t\t\t\t\t\t\t\t\t\t\t<\/div>\n\t\t\t\t<div class=\"elementor-element elementor-element-941e69b elementor-widget elementor-widget-text-editor\" data-id=\"941e69b\" data-element_type=\"widget\" data-e-type=\"widget\" data-widget_type=\"text-editor.default\">\n\t\t\t\t\t\t\t\t\t<p><a href=\"https:\/\/women-success.org\/en\/edition-2023-perennisation-du-business-des-femmes-croissance-de-lentrepreneuriat-feminin\/\">\u00c9dition 2023 : P\u00e9rennisation du business des femmes : croissance de l\u2019entrepreneuriat f\u00e9minin<\/a><\/p>\t\t\t\t\t\t\t\t<\/div>\n\t\t\t\t<\/div>\n\t\t<div class=\"elementor-element elementor-element-19287fd e-con-full e-flex elementor-invisible e-con e-child\" data-id=\"19287fd\" data-element_type=\"container\" data-e-type=\"container\" data-settings=\"{&quot;animation&quot;:&quot;fadeInUp&quot;}\">\n\t\t\t\t<div class=\"elementor-element elementor-element-5576547 elementor-widget elementor-widget-image\" data-id=\"5576547\" data-element_type=\"widget\" data-e-type=\"widget\" data-widget_type=\"image.default\">\n\t\t\t\t\t\t\t\t\t\t\t\t\t\t\t\t<a href=\"https:\/\/women-success.org\/en\/edition-2025-impact-investing-financer-des-initiatives-entrepreneuriales-feminines-pour-une-economie-durable\/\">\n\t\t\t\t\t\t\t<img decoding=\"async\" src=\"https:\/\/women-success.org\/wp-content\/uploads\/elementor\/thumbs\/Couv-Women-Success-Forum-3-rmfml45arfidrouovanw6z9gocd3gzxl0ttruj9w0w.jpg\" title=\"Women Success Forum 3eme \u00e9dition\" alt=\"Les AWARDS de Women Success Forum 3eme \u00e9dition sous le th\u00e8me &quot;Unies pour l&#039;autonomisation des femmes&quot;\" class=\"elementor-animation-grow\" loading=\"lazy\" \/>\t\t\t\t\t\t\t\t<\/a>\n\t\t\t\t\t\t\t\t\t\t\t\t\t\t\t<\/div>\n\t\t\t\t<div class=\"elementor-element elementor-element-a779b59 elementor-widget elementor-widget-text-editor\" data-id=\"a779b59\" data-element_type=\"widget\" data-e-type=\"widget\" data-widget_type=\"text-editor.default\">\n\t\t\t\t\t\t\t\t\t<p><a href=\"https:\/\/women-success.org\/en\/edition-2025-impact-investing-financer-des-initiatives-entrepreneuriales-feminines-pour-une-economie-durable\/\">\u00c9dition 2025 : Impact Investing : Financer des initiatives entrepreneuriales f\u00e9minines pour une \u00e9conomie durable<\/a><\/p>\t\t\t\t\t\t\t\t<\/div>\n\t\t\t\t<\/div>\n\t\t<div class=\"elementor-element elementor-element-2fac743 e-con-full e-flex elementor-invisible e-con e-child\" data-id=\"2fac743\" data-element_type=\"container\" data-e-type=\"container\" data-settings=\"{&quot;animation&quot;:&quot;fadeInUp&quot;}\">\n\t\t\t\t<\/div>\n\t\t<div class=\"elementor-element elementor-element-000a18e e-con-full e-flex elementor-invisible e-con e-child\" data-id=\"000a18e\" data-element_type=\"container\" data-e-type=\"container\" data-settings=\"{&quot;animation&quot;:&quot;fadeInUp&quot;}\">\n\t\t\t\t<\/div>\n\t\t\t\t<\/div>\n\t\t\t\t\t<\/div>\n\t\t\t\t<\/div>\n\t\t\t\t<\/div>","protected":false},"excerpt":{"rendered":"<p>\u00c9dition 2021 : Une femme, un business La premi\u00e8re \u00e9dition du Women Success Forum s\u2019est tenue du 28 au 30 octobre 2021 \u00e0 N\u2019Djam\u00e9na, sous le th\u00e8me \u201cUne femme, un business\u201d Sous le haut patronage du Minist\u00e8re de la Femme, de la famille et de la protection de l\u2019enfance avec l\u2019appui du Minist\u00e8re de la [&hellip;]<\/p>\n","protected":false},"author":2,"featured_media":0,"parent":0,"menu_order":0,"comment_status":"closed","ping_status":"closed","template":"","meta":{"footnotes":""},"class_list":["post-1252","page","type-page","status-publish","hentry"],"_links":{"self":[{"href":"https:\/\/women-success.org\/en\/wp-json\/wp\/v2\/pages\/1252","targetHints":{"allow":["GET"]}}],"collection":[{"href":"https:\/\/women-success.org\/en\/wp-json\/wp\/v2\/pages"}],"about":[{"href":"https:\/\/women-success.org\/en\/wp-json\/wp\/v2\/types\/page"}],"author":[{"embeddable":true,"href":"https:\/\/women-success.org\/en\/wp-json\/wp\/v2\/users\/2"}],"replies":[{"embeddable":true,"href":"https:\/\/women-success.org\/en\/wp-json\/wp\/v2\/comments?post=1252"}],"version-history":[{"count":7,"href":"https:\/\/women-success.org\/en\/wp-json\/wp\/v2\/pages\/1252\/revisions"}],"predecessor-version":[{"id":1274,"href":"https:\/\/women-success.org\/en\/wp-json\/wp\/v2\/pages\/1252\/revisions\/1274"}],"wp:attachment":[{"href":"https:\/\/women-success.org\/en\/wp-json\/wp\/v2\/media?parent=1252"}],"curies":[{"name":"wp","href":"https:\/\/api.w.org\/{rel}","templated":true}]}}