{"id":1259,"date":"2026-04-23T14:05:35","date_gmt":"2026-04-23T14:05:35","guid":{"rendered":"https:\/\/women-success.org\/?page_id=1259"},"modified":"2026-04-23T16:28:28","modified_gmt":"2026-04-23T16:28:28","slug":"edition-2023-perennisation-du-business-des-femmes-croissance-de-lentrepreneuriat-feminin","status":"publish","type":"page","link":"https:\/\/women-success.org\/en\/edition-2023-perennisation-du-business-des-femmes-croissance-de-lentrepreneuriat-feminin\/","title":{"rendered":"\u00c9dition 2023 : P\u00e9rennisation du business des femmes : croissance de l\u2019entrepreneuriat f\u00e9minin"},"content":{"rendered":"<div data-elementor-type=\"wp-page\" data-elementor-id=\"1259\" class=\"elementor elementor-1259\" data-elementor-post-type=\"page\">\n\t\t\t\t<div class=\"elementor-element elementor-element-f68181e e-flex e-con-boxed e-con e-parent\" data-id=\"f68181e\" data-element_type=\"container\" data-e-type=\"container\" data-settings=\"{&quot;background_background&quot;:&quot;classic&quot;}\">\n\t\t\t\t\t<div class=\"e-con-inner\">\n\t\t\t\t<div class=\"elementor-element elementor-element-695acbc elementor-widget elementor-widget-heading\" data-id=\"695acbc\" data-element_type=\"widget\" data-e-type=\"widget\" data-widget_type=\"heading.default\">\n\t\t\t\t\t<h1 class=\"elementor-heading-title elementor-size-default\">\u00c9dition 2023 : P\u00e9rennisation du business des femmes : croissance de l\u2019entrepreneuriat f\u00e9minin<\/h1>\t\t\t\t<\/div>\n\t\t\t\t\t<\/div>\n\t\t\t\t<\/div>\n\t\t<div class=\"elementor-element elementor-element-085df02 e-flex e-con-boxed e-con e-parent\" data-id=\"085df02\" data-element_type=\"container\" data-e-type=\"container\">\n\t\t\t\t\t<div class=\"e-con-inner\">\n\t\t\t\t<div class=\"elementor-element elementor-element-68c853f elementor-widget elementor-widget-text-editor\" data-id=\"68c853f\" data-element_type=\"widget\" data-e-type=\"widget\" data-widget_type=\"text-editor.default\">\n\t\t\t\t\t\t\t\t\t<p>It was organized under the high patronage of <strong>Ministry of Women, Early Childhood Protection and National Solidarity<\/strong>, the <strong>second edition<\/strong> was held from <strong>October 23 to 28, 2023<\/strong> at the <strong>Maison de la Femme<\/strong> in N'Djam\u00e9na.<\/p><p>Over the course of one week, more than <strong>400 participants<\/strong> benefited from training sessions, panel discussions, and exhibitions in an atmosphere of learning and sisterhood. With the support of numerous institutional and private partners, this edition made it possible to:<\/p>\t\t\t\t\t\t\t\t<\/div>\n\t\t\t\t<div class=\"elementor-element elementor-element-503f585 elementor-widget elementor-widget-text-editor\" data-id=\"503f585\" data-element_type=\"widget\" data-e-type=\"widget\" data-widget_type=\"text-editor.default\">\n\t\t\t\t\t\t\t\t\t<ul><li><strong>Train 348 women<\/strong> in high-potential sectors such as cosmetics, catering, decoration, textile dyeing, and more;<\/li><li><strong>Provide a commercial showcase<\/strong> to <strong>100 women entrepreneurs<\/strong> through the exhibition fair;<\/li><li><strong>Honor 7 award winners<\/strong> during the first <strong>Women Success Awards ceremony;<\/strong>.<\/li><li><strong>Foster connections<\/strong> between women entrepreneurs, investors, and support organizations.<\/li><\/ul>\t\t\t\t\t\t\t\t<\/div>\n\t\t\t\t<div class=\"elementor-element elementor-element-4ae3d57 elementor-widget elementor-widget-text-editor\" data-id=\"4ae3d57\" data-element_type=\"widget\" data-e-type=\"widget\" data-widget_type=\"text-editor.default\">\n\t\t\t\t\t\t\t\t\t<p>The <strong>Women Success Awards 2023<\/strong> celebrated female excellence across seven categories:<br \/>Agri-food, Cosmetics &amp; Aesthetics, Catering, Fashion, Creative Industries, Services, and a <strong>Special President\u2019s Award.<\/strong>.<\/p><p>This edition confirmed the <strong>the Women Success Forum<\/strong> as a <strong>leading national platform<\/strong> for women\u2019s entrepreneurship in Chad.<\/p>\t\t\t\t\t\t\t\t<\/div>\n\t\t\t\t\t<\/div>\n\t\t\t\t<\/div>\n\t\t<div class=\"elementor-element elementor-element-823279e e-flex e-con-boxed e-con e-parent\" data-id=\"823279e\" data-element_type=\"container\" data-e-type=\"container\">\n\t\t\t\t\t<div class=\"e-con-inner\">\n\t\t\t\t<div class=\"elementor-element elementor-element-7b2ad1a elementor-widget elementor-widget-heading\" data-id=\"7b2ad1a\" data-element_type=\"widget\" data-e-type=\"widget\" data-widget_type=\"heading.default\">\n\t\t\t\t\t<h3 class=\"elementor-heading-title elementor-size-default\">Women Success Forum &amp; Awards<\/h3>\t\t\t\t<\/div>\n\t\t<div class=\"elementor-element elementor-element-085d304 e-con-full e-flex e-con e-child\" data-id=\"085d304\" data-element_type=\"container\" data-e-type=\"container\">\n\t\t<div class=\"elementor-element elementor-element-5ce644d e-con-full e-flex elementor-invisible e-con e-child\" data-id=\"5ce644d\" data-element_type=\"container\" data-e-type=\"container\" data-settings=\"{&quot;animation&quot;:&quot;fadeInUp&quot;}\">\n\t\t\t\t<div class=\"elementor-element elementor-element-2d8b2fe elementor-widget elementor-widget-image\" data-id=\"2d8b2fe\" data-element_type=\"widget\" data-e-type=\"widget\" data-widget_type=\"image.default\">\n\t\t\t\t\t\t\t\t\t\t\t\t\t\t\t\t<a href=\"https:\/\/women-success.org\/en\/edition-2021-une-femme-un-business\/\">\n\t\t\t\t\t\t\t<img decoding=\"async\" src=\"https:\/\/women-success.org\/wp-content\/uploads\/elementor\/thumbs\/Couv-Women-Success-Forum_1-rmfm95n7tb522a80p4krgzwclvazjmgipn1e1t076o.jpg\" title=\"Couv- Women Success Forum_1\" alt=\"Couv- Women Success Forum_1\" class=\"elementor-animation-grow\" loading=\"lazy\" \/>\t\t\t\t\t\t\t\t<\/a>\n\t\t\t\t\t\t\t\t\t\t\t\t\t\t\t<\/div>\n\t\t\t\t<div class=\"elementor-element elementor-element-3e056dd elementor-widget elementor-widget-text-editor\" data-id=\"3e056dd\" data-element_type=\"widget\" data-e-type=\"widget\" data-widget_type=\"text-editor.default\">\n\t\t\t\t\t\t\t\t\t<p><a href=\"https:\/\/women-success.org\/en\/edition-2021-une-femme-un-business\/\">\u00c9dition 2021 : Une femme, un business<\/a><\/p>\t\t\t\t\t\t\t\t<\/div>\n\t\t\t\t<\/div>\n\t\t<div class=\"elementor-element elementor-element-4616e42 e-con-full e-flex elementor-invisible e-con e-child\" data-id=\"4616e42\" data-element_type=\"container\" data-e-type=\"container\" data-settings=\"{&quot;animation&quot;:&quot;fadeInUp&quot;}\">\n\t\t\t\t<div class=\"elementor-element elementor-element-9e024f7 elementor-widget elementor-widget-image\" data-id=\"9e024f7\" data-element_type=\"widget\" data-e-type=\"widget\" data-widget_type=\"image.default\">\n\t\t\t\t\t\t\t\t\t\t\t\t\t\t\t\t<a href=\"https:\/\/women-success.org\/en\/edition-2025-impact-investing-financer-des-initiatives-entrepreneuriales-feminines-pour-une-economie-durable\/\">\n\t\t\t\t\t\t\t<img decoding=\"async\" src=\"https:\/\/women-success.org\/wp-content\/uploads\/elementor\/thumbs\/Couv-Women-Success-Forum-3-rmfml45arfidrouovanw6z9gocd3gzxl0ttruj9w0w.jpg\" title=\"Women Success Forum 3eme \u00e9dition\" alt=\"Les AWARDS de Women Success Forum 3eme \u00e9dition sous le th\u00e8me &quot;Unies pour l&#039;autonomisation des femmes&quot;\" class=\"elementor-animation-grow\" loading=\"lazy\" \/>\t\t\t\t\t\t\t\t<\/a>\n\t\t\t\t\t\t\t\t\t\t\t\t\t\t\t<\/div>\n\t\t\t\t<div class=\"elementor-element elementor-element-81b8dbb elementor-widget elementor-widget-text-editor\" data-id=\"81b8dbb\" data-element_type=\"widget\" data-e-type=\"widget\" data-widget_type=\"text-editor.default\">\n\t\t\t\t\t\t\t\t\t<p><a href=\"https:\/\/women-success.org\/en\/edition-2025-impact-investing-financer-des-initiatives-entrepreneuriales-feminines-pour-une-economie-durable\/\">\u00c9dition 2025 : Impact Investing : Financer des initiatives entrepreneuriales f\u00e9minines pour une \u00e9conomie durable<\/a><\/p>\t\t\t\t\t\t\t\t<\/div>\n\t\t\t\t<\/div>\n\t\t<div class=\"elementor-element elementor-element-2783253 e-con-full e-flex elementor-invisible e-con e-child\" data-id=\"2783253\" data-element_type=\"container\" data-e-type=\"container\" data-settings=\"{&quot;animation&quot;:&quot;fadeInUp&quot;}\">\n\t\t\t\t<\/div>\n\t\t<div class=\"elementor-element elementor-element-7c6ad61 e-con-full e-flex elementor-invisible e-con e-child\" data-id=\"7c6ad61\" data-element_type=\"container\" data-e-type=\"container\" data-settings=\"{&quot;animation&quot;:&quot;fadeInUp&quot;}\">\n\t\t\t\t<\/div>\n\t\t\t\t<\/div>\n\t\t\t\t\t<\/div>\n\t\t\t\t<\/div>\n\t\t\t\t<\/div>","protected":false},"excerpt":{"rendered":"<p>\u00c9dition 2023 : P\u00e9rennisation du business des femmes : croissance de l\u2019entrepreneuriat f\u00e9minin Sous le haut patronage du Minist\u00e8re de la Femme, de la Protection de la Petite Enfance et de la Solidarit\u00e9 Nationale, la deuxi\u00e8me \u00e9dition s\u2019est tenue du 23 au 28 octobre 2023 \u00e0 la Maison de la Femme \u00e0 N\u2019Djam\u00e9na. Pendant une [&hellip;]<\/p>\n","protected":false},"author":2,"featured_media":0,"parent":0,"menu_order":0,"comment_status":"closed","ping_status":"closed","template":"","meta":{"footnotes":""},"class_list":["post-1259","page","type-page","status-publish","hentry"],"_links":{"self":[{"href":"https:\/\/women-success.org\/en\/wp-json\/wp\/v2\/pages\/1259","targetHints":{"allow":["GET"]}}],"collection":[{"href":"https:\/\/women-success.org\/en\/wp-json\/wp\/v2\/pages"}],"about":[{"href":"https:\/\/women-success.org\/en\/wp-json\/wp\/v2\/types\/page"}],"author":[{"embeddable":true,"href":"https:\/\/women-success.org\/en\/wp-json\/wp\/v2\/users\/2"}],"replies":[{"embeddable":true,"href":"https:\/\/women-success.org\/en\/wp-json\/wp\/v2\/comments?post=1259"}],"version-history":[{"count":7,"href":"https:\/\/women-success.org\/en\/wp-json\/wp\/v2\/pages\/1259\/revisions"}],"predecessor-version":[{"id":1277,"href":"https:\/\/women-success.org\/en\/wp-json\/wp\/v2\/pages\/1259\/revisions\/1277"}],"wp:attachment":[{"href":"https:\/\/women-success.org\/en\/wp-json\/wp\/v2\/media?parent=1259"}],"curies":[{"name":"wp","href":"https:\/\/api.w.org\/{rel}","templated":true}]}}