{"id":1266,"date":"2026-04-23T14:12:13","date_gmt":"2026-04-23T14:12:13","guid":{"rendered":"https:\/\/women-success.org\/?page_id=1266"},"modified":"2026-04-23T16:28:52","modified_gmt":"2026-04-23T16:28:52","slug":"edition-2025-impact-investing-financer-des-initiatives-entrepreneuriales-feminines-pour-une-economie-durable","status":"publish","type":"page","link":"https:\/\/women-success.org\/en\/edition-2025-impact-investing-financer-des-initiatives-entrepreneuriales-feminines-pour-une-economie-durable\/","title":{"rendered":"\u00c9dition 2025 : Impact Investing : Financer des initiatives entrepreneuriales f\u00e9minines pour une \u00e9conomie durable"},"content":{"rendered":"<div data-elementor-type=\"wp-page\" data-elementor-id=\"1266\" class=\"elementor elementor-1266\" data-elementor-post-type=\"page\">\n\t\t\t\t<div class=\"elementor-element elementor-element-b802120 e-flex e-con-boxed e-con e-parent\" data-id=\"b802120\" data-element_type=\"container\" data-e-type=\"container\" data-settings=\"{&quot;background_background&quot;:&quot;classic&quot;}\">\n\t\t\t\t\t<div class=\"e-con-inner\">\n\t\t\t\t<div class=\"elementor-element elementor-element-d49259c elementor-widget elementor-widget-heading\" data-id=\"d49259c\" data-element_type=\"widget\" data-e-type=\"widget\" data-widget_type=\"heading.default\">\n\t\t\t\t\t<h1 class=\"elementor-heading-title elementor-size-default\">\u00c9dition 2025  : Impact Investing : Financer des initiatives entrepreneuriales f\u00e9minines pour une \u00e9conomie durable<\/h1>\t\t\t\t<\/div>\n\t\t\t\t\t<\/div>\n\t\t\t\t<\/div>\n\t\t<div class=\"elementor-element elementor-element-c7b3651 e-flex e-con-boxed e-con e-parent\" data-id=\"c7b3651\" data-element_type=\"container\" data-e-type=\"container\">\n\t\t\t\t\t<div class=\"e-con-inner\">\n\t\t\t\t<div class=\"elementor-element elementor-element-e20d4e9 elementor-widget elementor-widget-text-editor\" data-id=\"e20d4e9\" data-element_type=\"widget\" data-e-type=\"widget\" data-widget_type=\"text-editor.default\">\n\t\t\t\t\t\t\t\t\t<p>The <strong>third edition<\/strong> of <em>the Women Success Forum<\/em> will be held from <strong>November 24 to 29, 2025<\/strong> in N'Djam\u00e9na.<\/p><p>This edition will focus on <strong>inclusive finance<\/strong> and impact investing in support of <strong>women-led initiatives.<\/strong>.<\/p><p><strong>Objectives of the 2025 Edition:<\/strong><\/p>\t\t\t\t\t\t\t\t<\/div>\n\t\t\t\t<div class=\"elementor-element elementor-element-78756c8 elementor-widget elementor-widget-text-editor\" data-id=\"78756c8\" data-element_type=\"widget\" data-e-type=\"widget\" data-widget_type=\"text-editor.default\">\n\t\t\t\t\t\t\t\t\t<ul><li>Train and equip <strong>more than 300 participants<\/strong> with entrepreneurial and financial skills;<\/li><li>Promote<strong>financial and digital inclusion;<\/strong>;<\/li><li>Create a <strong>platform for advocacy and networking<\/strong> among women entrepreneurs, institutions, and donors;<\/li><li>Celebrate women\u2019s achievements through the <strong>Women Success Awards 2025<\/strong>, which will present <strong>nine prestigious awards<\/strong>, including the <strong>President's Award<\/strong>.<\/li><\/ul>\t\t\t\t\t\t\t\t<\/div>\n\t\t\t\t<div class=\"elementor-element elementor-element-6466d0e elementor-widget elementor-widget-text-editor\" data-id=\"6466d0e\" data-element_type=\"widget\" data-e-type=\"widget\" data-widget_type=\"text-editor.default\">\n\t\t\t\t\t\t\t\t\t<p><strong>Planned Activities:<\/strong><strong>\u00a0:<\/strong><\/p>\t\t\t\t\t\t\t\t<\/div>\n\t\t\t\t<div class=\"elementor-element elementor-element-684a034 elementor-widget elementor-widget-text-editor\" data-id=\"684a034\" data-element_type=\"widget\" data-e-type=\"widget\" data-widget_type=\"text-editor.default\">\n\t\t\t\t\t\t\t\t\t<ul><li><strong>Practical training sessions<\/strong> in fields such as handicrafts, catering, cosmetics, decoration, and more;<\/li><li><strong>Panels and masterclasses<\/strong> on leadership, digital transformation, and financing;<\/li><li><strong>Experience-sharing sessions<\/strong> with inspiring women leaders;<\/li><li><strong>An exhibition fair<\/strong> dedicated to Chadian women entrepreneurs;<\/li><li><strong>The Women Success Awards ceremony<\/strong> recognizing outstanding entrepreneurial initiatives led by young women.<\/li><\/ul>\t\t\t\t\t\t\t\t<\/div>\n\t\t\t\t<div class=\"elementor-element elementor-element-5451fe2 elementor-widget elementor-widget-text-editor\" data-id=\"5451fe2\" data-element_type=\"widget\" data-e-type=\"widget\" data-widget_type=\"text-editor.default\">\n\t\t\t\t\t\t\t\t\t<p>The <em>Women Success Forum 2025<\/em> will serve as a <strong>space for impact, innovation, and inspiration<\/strong>, mobilizing public and private stakeholders around a shared commitment: <strong>investing in the future of women.<\/strong>.<\/p>\t\t\t\t\t\t\t\t<\/div>\n\t\t\t\t\t<\/div>\n\t\t\t\t<\/div>\n\t\t<div class=\"elementor-element elementor-element-a731001 e-flex e-con-boxed e-con e-parent\" data-id=\"a731001\" data-element_type=\"container\" data-e-type=\"container\">\n\t\t\t\t\t<div class=\"e-con-inner\">\n\t\t\t\t<div class=\"elementor-element elementor-element-37d3be3 elementor-widget elementor-widget-heading\" data-id=\"37d3be3\" data-element_type=\"widget\" data-e-type=\"widget\" data-widget_type=\"heading.default\">\n\t\t\t\t\t<h3 class=\"elementor-heading-title elementor-size-default\">Women Success Forum &amp; Awards<\/h3>\t\t\t\t<\/div>\n\t\t<div class=\"elementor-element elementor-element-83d39a0 e-con-full e-flex e-con e-child\" data-id=\"83d39a0\" data-element_type=\"container\" data-e-type=\"container\">\n\t\t<div class=\"elementor-element elementor-element-35bbf3e e-con-full e-flex elementor-invisible e-con e-child\" data-id=\"35bbf3e\" data-element_type=\"container\" data-e-type=\"container\" data-settings=\"{&quot;animation&quot;:&quot;fadeInUp&quot;}\">\n\t\t\t\t<div class=\"elementor-element elementor-element-b12d954 elementor-widget elementor-widget-image\" data-id=\"b12d954\" data-element_type=\"widget\" data-e-type=\"widget\" data-widget_type=\"image.default\">\n\t\t\t\t\t\t\t\t\t\t\t\t\t\t\t\t<a href=\"https:\/\/women-success.org\/en\/edition-2021-une-femme-un-business\/\">\n\t\t\t\t\t\t\t<img decoding=\"async\" src=\"https:\/\/women-success.org\/wp-content\/uploads\/elementor\/thumbs\/Couv-Women-Success-Forum_1-rmfm95n7tb522a80p4krgzwclvazjmgipn1e1t076o.jpg\" title=\"Couv- Women Success Forum_1\" alt=\"Couv- Women Success Forum_1\" class=\"elementor-animation-grow\" loading=\"lazy\" \/>\t\t\t\t\t\t\t\t<\/a>\n\t\t\t\t\t\t\t\t\t\t\t\t\t\t\t<\/div>\n\t\t\t\t<div class=\"elementor-element elementor-element-864d326 elementor-widget elementor-widget-text-editor\" data-id=\"864d326\" data-element_type=\"widget\" data-e-type=\"widget\" data-widget_type=\"text-editor.default\">\n\t\t\t\t\t\t\t\t\t<p><a href=\"https:\/\/women-success.org\/en\/edition-2021-une-femme-un-business\/\">\u00c9dition 2021 : Une femme, un business<\/a><\/p>\t\t\t\t\t\t\t\t<\/div>\n\t\t\t\t<\/div>\n\t\t<div class=\"elementor-element elementor-element-22a6e20 e-con-full e-flex elementor-invisible e-con e-child\" data-id=\"22a6e20\" data-element_type=\"container\" data-e-type=\"container\" data-settings=\"{&quot;animation&quot;:&quot;fadeInUp&quot;}\">\n\t\t\t\t<div class=\"elementor-element elementor-element-182cb72 elementor-widget elementor-widget-image\" data-id=\"182cb72\" data-element_type=\"widget\" data-e-type=\"widget\" data-widget_type=\"image.default\">\n\t\t\t\t\t\t\t\t\t\t\t\t\t\t\t\t<a href=\"https:\/\/women-success.org\/en\/edition-2023-perennisation-du-business-des-femmes-croissance-de-lentrepreneuriat-feminin\/\">\n\t\t\t\t\t\t\t<img decoding=\"async\" src=\"https:\/\/women-success.org\/wp-content\/uploads\/elementor\/thumbs\/Couv-Women-Success-Forum-2-rmfmds0nezgt59icpmhq8bwxr2iye1t0ciibzs5ilc.jpg\" title=\"Women Success\" alt=\"Women Success Form 2023\" class=\"elementor-animation-grow\" loading=\"lazy\" \/>\t\t\t\t\t\t\t\t<\/a>\n\t\t\t\t\t\t\t\t\t\t\t\t\t\t\t<\/div>\n\t\t\t\t<div class=\"elementor-element elementor-element-04e8cb6 elementor-widget elementor-widget-text-editor\" data-id=\"04e8cb6\" data-element_type=\"widget\" data-e-type=\"widget\" data-widget_type=\"text-editor.default\">\n\t\t\t\t\t\t\t\t\t<p><a href=\"https:\/\/women-success.org\/en\/edition-2023-perennisation-du-business-des-femmes-croissance-de-lentrepreneuriat-feminin\/\">\u00c9dition 2023 : P\u00e9rennisation du business des femmes : croissance de l\u2019entrepreneuriat f\u00e9minin<\/a><\/p>\t\t\t\t\t\t\t\t<\/div>\n\t\t\t\t<\/div>\n\t\t<div class=\"elementor-element elementor-element-767e584 e-con-full e-flex elementor-invisible e-con e-child\" data-id=\"767e584\" data-element_type=\"container\" data-e-type=\"container\" data-settings=\"{&quot;animation&quot;:&quot;fadeInUp&quot;}\">\n\t\t\t\t<\/div>\n\t\t<div class=\"elementor-element elementor-element-5c0ae91 e-con-full e-flex elementor-invisible e-con e-child\" data-id=\"5c0ae91\" data-element_type=\"container\" data-e-type=\"container\" data-settings=\"{&quot;animation&quot;:&quot;fadeInUp&quot;}\">\n\t\t\t\t<\/div>\n\t\t\t\t<\/div>\n\t\t\t\t\t<\/div>\n\t\t\t\t<\/div>\n\t\t\t\t<\/div>","protected":false},"excerpt":{"rendered":"<p>\u00c9dition 2025 : Impact Investing : Financer des initiatives entrepreneuriales f\u00e9minines pour une \u00e9conomie durable La troisi\u00e8me \u00e9dition du Women Success Forum se tiendra du 24 au 29 novembre 2025 \u00e0 N\u2019Djam\u00e9na. Cette \u00e9dition mettra l\u2019accent sur la finance inclusive et l\u2019investissement \u00e0 impact au service des initiatives f\u00e9minines. Objectifs de l\u2019\u00e9dition 2025 : Former [&hellip;]<\/p>\n","protected":false},"author":2,"featured_media":0,"parent":0,"menu_order":0,"comment_status":"closed","ping_status":"closed","template":"","meta":{"footnotes":""},"class_list":["post-1266","page","type-page","status-publish","hentry"],"_links":{"self":[{"href":"https:\/\/women-success.org\/en\/wp-json\/wp\/v2\/pages\/1266","targetHints":{"allow":["GET"]}}],"collection":[{"href":"https:\/\/women-success.org\/en\/wp-json\/wp\/v2\/pages"}],"about":[{"href":"https:\/\/women-success.org\/en\/wp-json\/wp\/v2\/types\/page"}],"author":[{"embeddable":true,"href":"https:\/\/women-success.org\/en\/wp-json\/wp\/v2\/users\/2"}],"replies":[{"embeddable":true,"href":"https:\/\/women-success.org\/en\/wp-json\/wp\/v2\/comments?post=1266"}],"version-history":[{"count":7,"href":"https:\/\/women-success.org\/en\/wp-json\/wp\/v2\/pages\/1266\/revisions"}],"predecessor-version":[{"id":1280,"href":"https:\/\/women-success.org\/en\/wp-json\/wp\/v2\/pages\/1266\/revisions\/1280"}],"wp:attachment":[{"href":"https:\/\/women-success.org\/en\/wp-json\/wp\/v2\/media?parent=1266"}],"curies":[{"name":"wp","href":"https:\/\/api.w.org\/{rel}","templated":true}]}}