{"id":20,"date":"2025-11-20T22:16:43","date_gmt":"2025-11-20T22:16:43","guid":{"rendered":"https:\/\/women-success.org\/?page_id=20"},"modified":"2026-04-23T16:28:58","modified_gmt":"2026-04-23T16:28:58","slug":"women-success-forum-awards","status":"publish","type":"page","link":"https:\/\/women-success.org\/en\/women-success-forum-awards\/","title":{"rendered":"Women Success Forum &amp; Awards"},"content":{"rendered":"<div data-elementor-type=\"wp-page\" data-elementor-id=\"20\" class=\"elementor elementor-20\" data-elementor-post-type=\"page\">\n\t\t\t\t<div class=\"elementor-element elementor-element-ca613fc e-flex e-con-boxed e-con e-parent\" data-id=\"ca613fc\" data-element_type=\"container\" data-e-type=\"container\" data-settings=\"{&quot;background_background&quot;:&quot;classic&quot;}\">\n\t\t\t\t\t<div class=\"e-con-inner\">\n\t\t\t\t<div class=\"elementor-element elementor-element-ad679ba elementor-widget elementor-widget-heading\" data-id=\"ad679ba\" data-element_type=\"widget\" data-e-type=\"widget\" data-widget_type=\"heading.default\">\n\t\t\t\t\t<h1 class=\"elementor-heading-title elementor-size-default\">Women Success Forum &amp; Awards<\/h1>\t\t\t\t<\/div>\n\t\t\t\t\t<\/div>\n\t\t\t\t<\/div>\n\t\t<div class=\"elementor-element elementor-element-797ca02 e-flex e-con-boxed e-con e-parent\" data-id=\"797ca02\" data-element_type=\"container\" data-e-type=\"container\">\n\t\t\t\t\t<div class=\"e-con-inner\">\n\t\t<div class=\"elementor-element elementor-element-583dfa4 e-con-full e-flex e-con e-child\" data-id=\"583dfa4\" data-element_type=\"container\" data-e-type=\"container\">\n\t\t\t\t<div class=\"elementor-element elementor-element-c9c2e12 elementor-widget elementor-widget-text-editor\" data-id=\"c9c2e12\" data-element_type=\"widget\" data-e-type=\"widget\" data-widget_type=\"text-editor.default\">\n\t\t\t\t\t\t\t\t\t<p>A Platform for Inspiration and Action for Women\u2019s Entrepreneurship in Chad<\/p><p>The Women Success Forum is a biennial event organized by Women Success, bringing together hundreds of women entrepreneurs, leaders, and committed partners around a shared objective: making women\u2019s entrepreneurship a sustainable driver of economic and social development<\/p><p>Each edition of the Forum combines training sessions, panel discussions, exhibitions, networking opportunities, and the celebration of female excellence through the Women Success Awards.<\/p><p>It serves as a true platform for learning, advocacy, and economic opportunities for women in Chad and across the sub-region.<\/p>\t\t\t\t\t\t\t\t<\/div>\n\t\t\t\t<\/div>\n\t\t\t\t\t<\/div>\n\t\t\t\t<\/div>\n\t\t<div class=\"elementor-element elementor-element-9adcd70 e-flex e-con-boxed e-con e-parent\" data-id=\"9adcd70\" data-element_type=\"container\" data-e-type=\"container\">\n\t\t\t\t\t<div class=\"e-con-inner\">\n\t\t<div class=\"elementor-element elementor-element-a4de027 e-con-full e-flex e-con e-child\" data-id=\"a4de027\" data-element_type=\"container\" data-e-type=\"container\">\n\t\t<div class=\"elementor-element elementor-element-809e7ce e-con-full e-flex elementor-invisible e-con e-child\" data-id=\"809e7ce\" data-element_type=\"container\" data-e-type=\"container\" data-settings=\"{&quot;animation&quot;:&quot;fadeInUp&quot;}\">\n\t\t\t\t<div class=\"elementor-element elementor-element-a5a546e elementor-widget elementor-widget-image\" data-id=\"a5a546e\" data-element_type=\"widget\" data-e-type=\"widget\" data-widget_type=\"image.default\">\n\t\t\t\t\t\t\t\t\t\t\t\t\t\t\t\t<a href=\"https:\/\/women-success.org\/en\/edition-2021-une-femme-un-business\/\">\n\t\t\t\t\t\t\t<img decoding=\"async\" src=\"https:\/\/women-success.org\/wp-content\/uploads\/elementor\/thumbs\/Couv-Women-Success-Forum_1-rmfm95n7tb522a80p4krgzwclvazjmgipn1e1t076o.jpg\" title=\"Couv- Women Success Forum_1\" alt=\"Couv- Women Success Forum_1\" class=\"elementor-animation-grow\" loading=\"lazy\" \/>\t\t\t\t\t\t\t\t<\/a>\n\t\t\t\t\t\t\t\t\t\t\t\t\t\t\t<\/div>\n\t\t\t\t<div class=\"elementor-element elementor-element-ba933a3 elementor-widget elementor-widget-text-editor\" data-id=\"ba933a3\" data-element_type=\"widget\" data-e-type=\"widget\" data-widget_type=\"text-editor.default\">\n\t\t\t\t\t\t\t\t\t<p><a href=\"https:\/\/women-success.org\/en\/edition-2021-une-femme-un-business\/\">\u00c9dition 2021 : Une femme, un business<\/a><\/p>\t\t\t\t\t\t\t\t<\/div>\n\t\t\t\t<\/div>\n\t\t<div class=\"elementor-element elementor-element-8638db9 e-con-full e-flex elementor-invisible e-con e-child\" data-id=\"8638db9\" data-element_type=\"container\" data-e-type=\"container\" data-settings=\"{&quot;animation&quot;:&quot;fadeInUp&quot;}\">\n\t\t\t\t<div class=\"elementor-element elementor-element-ade074b elementor-widget elementor-widget-image\" data-id=\"ade074b\" data-element_type=\"widget\" data-e-type=\"widget\" data-widget_type=\"image.default\">\n\t\t\t\t\t\t\t\t\t\t\t\t\t\t\t\t<a href=\"https:\/\/women-success.org\/en\/edition-2023-perennisation-du-business-des-femmes-croissance-de-lentrepreneuriat-feminin\/\">\n\t\t\t\t\t\t\t<img decoding=\"async\" src=\"https:\/\/women-success.org\/wp-content\/uploads\/elementor\/thumbs\/Couv-Women-Success-Forum-2-rmfmds0nezgt59icpmhq8bwxr2iye1t0ciibzs5ilc.jpg\" title=\"Women Success\" alt=\"Women Success Form 2023\" class=\"elementor-animation-grow\" loading=\"lazy\" \/>\t\t\t\t\t\t\t\t<\/a>\n\t\t\t\t\t\t\t\t\t\t\t\t\t\t\t<\/div>\n\t\t\t\t<div class=\"elementor-element elementor-element-f9d421a elementor-widget elementor-widget-text-editor\" data-id=\"f9d421a\" data-element_type=\"widget\" data-e-type=\"widget\" data-widget_type=\"text-editor.default\">\n\t\t\t\t\t\t\t\t\t<p><a href=\"https:\/\/women-success.org\/en\/edition-2023-perennisation-du-business-des-femmes-croissance-de-lentrepreneuriat-feminin\/\">\u00c9dition 2023 : P\u00e9rennisation du business des femmes : croissance de l\u2019entrepreneuriat f\u00e9minin<\/a><\/p>\t\t\t\t\t\t\t\t<\/div>\n\t\t\t\t<\/div>\n\t\t<div class=\"elementor-element elementor-element-f1ce533 e-con-full e-flex elementor-invisible e-con e-child\" data-id=\"f1ce533\" data-element_type=\"container\" data-e-type=\"container\" data-settings=\"{&quot;animation&quot;:&quot;fadeInUp&quot;}\">\n\t\t\t\t<div class=\"elementor-element elementor-element-43556ea elementor-widget elementor-widget-image\" data-id=\"43556ea\" data-element_type=\"widget\" data-e-type=\"widget\" data-widget_type=\"image.default\">\n\t\t\t\t\t\t\t\t\t\t\t\t\t\t\t\t<a href=\"https:\/\/women-success.org\/en\/edition-2025-impact-investing-financer-des-initiatives-entrepreneuriales-feminines-pour-une-economie-durable\/\">\n\t\t\t\t\t\t\t<img decoding=\"async\" src=\"https:\/\/women-success.org\/wp-content\/uploads\/elementor\/thumbs\/Couv-Women-Success-Forum-3-rmfml45arfidrouovanw6z9gocd3gzxl0ttruj9w0w.jpg\" title=\"Women Success Forum 3eme \u00e9dition\" alt=\"Les AWARDS de Women Success Forum 3eme \u00e9dition sous le th\u00e8me &quot;Unies pour l&#039;autonomisation des femmes&quot;\" class=\"elementor-animation-grow\" loading=\"lazy\" \/>\t\t\t\t\t\t\t\t<\/a>\n\t\t\t\t\t\t\t\t\t\t\t\t\t\t\t<\/div>\n\t\t\t\t<div class=\"elementor-element elementor-element-b4ccf13 elementor-widget elementor-widget-text-editor\" data-id=\"b4ccf13\" data-element_type=\"widget\" data-e-type=\"widget\" data-widget_type=\"text-editor.default\">\n\t\t\t\t\t\t\t\t\t<p><a href=\"https:\/\/women-success.org\/en\/edition-2025-impact-investing-financer-des-initiatives-entrepreneuriales-feminines-pour-une-economie-durable\/\">\u00c9dition 2025 : Impact Investing : Financer des initiatives entrepreneuriales f\u00e9minines pour une \u00e9conomie durable<\/a><\/p>\t\t\t\t\t\t\t\t<\/div>\n\t\t\t\t<\/div>\n\t\t\t\t<\/div>\n\t\t\t\t\t<\/div>\n\t\t\t\t<\/div>\n\t\t<div class=\"elementor-element elementor-element-efddc38 e-con-full e-flex e-con e-parent\" data-id=\"efddc38\" data-element_type=\"container\" data-e-type=\"container\">\n\t\t\t\t<div class=\"elementor-element elementor-element-8614c21 animated-fast carousel-women-success elementor-pagination-position-outside elementor-invisible elementor-widget elementor-widget-image-carousel\" data-id=\"8614c21\" data-element_type=\"widget\" data-e-type=\"widget\" data-settings=\"{&quot;slides_to_show&quot;:&quot;3&quot;,&quot;slides_to_show_tablet&quot;:&quot;2&quot;,&quot;slides_to_show_mobile&quot;:&quot;1&quot;,&quot;navigation&quot;:&quot;dots&quot;,&quot;autoplay_speed&quot;:2500,&quot;_animation&quot;:&quot;fadeInUp&quot;,&quot;_animation_delay&quot;:150,&quot;autoplay&quot;:&quot;yes&quot;,&quot;pause_on_hover&quot;:&quot;yes&quot;,&quot;pause_on_interaction&quot;:&quot;yes&quot;,&quot;infinite&quot;:&quot;yes&quot;,&quot;speed&quot;:500}\" data-widget_type=\"image-carousel.default\">\n\t\t\t\t\t\t\t<div class=\"elementor-image-carousel-wrapper swiper\" role=\"region\" aria-roledescription=\"carousel\" aria-label=\"Image Carousel\" dir=\"ltr\">\n\t\t\t<div class=\"elementor-image-carousel swiper-wrapper\" aria-live=\"off\">\n\t\t\t\t\t\t\t\t<div class=\"swiper-slide\" role=\"group\" aria-roledescription=\"slide\" aria-label=\"1 sur 8\"><figure class=\"swiper-slide-inner\"><img decoding=\"async\" class=\"swiper-slide-image\" src=\"https:\/\/women-success.org\/wp-content\/uploads\/2026\/02\/Women-Success-Forum-Awards-3-1024x683.jpg\" alt=\"Women Success Forum &amp; Awards 3\" \/><\/figure><\/div><div class=\"swiper-slide\" role=\"group\" aria-roledescription=\"slide\" aria-label=\"2 sur 8\"><figure class=\"swiper-slide-inner\"><img decoding=\"async\" class=\"swiper-slide-image\" src=\"https:\/\/women-success.org\/wp-content\/uploads\/2026\/02\/Women-Success-Forum-Awards-4-1024x683.jpg\" alt=\"Women Success Forum &amp; Awards 4\" \/><\/figure><\/div><div class=\"swiper-slide\" role=\"group\" aria-roledescription=\"slide\" aria-label=\"3 sur 8\"><figure class=\"swiper-slide-inner\"><img decoding=\"async\" class=\"swiper-slide-image\" src=\"https:\/\/women-success.org\/wp-content\/uploads\/2026\/02\/Women-Success-Forum-Awards-5-1024x683.jpg\" alt=\"Women Success Forum &amp; Awards 5\" \/><\/figure><\/div><div class=\"swiper-slide\" role=\"group\" aria-roledescription=\"slide\" aria-label=\"4 sur 8\"><figure class=\"swiper-slide-inner\"><img decoding=\"async\" class=\"swiper-slide-image\" src=\"https:\/\/women-success.org\/wp-content\/uploads\/2026\/02\/Women-Success-Forum-Awards-6-1024x911.jpg\" alt=\"Women Success Forum &amp; Awards 6\" \/><\/figure><\/div><div class=\"swiper-slide\" role=\"group\" aria-roledescription=\"slide\" aria-label=\"5 sur 8\"><figure class=\"swiper-slide-inner\"><img decoding=\"async\" class=\"swiper-slide-image\" src=\"https:\/\/women-success.org\/wp-content\/uploads\/2026\/02\/Women-Success-Forum-Awards-7-1024x771.jpg\" alt=\"Les AWARDS de Women Success Forum 3eme \u00e9dition sous le th\u00e8me &quot;Unies pour l&#039;autonomisation des femmes&quot;\" \/><\/figure><\/div><div class=\"swiper-slide\" role=\"group\" aria-roledescription=\"slide\" aria-label=\"6 sur 8\"><figure class=\"swiper-slide-inner\"><img decoding=\"async\" class=\"swiper-slide-image\" src=\"https:\/\/women-success.org\/wp-content\/uploads\/2026\/02\/Women-Success-Forum-Awards-8-1024x771.jpg\" alt=\"Les AWARDS de Women Success Forum 3eme \u00e9dition sous le th\u00e8me &quot;Unies pour l&#039;autonomisation des femmes&quot;\" \/><\/figure><\/div><div class=\"swiper-slide\" role=\"group\" aria-roledescription=\"slide\" aria-label=\"7 sur 8\"><figure class=\"swiper-slide-inner\"><img decoding=\"async\" class=\"swiper-slide-image\" src=\"https:\/\/women-success.org\/wp-content\/uploads\/2026\/02\/Women-Success-Forum-Awards-9-1024x683.jpg\" alt=\"Jour2\" \/><\/figure><\/div><div class=\"swiper-slide\" role=\"group\" aria-roledescription=\"slide\" aria-label=\"8 sur 8\"><figure class=\"swiper-slide-inner\"><img decoding=\"async\" class=\"swiper-slide-image\" src=\"https:\/\/women-success.org\/wp-content\/uploads\/2026\/02\/Women-Success-Forum-Awards-10-1024x683.jpg\" alt=\"Women Success Forum &amp; Awards 10\" \/><\/figure><\/div>\t\t\t<\/div>\n\t\t\t\t\t\t\t\n\t\t\t\t\t\t\t\t\t<div class=\"swiper-pagination\"><\/div>\n\t\t\t\t\t\t\t\t\t<\/div>\n\t\t\t\t\t\t<\/div>\n\t\t\t\t<\/div>\n\t\t\t\t<\/div>","protected":false},"excerpt":{"rendered":"<p>Women Success Forum &amp; Awards Une plateforme d\u2019inspiration et d\u2019action pour l\u2019entrepreneuriat f\u00e9minin au Tchad Le Women Success Forum est un \u00e9v\u00e9nement biennal organis\u00e9 par Women Success, qui r\u00e9unit des centaines de femmes entrepreneures, leaders et partenaires engag\u00e9s autour d\u2019un m\u00eame objectif : faire de l\u2019entrepreneuriat f\u00e9minin un levier durable de d\u00e9veloppement \u00e9conomique et social. [&hellip;]<\/p>\n","protected":false},"author":2,"featured_media":0,"parent":0,"menu_order":0,"comment_status":"closed","ping_status":"closed","template":"","meta":{"footnotes":""},"class_list":["post-20","page","type-page","status-publish","hentry"],"_links":{"self":[{"href":"https:\/\/women-success.org\/en\/wp-json\/wp\/v2\/pages\/20","targetHints":{"allow":["GET"]}}],"collection":[{"href":"https:\/\/women-success.org\/en\/wp-json\/wp\/v2\/pages"}],"about":[{"href":"https:\/\/women-success.org\/en\/wp-json\/wp\/v2\/types\/page"}],"author":[{"embeddable":true,"href":"https:\/\/women-success.org\/en\/wp-json\/wp\/v2\/users\/2"}],"replies":[{"embeddable":true,"href":"https:\/\/women-success.org\/en\/wp-json\/wp\/v2\/comments?post=20"}],"version-history":[{"count":28,"href":"https:\/\/women-success.org\/en\/wp-json\/wp\/v2\/pages\/20\/revisions"}],"predecessor-version":[{"id":1283,"href":"https:\/\/women-success.org\/en\/wp-json\/wp\/v2\/pages\/20\/revisions\/1283"}],"wp:attachment":[{"href":"https:\/\/women-success.org\/en\/wp-json\/wp\/v2\/media?parent=20"}],"curies":[{"name":"wp","href":"https:\/\/api.w.org\/{rel}","templated":true}]}}