{"id":22,"date":"2025-11-20T22:17:05","date_gmt":"2025-11-20T22:17:05","guid":{"rendered":"https:\/\/women-success.org\/?page_id=22"},"modified":"2026-03-02T21:42:29","modified_gmt":"2026-03-02T21:42:29","slug":"actualites","status":"publish","type":"page","link":"https:\/\/women-success.org\/en\/actualites\/","title":{"rendered":"News"},"content":{"rendered":"\t\t<div data-elementor-type=\"wp-page\" data-elementor-id=\"22\" class=\"elementor elementor-22\" data-elementor-post-type=\"page\">\n\t\t\t\t<div class=\"elementor-element elementor-element-0fd240e e-flex e-con-boxed e-con e-parent\" data-id=\"0fd240e\" data-element_type=\"container\" data-e-type=\"container\">\n\t\t\t\t\t<div class=\"e-con-inner\">\n\t\t\t\t<div class=\"elementor-element elementor-element-451864e elementor-widget elementor-widget-heading\" data-id=\"451864e\" data-element_type=\"widget\" data-e-type=\"widget\" data-widget_type=\"heading.default\">\n\t\t\t\t\t<h1 class=\"elementor-heading-title elementor-size-default\">Actualit\u00e9s<\/h1>\t\t\t\t<\/div>\n\t\t\t\t<div class=\"elementor-element elementor-element-6b6d206 elementor-widget elementor-widget-text-editor\" data-id=\"6b6d206\" data-element_type=\"widget\" data-e-type=\"widget\" data-widget_type=\"text-editor.default\">\n\t\t\t\t\t\t\t\t\t<p>Retrouvez les actions, communiqu\u00e9s et campagnes de Women Success.<\/p>\t\t\t\t\t\t\t\t<\/div>\n\t\t\t\t\t<\/div>\n\t\t\t\t<\/div>\n\t\t<div class=\"elementor-element elementor-element-7be99e6 e-flex e-con-boxed e-con e-parent\" data-id=\"7be99e6\" data-element_type=\"container\" data-e-type=\"container\">\n\t\t\t\t\t<div class=\"e-con-inner\">\n\t\t\t\t<div class=\"elementor-element elementor-element-b0edc43 elementor-grid-3 elementor-grid-tablet-2 elementor-grid-mobile-1 elementor-widget elementor-widget-loop-grid\" data-id=\"b0edc43\" data-element_type=\"widget\" data-e-type=\"widget\" data-settings=\"{&quot;template_id&quot;:791,&quot;_skin&quot;:&quot;post&quot;,&quot;columns&quot;:&quot;3&quot;,&quot;columns_tablet&quot;:&quot;2&quot;,&quot;columns_mobile&quot;:&quot;1&quot;,&quot;edit_handle_selector&quot;:&quot;[data-elementor-type=\\&quot;loop-item\\&quot;]&quot;,&quot;row_gap&quot;:{&quot;unit&quot;:&quot;px&quot;,&quot;size&quot;:&quot;&quot;,&quot;sizes&quot;:[]},&quot;row_gap_tablet&quot;:{&quot;unit&quot;:&quot;px&quot;,&quot;size&quot;:&quot;&quot;,&quot;sizes&quot;:[]},&quot;row_gap_mobile&quot;:{&quot;unit&quot;:&quot;px&quot;,&quot;size&quot;:&quot;&quot;,&quot;sizes&quot;:[]}}\" data-widget_type=\"loop-grid.post\">\n\t\t\t\t<div class=\"elementor-widget-container\">\n\t\t\t\t\t\t\t<div class=\"elementor-loop-container elementor-grid\" role=\"list\">\n\t\t<style id=\"loop-791\">.elementor-791 .elementor-element.elementor-element-9c84472{--display:flex;}.elementor-widget-theme-post-featured-image .widget-image-caption{color:var( --e-global-color-text );font-family:var( --e-global-typography-text-font-family ), Sans-serif;font-weight:var( --e-global-typography-text-font-weight );}.elementor-791 .elementor-element.elementor-element-29a056e img{width:100%;height:240px;object-fit:cover;object-position:center center;filter:brightness( 100% ) contrast( 100% ) saturate( 100% ) blur( 0px ) hue-rotate( 0deg );}.elementor-widget-post-info .elementor-icon-list-item:not(:last-child):after{border-color:var( --e-global-color-text );}.elementor-widget-post-info .elementor-icon-list-icon i{color:var( --e-global-color-primary );}.elementor-widget-post-info .elementor-icon-list-icon svg{fill:var( --e-global-color-primary );}.elementor-widget-post-info .elementor-icon-list-text, .elementor-widget-post-info .elementor-icon-list-text a{color:var( --e-global-color-secondary );}.elementor-widget-post-info .elementor-icon-list-item{font-family:var( --e-global-typography-text-font-family ), Sans-serif;font-weight:var( --e-global-typography-text-font-weight );}.elementor-791 .elementor-element.elementor-element-d9f6fd3 .elementor-icon-list-icon{width:14px;}.elementor-791 .elementor-element.elementor-element-d9f6fd3 .elementor-icon-list-icon i{font-size:14px;}.elementor-791 .elementor-element.elementor-element-d9f6fd3 .elementor-icon-list-icon svg{--e-icon-list-icon-size:14px;}.elementor-791 .elementor-element.elementor-element-d9f6fd3 .elementor-icon-list-text, .elementor-791 .elementor-element.elementor-element-d9f6fd3 .elementor-icon-list-text a{color:var( --e-global-color-a68bb46 );}.elementor-791 .elementor-element.elementor-element-d9f6fd3 .elementor-icon-list-item{font-family:\"Montserrat\", Sans-serif;font-size:12px;font-weight:600;}.elementor-791 .elementor-element.elementor-element-d9f6fd3{margin:-39px 0px calc(var(--kit-widget-spacing, 0px) + 0px) 0px;padding:6px 11px 6px 11px;background-color:var( --e-global-color-primary );border-radius:0px 0px 0px 0px;}.elementor-791 .elementor-element.elementor-element-d9f6fd3.elementor-element{--align-self:flex-start;}.elementor-widget-theme-post-title .elementor-heading-title{font-family:var( --e-global-typography-primary-font-family ), Sans-serif;font-weight:var( --e-global-typography-primary-font-weight );color:var( --e-global-color-primary );}.elementor-791 .elementor-element.elementor-element-f2fb494 .elementor-heading-title{font-family:\"Montserrat\", Sans-serif;font-size:20px;font-weight:600;text-decoration:none;letter-spacing:-1px;}.elementor-791 .elementor-element.elementor-element-f2fb494 .elementor-heading-title a:hover, .elementor-791 .elementor-element.elementor-element-f2fb494 .elementor-heading-title a:focus{color:var( --e-global-color-accent );}.elementor-791 .elementor-element.elementor-element-f2fb494 .elementor-heading-title a{transition-duration:0.6s;}.elementor-791 .elementor-element.elementor-element-f2fb494{margin:10px 0px calc(var(--kit-widget-spacing, 0px) + 0px) 0px;padding:0px 0px 0px 0px;}.elementor-791 .elementor-element.elementor-element-3cc4984 .elementor-icon-list-icon{width:14px;}.elementor-791 .elementor-element.elementor-element-3cc4984 .elementor-icon-list-icon i{font-size:14px;}.elementor-791 .elementor-element.elementor-element-3cc4984 .elementor-icon-list-icon svg{--e-icon-list-icon-size:14px;}.elementor-791 .elementor-element.elementor-element-3cc4984 .elementor-icon-list-text, .elementor-791 .elementor-element.elementor-element-3cc4984 .elementor-icon-list-text a{color:#646168;}.elementor-791 .elementor-element.elementor-element-3cc4984 .elementor-icon-list-item{font-family:\"Montserrat\", Sans-serif;font-size:14px;font-weight:400;}.elementor-791 .elementor-element.elementor-element-3cc4984{margin:0px 0px calc(var(--kit-widget-spacing, 0px) + 15px) 0px;}<\/style>\t\t<div data-elementor-type=\"loop-item\" data-elementor-id=\"791\" class=\"elementor elementor-791 e-loop-item e-loop-item-722 post-722 post type-post status-publish format-standard has-post-thumbnail hentry category-actualites\" data-elementor-post-type=\"elementor_library\" data-custom-edit-handle=\"1\">\n\t\t\t<div class=\"elementor-element elementor-element-9c84472 e-flex e-con-boxed e-con e-parent\" data-id=\"9c84472\" data-element_type=\"container\" data-e-type=\"container\">\n\t\t\t\t\t<div class=\"e-con-inner\">\n\t\t\t\t<div class=\"elementor-element elementor-element-29a056e elementor-widget elementor-widget-theme-post-featured-image elementor-widget-image\" data-id=\"29a056e\" data-element_type=\"widget\" data-e-type=\"widget\" data-widget_type=\"theme-post-featured-image.default\">\n\t\t\t\t\t\t\t\t\t\t\t\t\t\t\t\t<a href=\"https:\/\/women-success.org\/en\/actualites\/women-success-celebre-les-femmes-et-filles-de-sciences-a-travers-une-visite-immersive-dans-un-garage-mecanique\/\">\n\t\t\t\t\t\t\t<img decoding=\"async\" width=\"800\" height=\"448\" src=\"https:\/\/women-success.org\/wp-content\/uploads\/2026\/02\/360A0777-3-1024x573.jpg\" class=\"attachment-large size-large wp-image-723\" alt=\"\" srcset=\"https:\/\/women-success.org\/wp-content\/uploads\/2026\/02\/360A0777-3-1024x573.jpg 1024w, https:\/\/women-success.org\/wp-content\/uploads\/2026\/02\/360A0777-3-300x168.jpg 300w, https:\/\/women-success.org\/wp-content\/uploads\/2026\/02\/360A0777-3-768x430.jpg 768w, https:\/\/women-success.org\/wp-content\/uploads\/2026\/02\/360A0777-3-1536x860.jpg 1536w, https:\/\/women-success.org\/wp-content\/uploads\/2026\/02\/360A0777-3-2048x1146.jpg 2048w, https:\/\/women-success.org\/wp-content\/uploads\/2026\/02\/360A0777-3-18x10.jpg 18w\" sizes=\"(max-width: 800px) 100vw, 800px\" \/>\t\t\t\t\t\t\t\t<\/a>\n\t\t\t\t\t\t\t\t\t\t\t\t\t\t\t<\/div>\n\t\t\t\t<div class=\"elementor-element elementor-element-d9f6fd3 elementor-align-center elementor-widget elementor-widget-post-info\" data-id=\"d9f6fd3\" data-element_type=\"widget\" data-e-type=\"widget\" data-widget_type=\"post-info.default\">\n\t\t\t\t\t\t\t<ul class=\"elementor-inline-items elementor-icon-list-items elementor-post-info\">\n\t\t\t\t\t\t\t\t<li class=\"elementor-icon-list-item elementor-repeater-item-5639e54 elementor-inline-item\" itemprop=\"about\">\n\t\t\t\t\t\t\t\t\t\t\t\t\t<span class=\"elementor-icon-list-text elementor-post-info__item elementor-post-info__item--type-terms\">\n\t\t\t\t\t\t\t\t\t\t<span class=\"elementor-post-info__terms-list\">\n\t\t\t\t<span class=\"elementor-post-info__terms-list-item\">Actualit\u00e9s<\/span>\t\t\t\t<\/span>\n\t\t\t\t\t<\/span>\n\t\t\t\t\t\t\t\t<\/li>\n\t\t\t\t<\/ul>\n\t\t\t\t\t\t<\/div>\n\t\t\t\t<div class=\"elementor-element elementor-element-f2fb494 elementor-widget elementor-widget-theme-post-title elementor-page-title elementor-widget-heading\" data-id=\"f2fb494\" data-element_type=\"widget\" data-e-type=\"widget\" data-widget_type=\"theme-post-title.default\">\n\t\t\t\t\t<h3 class=\"elementor-heading-title elementor-size-default\"><a href=\"https:\/\/women-success.org\/en\/actualites\/women-success-celebre-les-femmes-et-filles-de-sciences-a-travers-une-visite-immersive-dans-un-garage-mecanique\/\">Women Success c\u00e9l\u00e8bre les femmes et filles de sciences \u00e0 travers une visite immersive dans un garage m\u00e9canique<\/a><\/h3>\t\t\t\t<\/div>\n\t\t\t\t<div class=\"elementor-element elementor-element-3cc4984 elementor-widget elementor-widget-post-info\" data-id=\"3cc4984\" data-element_type=\"widget\" data-e-type=\"widget\" data-widget_type=\"post-info.default\">\n\t\t\t\t\t\t\t<ul class=\"elementor-inline-items elementor-icon-list-items elementor-post-info\">\n\t\t\t\t\t\t\t\t<li class=\"elementor-icon-list-item elementor-repeater-item-e63be5b elementor-inline-item\" itemprop=\"datePublished\">\n\t\t\t\t\t\t\t\t\t\t\t\t\t<span class=\"elementor-icon-list-text elementor-post-info__item elementor-post-info__item--type-date\">\n\t\t\t\t\t\t\t\t\t\t<time>19 Feb 2026<\/time>\t\t\t\t\t<\/span>\n\t\t\t\t\t\t\t\t<\/li>\n\t\t\t\t<\/ul>\n\t\t\t\t\t\t<\/div>\n\t\t\t\t\t<\/div>\n\t\t\t\t<\/div>\n\t\t\t\t<\/div>\n\t\t\t\t<div data-elementor-type=\"loop-item\" data-elementor-id=\"791\" class=\"elementor elementor-791 e-loop-item e-loop-item-933 post-933 post type-post status-publish format-standard has-post-thumbnail hentry category-actualites\" data-elementor-post-type=\"elementor_library\" data-custom-edit-handle=\"1\">\n\t\t\t<div class=\"elementor-element elementor-element-9c84472 e-flex e-con-boxed e-con e-parent\" data-id=\"9c84472\" data-element_type=\"container\" data-e-type=\"container\">\n\t\t\t\t\t<div class=\"e-con-inner\">\n\t\t\t\t<div class=\"elementor-element elementor-element-29a056e elementor-widget elementor-widget-theme-post-featured-image elementor-widget-image\" data-id=\"29a056e\" data-element_type=\"widget\" data-e-type=\"widget\" data-widget_type=\"theme-post-featured-image.default\">\n\t\t\t\t\t\t\t\t\t\t\t\t\t\t\t\t<a href=\"https:\/\/women-success.org\/en\/actualites\/former-des-champions-de-legalite-pour-promouvoir-les-droits-des-femmes\/\">\n\t\t\t\t\t\t\t<img decoding=\"async\" width=\"800\" height=\"546\" src=\"https:\/\/women-success.org\/wp-content\/uploads\/2026\/03\/IMG-20251221-WA0655-1024x699.jpg\" class=\"attachment-large size-large wp-image-934\" alt=\"\" srcset=\"https:\/\/women-success.org\/wp-content\/uploads\/2026\/03\/IMG-20251221-WA0655-1024x699.jpg 1024w, https:\/\/women-success.org\/wp-content\/uploads\/2026\/03\/IMG-20251221-WA0655-300x205.jpg 300w, https:\/\/women-success.org\/wp-content\/uploads\/2026\/03\/IMG-20251221-WA0655-768x524.jpg 768w, https:\/\/women-success.org\/wp-content\/uploads\/2026\/03\/IMG-20251221-WA0655-1536x1049.jpg 1536w, https:\/\/women-success.org\/wp-content\/uploads\/2026\/03\/IMG-20251221-WA0655-2048x1398.jpg 2048w, https:\/\/women-success.org\/wp-content\/uploads\/2026\/03\/IMG-20251221-WA0655-18x12.jpg 18w\" sizes=\"(max-width: 800px) 100vw, 800px\" \/>\t\t\t\t\t\t\t\t<\/a>\n\t\t\t\t\t\t\t\t\t\t\t\t\t\t\t<\/div>\n\t\t\t\t<div class=\"elementor-element elementor-element-d9f6fd3 elementor-align-center elementor-widget elementor-widget-post-info\" data-id=\"d9f6fd3\" data-element_type=\"widget\" data-e-type=\"widget\" data-widget_type=\"post-info.default\">\n\t\t\t\t\t\t\t<ul class=\"elementor-inline-items elementor-icon-list-items elementor-post-info\">\n\t\t\t\t\t\t\t\t<li class=\"elementor-icon-list-item elementor-repeater-item-5639e54 elementor-inline-item\" itemprop=\"about\">\n\t\t\t\t\t\t\t\t\t\t\t\t\t<span class=\"elementor-icon-list-text elementor-post-info__item elementor-post-info__item--type-terms\">\n\t\t\t\t\t\t\t\t\t\t<span class=\"elementor-post-info__terms-list\">\n\t\t\t\t<span class=\"elementor-post-info__terms-list-item\">Actualit\u00e9s<\/span>\t\t\t\t<\/span>\n\t\t\t\t\t<\/span>\n\t\t\t\t\t\t\t\t<\/li>\n\t\t\t\t<\/ul>\n\t\t\t\t\t\t<\/div>\n\t\t\t\t<div class=\"elementor-element elementor-element-f2fb494 elementor-widget elementor-widget-theme-post-title elementor-page-title elementor-widget-heading\" data-id=\"f2fb494\" data-element_type=\"widget\" data-e-type=\"widget\" data-widget_type=\"theme-post-title.default\">\n\t\t\t\t\t<h3 class=\"elementor-heading-title elementor-size-default\"><a href=\"https:\/\/women-success.org\/en\/actualites\/former-des-champions-de-legalite-pour-promouvoir-les-droits-des-femmes\/\">Former des \u00ab Champions de l\u2019\u00c9galit\u00e9 \u00bb pour promouvoir les droits des femmes<\/a><\/h3>\t\t\t\t<\/div>\n\t\t\t\t<div class=\"elementor-element elementor-element-3cc4984 elementor-widget elementor-widget-post-info\" data-id=\"3cc4984\" data-element_type=\"widget\" data-e-type=\"widget\" data-widget_type=\"post-info.default\">\n\t\t\t\t\t\t\t<ul class=\"elementor-inline-items elementor-icon-list-items elementor-post-info\">\n\t\t\t\t\t\t\t\t<li class=\"elementor-icon-list-item elementor-repeater-item-e63be5b elementor-inline-item\" itemprop=\"datePublished\">\n\t\t\t\t\t\t\t\t\t\t\t\t\t<span class=\"elementor-icon-list-text elementor-post-info__item elementor-post-info__item--type-date\">\n\t\t\t\t\t\t\t\t\t\t<time>20 Dec 2025<\/time>\t\t\t\t\t<\/span>\n\t\t\t\t\t\t\t\t<\/li>\n\t\t\t\t<\/ul>\n\t\t\t\t\t\t<\/div>\n\t\t\t\t\t<\/div>\n\t\t\t\t<\/div>\n\t\t\t\t<\/div>\n\t\t\t\t<div data-elementor-type=\"loop-item\" data-elementor-id=\"791\" class=\"elementor elementor-791 e-loop-item e-loop-item-893 post-893 post type-post status-publish format-standard has-post-thumbnail hentry category-actualites\" data-elementor-post-type=\"elementor_library\" data-custom-edit-handle=\"1\">\n\t\t\t<div class=\"elementor-element elementor-element-9c84472 e-flex e-con-boxed e-con e-parent\" data-id=\"9c84472\" data-element_type=\"container\" data-e-type=\"container\">\n\t\t\t\t\t<div class=\"e-con-inner\">\n\t\t\t\t<div class=\"elementor-element elementor-element-29a056e elementor-widget elementor-widget-theme-post-featured-image elementor-widget-image\" data-id=\"29a056e\" data-element_type=\"widget\" data-e-type=\"widget\" data-widget_type=\"theme-post-featured-image.default\">\n\t\t\t\t\t\t\t\t\t\t\t\t\t\t\t\t<a href=\"https:\/\/women-success.org\/en\/actualites\/women-success-renforce-les-capacites-de-jeunes-femmes-entrepreneures-a-ndjamena\/\">\n\t\t\t\t\t\t\t<img decoding=\"async\" width=\"800\" height=\"533\" src=\"https:\/\/women-success.org\/wp-content\/uploads\/2026\/03\/IMG-20251010-WA0237-1024x682.jpg\" class=\"attachment-large size-large wp-image-894\" alt=\"Women Success renforce les capacit\u00e9s de jeunes femmes entrepreneures \u00e0 N\u2019Djamena\" srcset=\"https:\/\/women-success.org\/wp-content\/uploads\/2026\/03\/IMG-20251010-WA0237-1024x682.jpg 1024w, https:\/\/women-success.org\/wp-content\/uploads\/2026\/03\/IMG-20251010-WA0237-300x200.jpg 300w, https:\/\/women-success.org\/wp-content\/uploads\/2026\/03\/IMG-20251010-WA0237-768x512.jpg 768w, https:\/\/women-success.org\/wp-content\/uploads\/2026\/03\/IMG-20251010-WA0237-1536x1024.jpg 1536w, https:\/\/women-success.org\/wp-content\/uploads\/2026\/03\/IMG-20251010-WA0237-2048x1365.jpg 2048w, https:\/\/women-success.org\/wp-content\/uploads\/2026\/03\/IMG-20251010-WA0237-18x12.jpg 18w\" sizes=\"(max-width: 800px) 100vw, 800px\" \/>\t\t\t\t\t\t\t\t<\/a>\n\t\t\t\t\t\t\t\t\t\t\t\t\t\t\t<\/div>\n\t\t\t\t<div class=\"elementor-element elementor-element-d9f6fd3 elementor-align-center elementor-widget elementor-widget-post-info\" data-id=\"d9f6fd3\" data-element_type=\"widget\" data-e-type=\"widget\" data-widget_type=\"post-info.default\">\n\t\t\t\t\t\t\t<ul class=\"elementor-inline-items elementor-icon-list-items elementor-post-info\">\n\t\t\t\t\t\t\t\t<li class=\"elementor-icon-list-item elementor-repeater-item-5639e54 elementor-inline-item\" itemprop=\"about\">\n\t\t\t\t\t\t\t\t\t\t\t\t\t<span class=\"elementor-icon-list-text elementor-post-info__item elementor-post-info__item--type-terms\">\n\t\t\t\t\t\t\t\t\t\t<span class=\"elementor-post-info__terms-list\">\n\t\t\t\t<span class=\"elementor-post-info__terms-list-item\">Actualit\u00e9s<\/span>\t\t\t\t<\/span>\n\t\t\t\t\t<\/span>\n\t\t\t\t\t\t\t\t<\/li>\n\t\t\t\t<\/ul>\n\t\t\t\t\t\t<\/div>\n\t\t\t\t<div class=\"elementor-element elementor-element-f2fb494 elementor-widget elementor-widget-theme-post-title elementor-page-title elementor-widget-heading\" data-id=\"f2fb494\" data-element_type=\"widget\" data-e-type=\"widget\" data-widget_type=\"theme-post-title.default\">\n\t\t\t\t\t<h3 class=\"elementor-heading-title elementor-size-default\"><a href=\"https:\/\/women-success.org\/en\/actualites\/women-success-renforce-les-capacites-de-jeunes-femmes-entrepreneures-a-ndjamena\/\">Women Success renforce les capacit\u00e9s de jeunes femmes entrepreneures \u00e0 N\u2019Djamena<\/a><\/h3>\t\t\t\t<\/div>\n\t\t\t\t<div class=\"elementor-element elementor-element-3cc4984 elementor-widget elementor-widget-post-info\" data-id=\"3cc4984\" data-element_type=\"widget\" data-e-type=\"widget\" data-widget_type=\"post-info.default\">\n\t\t\t\t\t\t\t<ul class=\"elementor-inline-items elementor-icon-list-items elementor-post-info\">\n\t\t\t\t\t\t\t\t<li class=\"elementor-icon-list-item elementor-repeater-item-e63be5b elementor-inline-item\" itemprop=\"datePublished\">\n\t\t\t\t\t\t\t\t\t\t\t\t\t<span class=\"elementor-icon-list-text elementor-post-info__item elementor-post-info__item--type-date\">\n\t\t\t\t\t\t\t\t\t\t<time>18 Oct 2025<\/time>\t\t\t\t\t<\/span>\n\t\t\t\t\t\t\t\t<\/li>\n\t\t\t\t<\/ul>\n\t\t\t\t\t\t<\/div>\n\t\t\t\t\t<\/div>\n\t\t\t\t<\/div>\n\t\t\t\t<\/div>\n\t\t\t\t<\/div>\n\t\t\n\t\t\t\t\t\t<\/div>\n\t\t\t\t<\/div>\n\t\t\t\t\t<\/div>\n\t\t\t\t<\/div>\n\t\t\t\t<\/div>\n\t\t","protected":false},"excerpt":{"rendered":"<p>Actualit\u00e9s Retrouvez les actions, communiqu\u00e9s et campagnes de Women Success.<\/p>","protected":false},"author":2,"featured_media":0,"parent":0,"menu_order":0,"comment_status":"closed","ping_status":"closed","template":"","meta":{"footnotes":""},"class_list":["post-22","page","type-page","status-publish","hentry"],"_links":{"self":[{"href":"https:\/\/women-success.org\/en\/wp-json\/wp\/v2\/pages\/22","targetHints":{"allow":["GET"]}}],"collection":[{"href":"https:\/\/women-success.org\/en\/wp-json\/wp\/v2\/pages"}],"about":[{"href":"https:\/\/women-success.org\/en\/wp-json\/wp\/v2\/types\/page"}],"author":[{"embeddable":true,"href":"https:\/\/women-success.org\/en\/wp-json\/wp\/v2\/users\/2"}],"replies":[{"embeddable":true,"href":"https:\/\/women-success.org\/en\/wp-json\/wp\/v2\/comments?post=22"}],"version-history":[{"count":7,"href":"https:\/\/women-success.org\/en\/wp-json\/wp\/v2\/pages\/22\/revisions"}],"predecessor-version":[{"id":796,"href":"https:\/\/women-success.org\/en\/wp-json\/wp\/v2\/pages\/22\/revisions\/796"}],"wp:attachment":[{"href":"https:\/\/women-success.org\/en\/wp-json\/wp\/v2\/media?parent=22"}],"curies":[{"name":"wp","href":"https:\/\/api.w.org\/{rel}","templated":true}]}}