{"id":246,"date":"2025-11-23T20:51:19","date_gmt":"2025-11-23T20:51:19","guid":{"rendered":"https:\/\/women-success.org\/?page_id=246"},"modified":"2026-03-13T19:13:15","modified_gmt":"2026-03-13T19:13:15","slug":"notre-equipe","status":"publish","type":"page","link":"https:\/\/women-success.org\/en\/notre-equipe\/","title":{"rendered":"Our Team"},"content":{"rendered":"<div data-elementor-type=\"wp-page\" data-elementor-id=\"246\" class=\"elementor elementor-246\" data-elementor-post-type=\"page\">\n\t\t\t\t<div class=\"elementor-element elementor-element-100d60c e-flex e-con-boxed e-con e-parent\" data-id=\"100d60c\" data-element_type=\"container\" data-e-type=\"container\" data-settings=\"{&quot;background_background&quot;:&quot;classic&quot;}\">\n\t\t\t\t\t<div class=\"e-con-inner\">\n\t\t\t\t<div class=\"elementor-element elementor-element-73177c6 elementor-widget elementor-widget-heading\" data-id=\"73177c6\" data-element_type=\"widget\" data-e-type=\"widget\" data-widget_type=\"heading.default\">\n\t\t\t\t\t<h1 class=\"elementor-heading-title elementor-size-default\">Our Team and Our Values<\/h1>\t\t\t\t<\/div>\n\t\t\t\t\t<\/div>\n\t\t\t\t<\/div>\n\t\t<div class=\"elementor-element elementor-element-1e8a443 e-flex e-con-boxed e-con e-parent\" data-id=\"1e8a443\" data-element_type=\"container\" data-e-type=\"container\">\n\t\t\t\t\t<div class=\"e-con-inner\">\n\t\t\t\t<div class=\"elementor-element elementor-element-8c0e27d elementor-widget elementor-widget-text-editor\" data-id=\"8c0e27d\" data-element_type=\"widget\" data-e-type=\"widget\" data-widget_type=\"text-editor.default\">\n\t\t\t\t\t\t\t\t\t<p>Our team is made up of women who are deeply committed to gender equality. We believe in the power of collective action and in women\u2019s solidarity as a driving force for change.<\/p><p>Our core values are : <strong>commitment, integrity, sisterhood, and impact.<\/strong><\/p>\t\t\t\t\t\t\t\t<\/div>\n\t\t\t\t<div class=\"elementor-element elementor-element-32cf119 elementor-widget elementor-widget-text-editor\" data-id=\"32cf119\" data-element_type=\"widget\" data-e-type=\"widget\" data-widget_type=\"text-editor.default\">\n\t\t\t\t\t\t\t\t\t<ul><li>Fouyaba Ir\u00e8ne \u2013 President<\/li><li>Nome-Are Elodie \u2013 Legal Affairs and Women\u2019s Rights Officer, Project Coordinator<\/li><li>Yann\u00e9 Naoura \u2013 Program Officer and Women Success Awards Coordinator<\/li><li>Briah Allarassem \u2013 Training Programs Officer<\/li><li>Deneamn\u00e9 Nad\u00e8ge \u2013 Women\u2019s Health and Well-being Programs Manager<\/li><li>Tchaknon\u00e9 Christianne \u2013 Finance Manager<\/li><li>Judith Kaib\u00e9 \u2013 Finance Manager<\/li><li>Nelkem Marthe \u2013 Communications Officer<\/li><li>Mon\u00e9nodji F\u00e9licit\u00e9 \u2013 Community Services Manager \/ Social Activities Coordinator<\/li><li>Remadji Anasthasie \u2013 Administrative and Logistics Assistant<\/li><\/ul>\t\t\t\t\t\t\t\t<\/div>\n\t\t\t\t\t<\/div>\n\t\t\t\t<\/div>\n\t\t\t\t<\/div>","protected":false},"excerpt":{"rendered":"<p>Notre \u00e9quipe et nos valeurs Notre \u00e9quipe est compos\u00e9e de femmes passionn\u00e9es par l\u2019\u00e9galit\u00e9 de genre. Nous croyons en la force du collectif et en la solidarit\u00e9 f\u00e9minine comme moteur du changement. Nos valeurs fondamentales : engagement, int\u00e9grit\u00e9, sororit\u00e9 et impact. Fouyaba Ir\u00e8ne, Pr\u00e9sidente Nome-are Elodie, Responsable Juridique et questions de Droit de femmes, Coordinatrice [&hellip;]<\/p>\n","protected":false},"author":2,"featured_media":0,"parent":0,"menu_order":0,"comment_status":"closed","ping_status":"closed","template":"","meta":{"footnotes":""},"class_list":["post-246","page","type-page","status-publish","hentry"],"_links":{"self":[{"href":"https:\/\/women-success.org\/en\/wp-json\/wp\/v2\/pages\/246","targetHints":{"allow":["GET"]}}],"collection":[{"href":"https:\/\/women-success.org\/en\/wp-json\/wp\/v2\/pages"}],"about":[{"href":"https:\/\/women-success.org\/en\/wp-json\/wp\/v2\/types\/page"}],"author":[{"embeddable":true,"href":"https:\/\/women-success.org\/en\/wp-json\/wp\/v2\/users\/2"}],"replies":[{"embeddable":true,"href":"https:\/\/women-success.org\/en\/wp-json\/wp\/v2\/comments?post=246"}],"version-history":[{"count":28,"href":"https:\/\/women-success.org\/en\/wp-json\/wp\/v2\/pages\/246\/revisions"}],"predecessor-version":[{"id":1032,"href":"https:\/\/women-success.org\/en\/wp-json\/wp\/v2\/pages\/246\/revisions\/1032"}],"wp:attachment":[{"href":"https:\/\/women-success.org\/en\/wp-json\/wp\/v2\/media?parent=246"}],"curies":[{"name":"wp","href":"https:\/\/api.w.org\/{rel}","templated":true}]}}