{"id":322,"date":"2025-11-25T18:41:41","date_gmt":"2025-11-25T18:41:41","guid":{"rendered":"https:\/\/women-success.org\/?page_id=322"},"modified":"2026-03-26T21:42:01","modified_gmt":"2026-03-26T21:42:01","slug":"education-egalite-des-chances","status":"publish","type":"page","link":"https:\/\/women-success.org\/en\/education-egalite-des-chances\/","title":{"rendered":"Education &amp; Equal Opportunities"},"content":{"rendered":"<div data-elementor-type=\"wp-page\" data-elementor-id=\"322\" class=\"elementor elementor-322\" data-elementor-post-type=\"page\">\n\t\t\t\t<div class=\"elementor-element elementor-element-fa42381 e-flex e-con-boxed e-con e-parent\" data-id=\"fa42381\" data-element_type=\"container\" data-e-type=\"container\" data-settings=\"{&quot;background_background&quot;:&quot;classic&quot;}\">\n\t\t\t\t\t<div class=\"e-con-inner\">\n\t\t\t\t<div class=\"elementor-element elementor-element-30cbbf8 elementor-widget elementor-widget-heading\" data-id=\"30cbbf8\" data-element_type=\"widget\" data-e-type=\"widget\" data-widget_type=\"heading.default\">\n\t\t\t\t\t<h1 class=\"elementor-heading-title elementor-size-default\">Education &amp; Equal Opportunities<\/h1>\t\t\t\t<\/div>\n\t\t\t\t\t<\/div>\n\t\t\t\t<\/div>\n\t\t<div class=\"elementor-element elementor-element-962ee9a e-flex e-con-boxed e-con e-parent\" data-id=\"962ee9a\" data-element_type=\"container\" data-e-type=\"container\">\n\t\t\t\t\t<div class=\"e-con-inner\">\n\t\t<div class=\"elementor-element elementor-element-2403d58 e-con-full e-flex e-con e-child\" data-id=\"2403d58\" data-element_type=\"container\" data-e-type=\"container\">\n\t\t\t\t<div class=\"elementor-element elementor-element-852e20c elementor-widget elementor-widget-text-editor\" data-id=\"852e20c\" data-element_type=\"widget\" data-e-type=\"widget\" data-widget_type=\"text-editor.default\">\n\t\t\t\t\t\t\t\t\t<p>Convinced that education is the foundation of autonomy and equality, <strong>Women Success<\/strong> works to ensure that every girl has the opportunity to learn, dream, and build her future, regardless of her background or living conditions.<\/p>\t\t\t\t\t\t\t\t<\/div>\n\t\t\t\t<\/div>\n\t\t\t\t\t<\/div>\n\t\t\t\t<\/div>\n\t\t<div class=\"elementor-element elementor-element-bc02551 e-flex e-con-boxed e-con e-parent\" data-id=\"bc02551\" data-element_type=\"container\" data-e-type=\"container\">\n\t\t\t\t\t<div class=\"e-con-inner\">\n\t\t<div class=\"elementor-element elementor-element-caaf5de e-con-full e-flex e-con e-child\" data-id=\"caaf5de\" data-element_type=\"container\" data-e-type=\"container\">\n\t\t<div class=\"elementor-element elementor-element-7d73842 e-con-full e-flex elementor-invisible e-con e-child\" data-id=\"7d73842\" data-element_type=\"container\" data-e-type=\"container\" data-settings=\"{&quot;animation&quot;:&quot;fadeInUp&quot;}\">\n\t\t\t\t<div class=\"elementor-element elementor-element-ba05171 elementor-widget elementor-widget-image\" data-id=\"ba05171\" data-element_type=\"widget\" data-e-type=\"widget\" data-widget_type=\"image.default\">\n\t\t\t\t\t\t\t\t\t\t\t\t\t\t\t\t<a href=\"https:\/\/women-success.org\/en\/together-for-her\/\">\n\t\t\t\t\t\t\t<img decoding=\"async\" src=\"https:\/\/women-success.org\/wp-content\/uploads\/elementor\/thumbs\/Couv-Together-for-her-rl3ff1p4s467s4autzt222o68rnu4hz0qhwzbac40w.jpg\" title=\"Couv-Together for her\" alt=\"Couv-Together for her\" class=\"elementor-animation-grow\" loading=\"lazy\" \/>\t\t\t\t\t\t\t\t<\/a>\n\t\t\t\t\t\t\t\t\t\t\t\t\t\t\t<\/div>\n\t\t\t\t<div class=\"elementor-element elementor-element-126634d elementor-widget elementor-widget-text-editor\" data-id=\"126634d\" data-element_type=\"widget\" data-e-type=\"widget\" data-widget_type=\"text-editor.default\">\n\t\t\t\t\t\t\t\t\t<p><a href=\"https:\/\/women-success.org\/en\/together-for-her\/\">Together for Her<\/a><\/p>\t\t\t\t\t\t\t\t<\/div>\n\t\t\t\t<\/div>\n\t\t<div class=\"elementor-element elementor-element-e802073 e-con-full e-flex elementor-invisible e-con e-child\" data-id=\"e802073\" data-element_type=\"container\" data-e-type=\"container\" data-settings=\"{&quot;animation&quot;:&quot;fadeInUp&quot;}\">\n\t\t\t\t<div class=\"elementor-element elementor-element-497032f elementor-widget elementor-widget-image\" data-id=\"497032f\" data-element_type=\"widget\" data-e-type=\"widget\" data-widget_type=\"image.default\">\n\t\t\t\t\t\t\t\t\t\t\t\t\t\t\t\t<a href=\"https:\/\/women-success.org\/en\/programme-de-lutte-contre-la-precarite-menstruelle\/\">\n\t\t\t\t\t\t\t<img decoding=\"async\" src=\"https:\/\/women-success.org\/wp-content\/uploads\/elementor\/thumbs\/Couv-Programme-de-lutte-contre-la-precarite-menstruelle-rl3f975a985zjgsozgsmjjsx6ghm8ar59js7tb0aqo.jpg\" title=\"Couv-Programme de lutte contre la pr\u00e9carit\u00e9 menstruelle\" alt=\"Couv-Programme de lutte contre la pr\u00e9carit\u00e9 menstruelle\" class=\"elementor-animation-grow\" loading=\"lazy\" \/>\t\t\t\t\t\t\t\t<\/a>\n\t\t\t\t\t\t\t\t\t\t\t\t\t\t\t<\/div>\n\t\t\t\t<div class=\"elementor-element elementor-element-00f32e0 elementor-widget elementor-widget-text-editor\" data-id=\"00f32e0\" data-element_type=\"widget\" data-e-type=\"widget\" data-widget_type=\"text-editor.default\">\n\t\t\t\t\t\t\t\t\t<a href=\"https:\/\/women-success.org\/en\/programme-de-lutte-contre-la-precarite-menstruelle\/\">Programme de lutte<br> contre la pr\u00e9carit\u00e9 menstruelle<\/a>\t\t\t\t\t\t\t\t<\/div>\n\t\t\t\t<\/div>\n\t\t\t\t<\/div>\n\t\t\t\t\t<\/div>\n\t\t\t\t<\/div>\n\t\t<div class=\"elementor-element elementor-element-719091d e-con-full e-flex e-con e-parent\" data-id=\"719091d\" data-element_type=\"container\" data-e-type=\"container\">\n\t\t\t\t<div class=\"elementor-element elementor-element-1829133 animated-fast carousel-women-success elementor-pagination-position-outside elementor-invisible elementor-widget elementor-widget-image-carousel\" data-id=\"1829133\" data-element_type=\"widget\" data-e-type=\"widget\" data-settings=\"{&quot;slides_to_show&quot;:&quot;3&quot;,&quot;slides_to_show_tablet&quot;:&quot;2&quot;,&quot;slides_to_show_mobile&quot;:&quot;1&quot;,&quot;navigation&quot;:&quot;dots&quot;,&quot;autoplay_speed&quot;:2500,&quot;_animation&quot;:&quot;fadeInUp&quot;,&quot;_animation_delay&quot;:150,&quot;autoplay&quot;:&quot;yes&quot;,&quot;pause_on_hover&quot;:&quot;yes&quot;,&quot;pause_on_interaction&quot;:&quot;yes&quot;,&quot;infinite&quot;:&quot;yes&quot;,&quot;speed&quot;:500}\" data-widget_type=\"image-carousel.default\">\n\t\t\t\t\t\t\t<div class=\"elementor-image-carousel-wrapper swiper\" role=\"region\" aria-roledescription=\"carousel\" aria-label=\"Image Carousel\" dir=\"ltr\">\n\t\t\t<div class=\"elementor-image-carousel swiper-wrapper\" aria-live=\"off\">\n\t\t\t\t\t\t\t\t<div class=\"swiper-slide\" role=\"group\" aria-roledescription=\"slide\" aria-label=\"1 of 8\"><figure class=\"swiper-slide-inner\"><img decoding=\"async\" class=\"swiper-slide-image\" src=\"https:\/\/women-success.org\/wp-content\/uploads\/2026\/02\/MG_9732ok-1024x769.jpg\" alt=\"_MG_9732ok\" \/><\/figure><\/div><div class=\"swiper-slide\" role=\"group\" aria-roledescription=\"slide\" aria-label=\"2 of 8\"><figure class=\"swiper-slide-inner\"><img decoding=\"async\" class=\"swiper-slide-image\" src=\"https:\/\/women-success.org\/wp-content\/uploads\/2026\/02\/Education-egalite-des-chances-3-1024x771.jpg\" alt=\"Women Success Forum 3eme \u00e9dition sous le th\u00e8me &quot;Unies pour l&#039;autonomisation des femmes&quot;\" \/><\/figure><\/div><div class=\"swiper-slide\" role=\"group\" aria-roledescription=\"slide\" aria-label=\"3 of 8\"><figure class=\"swiper-slide-inner\"><img decoding=\"async\" class=\"swiper-slide-image\" src=\"https:\/\/women-success.org\/wp-content\/uploads\/2026\/02\/Education-des-filles-journee-femmes-et-filles-de-sciences-7-1024x683.jpg\" alt=\"Education des filles -journ\u00e9e femmes et filles de sciences 7\" \/><\/figure><\/div><div class=\"swiper-slide\" role=\"group\" aria-roledescription=\"slide\" aria-label=\"4 of 8\"><figure class=\"swiper-slide-inner\"><img decoding=\"async\" class=\"swiper-slide-image\" src=\"https:\/\/women-success.org\/wp-content\/uploads\/2026\/02\/Education-des-filles-Journee-Internationale-de-la-fille-3-1024x591.jpg\" alt=\"Education des filles-Journ\u00e9e Internationale de la fille 3\" \/><\/figure><\/div><div class=\"swiper-slide\" role=\"group\" aria-roledescription=\"slide\" aria-label=\"5 of 8\"><figure class=\"swiper-slide-inner\"><img decoding=\"async\" class=\"swiper-slide-image\" src=\"https:\/\/women-success.org\/wp-content\/uploads\/2026\/02\/Education-des-filles-lutte-contre-la-precarite-menstruelle-2-1024x683.jpg\" alt=\"Education des filles-lutte contre la pr\u00e9carit\u00e9 menstruelle 2\" \/><\/figure><\/div><div class=\"swiper-slide\" role=\"group\" aria-roledescription=\"slide\" aria-label=\"6 of 8\"><figure class=\"swiper-slide-inner\"><img decoding=\"async\" class=\"swiper-slide-image\" src=\"https:\/\/women-success.org\/wp-content\/uploads\/2026\/02\/Femme-et-filles-sciente-1024x683.jpg\" alt=\"Femme et filles sciente\" \/><\/figure><\/div><div class=\"swiper-slide\" role=\"group\" aria-roledescription=\"slide\" aria-label=\"7 of 8\"><figure class=\"swiper-slide-inner\"><img decoding=\"async\" class=\"swiper-slide-image\" src=\"https:\/\/women-success.org\/wp-content\/uploads\/2026\/02\/IMGL0162ok-1024x771.jpg\" alt=\"Women Success Forum 3eme \u00e9dition sous le th\u00e8me &quot;Unies pour l&#039;autonomisation des femmes&quot;\" \/><\/figure><\/div><div class=\"swiper-slide\" role=\"group\" aria-roledescription=\"slide\" aria-label=\"8 of 8\"><figure class=\"swiper-slide-inner\"><img decoding=\"async\" class=\"swiper-slide-image\" src=\"https:\/\/women-success.org\/wp-content\/uploads\/2026\/02\/WhatsApp-Image-2025-05-29-a-01.01.52_9346ad7c-1024x682.jpg\" alt=\"WhatsApp Image 2025-05-29 \u00e0 01.01.52_9346ad7c\" \/><\/figure><\/div>\t\t\t<\/div>\n\t\t\t\t\t\t\t\n\t\t\t\t\t\t\t\t\t<div class=\"swiper-pagination\"><\/div>\n\t\t\t\t\t\t\t\t\t<\/div>\n\t\t\t\t\t\t<\/div>\n\t\t\t\t<\/div>\n\t\t\t\t<\/div>","protected":false},"excerpt":{"rendered":"<p>\u00c9ducation &amp; \u00e9galit\u00e9 des chances Convaincue que l\u2019\u00e9ducation est le socle de l\u2019autonomie et de l\u2019\u00e9galit\u00e9, Women Success \u0153uvre pour que chaque fille ait la possibilit\u00e9 d\u2019apprendre, de r\u00eaver et de construire son avenir, quelles que soient ses origines ou ses conditions de vie. Together for Her Programme de lutte contre la pr\u00e9carit\u00e9 menstruelle<\/p>","protected":false},"author":2,"featured_media":0,"parent":0,"menu_order":0,"comment_status":"closed","ping_status":"closed","template":"","meta":{"footnotes":""},"class_list":["post-322","page","type-page","status-publish","hentry"],"_links":{"self":[{"href":"https:\/\/women-success.org\/en\/wp-json\/wp\/v2\/pages\/322","targetHints":{"allow":["GET"]}}],"collection":[{"href":"https:\/\/women-success.org\/en\/wp-json\/wp\/v2\/pages"}],"about":[{"href":"https:\/\/women-success.org\/en\/wp-json\/wp\/v2\/types\/page"}],"author":[{"embeddable":true,"href":"https:\/\/women-success.org\/en\/wp-json\/wp\/v2\/users\/2"}],"replies":[{"embeddable":true,"href":"https:\/\/women-success.org\/en\/wp-json\/wp\/v2\/comments?post=322"}],"version-history":[{"count":28,"href":"https:\/\/women-success.org\/en\/wp-json\/wp\/v2\/pages\/322\/revisions"}],"predecessor-version":[{"id":1141,"href":"https:\/\/women-success.org\/en\/wp-json\/wp\/v2\/pages\/322\/revisions\/1141"}],"wp:attachment":[{"href":"https:\/\/women-success.org\/en\/wp-json\/wp\/v2\/media?parent=322"}],"curies":[{"name":"wp","href":"https:\/\/api.w.org\/{rel}","templated":true}]}}