{"id":331,"date":"2025-11-25T21:04:40","date_gmt":"2025-11-25T21:04:40","guid":{"rendered":"https:\/\/women-success.org\/?page_id=331"},"modified":"2026-04-22T20:43:30","modified_gmt":"2026-04-22T20:43:30","slug":"lutte-contre-les-violences-basees-sur-le-genre-promotion-de-legalite","status":"publish","type":"page","link":"https:\/\/women-success.org\/en\/lutte-contre-les-violences-basees-sur-le-genre-promotion-de-legalite\/","title":{"rendered":"Gender-Based Violence Prevention &amp; Equality"},"content":{"rendered":"<div data-elementor-type=\"wp-page\" data-elementor-id=\"331\" class=\"elementor elementor-331\" data-elementor-post-type=\"page\">\n\t\t\t\t<div class=\"elementor-element elementor-element-c2e7646 e-flex e-con-boxed e-con e-parent\" data-id=\"c2e7646\" data-element_type=\"container\" data-e-type=\"container\" data-settings=\"{&quot;background_background&quot;:&quot;classic&quot;}\">\n\t\t\t\t\t<div class=\"e-con-inner\">\n\t\t\t\t<div class=\"elementor-element elementor-element-7622b9c elementor-widget elementor-widget-heading\" data-id=\"7622b9c\" data-element_type=\"widget\" data-e-type=\"widget\" data-widget_type=\"heading.default\">\n\t\t\t\t\t<h1 class=\"elementor-heading-title elementor-size-default\">Gender-Based Violence Prevention &amp; Equality<\/h1>\t\t\t\t<\/div>\n\t\t\t\t\t<\/div>\n\t\t\t\t<\/div>\n\t\t<div class=\"elementor-element elementor-element-a7956a6 e-flex e-con-boxed e-con e-parent\" data-id=\"a7956a6\" data-element_type=\"container\" data-e-type=\"container\">\n\t\t\t\t\t<div class=\"e-con-inner\">\n\t\t<div class=\"elementor-element elementor-element-68cb8ed e-con-full e-flex e-con e-child\" data-id=\"68cb8ed\" data-element_type=\"container\" data-e-type=\"container\">\n\t\t\t\t<div class=\"elementor-element elementor-element-16df0d6 elementor-widget elementor-widget-text-editor\" data-id=\"16df0d6\" data-element_type=\"widget\" data-e-type=\"widget\" data-widget_type=\"text-editor.default\">\n\t\t\t\t\t\t\t\t\t<p>Because no society can thrive in fear or injustice, <strong>Women Success<\/strong> works to prevent and combat all forms of violence against women and girls, while promoting a culture of respect, equality, and solidarity.<\/p><p>Through its awareness-raising, advocacy, and support programs, the organization contributes to building <strong>violence-free communities<\/strong>, where women and girls can express themselves, thrive, and have their voices heard.<\/p>\t\t\t\t\t\t\t\t<\/div>\n\t\t\t\t<\/div>\n\t\t\t\t\t<\/div>\n\t\t\t\t<\/div>\n\t\t<div class=\"elementor-element elementor-element-d454897 e-flex e-con-boxed e-con e-parent\" data-id=\"d454897\" data-element_type=\"container\" data-e-type=\"container\">\n\t\t\t\t\t<div class=\"e-con-inner\">\n\t\t<div class=\"elementor-element elementor-element-8c89e19 e-con-full e-flex e-con e-child\" data-id=\"8c89e19\" data-element_type=\"container\" data-e-type=\"container\">\n\t\t<div class=\"elementor-element elementor-element-f614780 e-con-full e-flex elementor-invisible e-con e-child\" data-id=\"f614780\" data-element_type=\"container\" data-e-type=\"container\" data-settings=\"{&quot;animation&quot;:&quot;fadeInUp&quot;}\">\n\t\t\t\t<div class=\"elementor-element elementor-element-c48fda0 elementor-widget elementor-widget-image\" data-id=\"c48fda0\" data-element_type=\"widget\" data-e-type=\"widget\" data-widget_type=\"image.default\">\n\t\t\t\t\t\t\t\t\t\t\t\t\t\t\t\t<a href=\"https:\/\/women-success.org\/en\/clubs-des-heroines-contre-les-vbg\/\">\n\t\t\t\t\t\t\t<img decoding=\"async\" src=\"https:\/\/women-success.org\/wp-content\/uploads\/elementor\/thumbs\/Couv-Club-des-Heroines-section-VBG-rmeckxgmvabf64jytwfhdeu8chhq01znngxns0x1eo.jpg\" title=\"Couv- Club des Heroines-section VBG\" alt=\"Club des Heroines-section VBG\" class=\"elementor-animation-grow\" loading=\"lazy\" \/>\t\t\t\t\t\t\t\t<\/a>\n\t\t\t\t\t\t\t\t\t\t\t\t\t\t\t<\/div>\n\t\t\t\t<div class=\"elementor-element elementor-element-c7159a3 elementor-widget elementor-widget-text-editor\" data-id=\"c7159a3\" data-element_type=\"widget\" data-e-type=\"widget\" data-widget_type=\"text-editor.default\">\n\t\t\t\t\t\t\t\t\t<p><a href=\"https:\/\/women-success.org\/en\/clubs-des-heroines-contre-les-vbg\/\">Heroines Clubs Against Gender-Based Violence<\/a><\/p>\t\t\t\t\t\t\t\t<\/div>\n\t\t\t\t<\/div>\n\t\t<div class=\"elementor-element elementor-element-eabfee2 e-con-full e-flex elementor-invisible e-con e-child\" data-id=\"eabfee2\" data-element_type=\"container\" data-e-type=\"container\" data-settings=\"{&quot;animation&quot;:&quot;fadeInUp&quot;}\">\n\t\t\t\t<div class=\"elementor-element elementor-element-50d4fe7 elementor-widget elementor-widget-image\" data-id=\"50d4fe7\" data-element_type=\"widget\" data-e-type=\"widget\" data-widget_type=\"image.default\">\n\t\t\t\t\t\t\t\t\t\t\t\t\t\t\t\t<a href=\"https:\/\/women-success.org\/en\/les-16-jours-dactivisme-contre-les-vbg\/\">\n\t\t\t\t\t\t\t<img decoding=\"async\" src=\"https:\/\/women-success.org\/wp-content\/uploads\/elementor\/thumbs\/Couv-16-jours-dactivisme-section-VBG-rmecpu6ak51bstfa60tce68w0xaq75h6zrky01n0ww.jpg\" title=\"Couv-16 jours d&rsquo;activisme- section VBG\" alt=\"16 jours d&#039;activisme- section VBG\" class=\"elementor-animation-grow\" loading=\"lazy\" \/>\t\t\t\t\t\t\t\t<\/a>\n\t\t\t\t\t\t\t\t\t\t\t\t\t\t\t<\/div>\n\t\t\t\t<div class=\"elementor-element elementor-element-4b9b64a elementor-widget elementor-widget-text-editor\" data-id=\"4b9b64a\" data-element_type=\"widget\" data-e-type=\"widget\" data-widget_type=\"text-editor.default\">\n\t\t\t\t\t\t\t\t\t<p><a href=\"https:\/\/women-success.org\/en\/les-16-jours-dactivisme-contre-les-vbg\/\">16 Days of Activism Against Gender-Based Violence<\/a><\/p>\t\t\t\t\t\t\t\t<\/div>\n\t\t\t\t<\/div>\n\t\t<div class=\"elementor-element elementor-element-357354e e-con-full e-flex elementor-invisible e-con e-child\" data-id=\"357354e\" data-element_type=\"container\" data-e-type=\"container\" data-settings=\"{&quot;animation&quot;:&quot;fadeInUp&quot;}\">\n\t\t\t\t<div class=\"elementor-element elementor-element-4840088 elementor-widget elementor-widget-image\" data-id=\"4840088\" data-element_type=\"widget\" data-e-type=\"widget\" data-widget_type=\"image.default\">\n\t\t\t\t\t\t\t\t\t\t\t\t\t\t\t\t<a href=\"https:\/\/women-success.org\/en\/campagne-jagis-pour-legalite\/\">\n\t\t\t\t\t\t\t<img decoding=\"async\" src=\"https:\/\/women-success.org\/wp-content\/uploads\/elementor\/thumbs\/Couv-jagis-pour-legalite-VBG-rmecsi1tx8okp1k0m69agi1wm8660a1tcy4gy9ova8.jpg\" title=\"Couv-jagis pour legalit\u00e9-VBG\" alt=\"Couv-jagis pour legalit\u00e9-VBG\" class=\"elementor-animation-grow\" loading=\"lazy\" \/>\t\t\t\t\t\t\t\t<\/a>\n\t\t\t\t\t\t\t\t\t\t\t\t\t\t\t<\/div>\n\t\t\t\t<div class=\"elementor-element elementor-element-2c18b34 elementor-widget elementor-widget-text-editor\" data-id=\"2c18b34\" data-element_type=\"widget\" data-e-type=\"widget\" data-widget_type=\"text-editor.default\">\n\t\t\t\t\t\t\t\t\t<p><a href=\"https:\/\/women-success.org\/en\/campagne-jagis-pour-legalite\/\">\u201cI Act for Equality\u201d Campaign<\/a><\/p>\t\t\t\t\t\t\t\t<\/div>\n\t\t\t\t<\/div>\n\t\t\t\t<\/div>\n\t\t\t\t\t<\/div>\n\t\t\t\t<\/div>\n\t\t<div class=\"elementor-element elementor-element-4c4bd31 e-con-full e-flex e-con e-parent\" data-id=\"4c4bd31\" data-element_type=\"container\" data-e-type=\"container\">\n\t\t\t\t<div class=\"elementor-element elementor-element-de3a6b2 animated-fast carousel-women-success elementor-pagination-position-outside elementor-invisible elementor-widget elementor-widget-image-carousel\" data-id=\"de3a6b2\" data-element_type=\"widget\" data-e-type=\"widget\" data-settings=\"{&quot;slides_to_show&quot;:&quot;3&quot;,&quot;slides_to_show_tablet&quot;:&quot;2&quot;,&quot;slides_to_show_mobile&quot;:&quot;1&quot;,&quot;navigation&quot;:&quot;dots&quot;,&quot;autoplay_speed&quot;:2500,&quot;_animation&quot;:&quot;fadeInUp&quot;,&quot;_animation_delay&quot;:150,&quot;autoplay&quot;:&quot;yes&quot;,&quot;pause_on_hover&quot;:&quot;yes&quot;,&quot;pause_on_interaction&quot;:&quot;yes&quot;,&quot;infinite&quot;:&quot;yes&quot;,&quot;speed&quot;:500}\" data-widget_type=\"image-carousel.default\">\n\t\t\t\t\t\t\t<div class=\"elementor-image-carousel-wrapper swiper\" role=\"region\" aria-roledescription=\"carousel\" aria-label=\"Image Carousel\" dir=\"ltr\">\n\t\t\t<div class=\"elementor-image-carousel swiper-wrapper\" aria-live=\"off\">\n\t\t\t\t\t\t\t\t<div class=\"swiper-slide\" role=\"group\" aria-roledescription=\"slide\" aria-label=\"1 of 6\"><figure class=\"swiper-slide-inner\"><img decoding=\"async\" class=\"swiper-slide-image\" src=\"https:\/\/women-success.org\/wp-content\/uploads\/2026\/02\/IMG_2745-1024x683.jpg\" alt=\"IMG_2745\" \/><\/figure><\/div><div class=\"swiper-slide\" role=\"group\" aria-roledescription=\"slide\" aria-label=\"2 of 6\"><figure class=\"swiper-slide-inner\"><img decoding=\"async\" class=\"swiper-slide-image\" src=\"https:\/\/women-success.org\/wp-content\/uploads\/2026\/02\/Lutte-contre-les-violences-basees-sur-le-genre-egalite-3-1024x683.jpg\" alt=\"Lutte contre les violences bas\u00e9es sur le genre &amp; \u00e9galit\u00e9 3\" \/><\/figure><\/div><div class=\"swiper-slide\" role=\"group\" aria-roledescription=\"slide\" aria-label=\"3 of 6\"><figure class=\"swiper-slide-inner\"><img decoding=\"async\" class=\"swiper-slide-image\" src=\"https:\/\/women-success.org\/wp-content\/uploads\/2026\/02\/Lutte-contre-les-violences-basees-sur-le-genre-egalite-4-1024x682.jpg\" alt=\"Lutte contre les violences bas\u00e9es sur le genre &amp; \u00e9galit\u00e9 4\" \/><\/figure><\/div><div class=\"swiper-slide\" role=\"group\" aria-roledescription=\"slide\" aria-label=\"4 of 6\"><figure class=\"swiper-slide-inner\"><img decoding=\"async\" class=\"swiper-slide-image\" src=\"https:\/\/women-success.org\/wp-content\/uploads\/2026\/02\/VBG-sensibilisation-2-1024x679.jpg\" alt=\"VBG sensibilisation 2\" \/><\/figure><\/div><div class=\"swiper-slide\" role=\"group\" aria-roledescription=\"slide\" aria-label=\"5 of 6\"><figure class=\"swiper-slide-inner\"><img decoding=\"async\" class=\"swiper-slide-image\" src=\"https:\/\/women-success.org\/wp-content\/uploads\/2026\/02\/VBG-club-des-heroines-1024x682.jpg\" alt=\"VBG-club des hero\u00efnes\" \/><\/figure><\/div><div class=\"swiper-slide\" role=\"group\" aria-roledescription=\"slide\" aria-label=\"6 of 6\"><figure class=\"swiper-slide-inner\"><img decoding=\"async\" class=\"swiper-slide-image\" src=\"https:\/\/women-success.org\/wp-content\/uploads\/2026\/02\/VBG-sensibisation-1024x678.jpg\" alt=\"VBG-sensibisation\" \/><\/figure><\/div>\t\t\t<\/div>\n\t\t\t\t\t\t\t\n\t\t\t\t\t\t\t\t\t<div class=\"swiper-pagination\"><\/div>\n\t\t\t\t\t\t\t\t\t<\/div>\n\t\t\t\t\t\t<\/div>\n\t\t\t\t<\/div>\n\t\t\t\t<\/div>","protected":false},"excerpt":{"rendered":"<p>Lutte contre les violences bas\u00e9es sur le genre &amp; promotion de l\u2019\u00e9galit\u00e9 Parce qu\u2019aucune soci\u00e9t\u00e9 ne peut prosp\u00e9rer dans la peur ou l\u2019injustice, Women Success agit pour pr\u00e9venir et combattre toutes les formes de violences faites aux femmes et aux filles, tout en promouvant une culture de respect, d\u2019\u00e9galit\u00e9 et de solidarit\u00e9. \u00c0 travers ses [&hellip;]<\/p>\n","protected":false},"author":2,"featured_media":0,"parent":0,"menu_order":0,"comment_status":"closed","ping_status":"closed","template":"","meta":{"footnotes":""},"class_list":["post-331","page","type-page","status-publish","hentry"],"_links":{"self":[{"href":"https:\/\/women-success.org\/en\/wp-json\/wp\/v2\/pages\/331","targetHints":{"allow":["GET"]}}],"collection":[{"href":"https:\/\/women-success.org\/en\/wp-json\/wp\/v2\/pages"}],"about":[{"href":"https:\/\/women-success.org\/en\/wp-json\/wp\/v2\/types\/page"}],"author":[{"embeddable":true,"href":"https:\/\/women-success.org\/en\/wp-json\/wp\/v2\/users\/2"}],"replies":[{"embeddable":true,"href":"https:\/\/women-success.org\/en\/wp-json\/wp\/v2\/comments?post=331"}],"version-history":[{"count":28,"href":"https:\/\/women-success.org\/en\/wp-json\/wp\/v2\/pages\/331\/revisions"}],"predecessor-version":[{"id":1236,"href":"https:\/\/women-success.org\/en\/wp-json\/wp\/v2\/pages\/331\/revisions\/1236"}],"wp:attachment":[{"href":"https:\/\/women-success.org\/en\/wp-json\/wp\/v2\/media?parent=331"}],"curies":[{"name":"wp","href":"https:\/\/api.w.org\/{rel}","templated":true}]}}