{"id":345,"date":"2025-11-25T21:41:09","date_gmt":"2025-11-25T21:41:09","guid":{"rendered":"https:\/\/women-success.org\/?page_id=345"},"modified":"2026-04-02T15:10:06","modified_gmt":"2026-04-02T15:10:06","slug":"sante-et-bien-etre-des-femmes-et-des-filles","status":"publish","type":"page","link":"https:\/\/women-success.org\/en\/sante-et-bien-etre-des-femmes-et-des-filles\/","title":{"rendered":"Women\u2019s and Girls\u2019 Health &amp; Well-being"},"content":{"rendered":"<div data-elementor-type=\"wp-page\" data-elementor-id=\"345\" class=\"elementor elementor-345\" data-elementor-post-type=\"page\">\n\t\t\t\t<div class=\"elementor-element elementor-element-f1f911d e-flex e-con-boxed e-con e-parent\" data-id=\"f1f911d\" data-element_type=\"container\" data-e-type=\"container\" data-settings=\"{&quot;background_background&quot;:&quot;classic&quot;}\">\n\t\t\t\t\t<div class=\"e-con-inner\">\n\t\t\t\t<div class=\"elementor-element elementor-element-ac28d8c elementor-widget elementor-widget-heading\" data-id=\"ac28d8c\" data-element_type=\"widget\" data-e-type=\"widget\" data-widget_type=\"heading.default\">\n\t\t\t\t\t<h1 class=\"elementor-heading-title elementor-size-default\">Women\u2019s and Girls\u2019 Health &amp; Well-being<\/h1>\t\t\t\t<\/div>\n\t\t\t\t\t<\/div>\n\t\t\t\t<\/div>\n\t\t<div class=\"elementor-element elementor-element-976f50c e-flex e-con-boxed e-con e-parent\" data-id=\"976f50c\" data-element_type=\"container\" data-e-type=\"container\">\n\t\t\t\t\t<div class=\"e-con-inner\">\n\t\t<div class=\"elementor-element elementor-element-ee186b2 e-con-full e-flex e-con e-child\" data-id=\"ee186b2\" data-element_type=\"container\" data-e-type=\"container\">\n\t\t\t\t<div class=\"elementor-element elementor-element-f7a9bf7 elementor-widget elementor-widget-heading\" data-id=\"f7a9bf7\" data-element_type=\"widget\" data-e-type=\"widget\" data-widget_type=\"heading.default\">\n\t\t\t\t\t<h1 class=\"elementor-heading-title elementor-size-default\">Women\u2019s and Girls\u2019 Health &amp; Well-being<\/h1>\t\t\t\t<\/div>\n\t\t\t\t<div class=\"elementor-element elementor-element-7a62fb8 elementor-widget elementor-widget-text-editor\" data-id=\"7a62fb8\" data-element_type=\"widget\" data-e-type=\"widget\" data-widget_type=\"text-editor.default\">\n\t\t\t\t\t\t\t\t\t<p>Because there can be no empowerment without health, <strong>Women Success<\/strong> places the <strong>physical, mental, and reproductive health<\/strong> of women and girls at the core of its mission.<\/p><p>Our initiatives aim to <strong>promote access to information, prevention, and early screening<\/strong>, while breaking the taboos surrounding women\u2019s health and youth sexual education.<\/p>\t\t\t\t\t\t\t\t<\/div>\n\t\t\t\t<div class=\"elementor-element elementor-element-ed52cf7 elementor-widget elementor-widget-text-editor\" data-id=\"ed52cf7\" data-element_type=\"widget\" data-e-type=\"widget\" data-widget_type=\"text-editor.default\">\n\t\t\t\t\t\t\t\t\t<p>Each edition brings together <strong>hundreds of participants<\/strong> and stands as a powerful moment of <strong>women\u2019s solidarity and advocacy for women\u2019s health<\/strong> in Chad.<\/p>\t\t\t\t\t\t\t\t<\/div>\n\t\t\t\t<\/div>\n\t\t\t\t\t<\/div>\n\t\t\t\t<\/div>\n\t\t<div class=\"elementor-element elementor-element-e5775f4 e-flex e-con-boxed e-con e-parent\" data-id=\"e5775f4\" data-element_type=\"container\" data-e-type=\"container\">\n\t\t\t\t\t<div class=\"e-con-inner\">\n\t\t<div class=\"elementor-element elementor-element-4fd8a22 e-con-full e-flex e-con e-child\" data-id=\"4fd8a22\" data-element_type=\"container\" data-e-type=\"container\">\n\t\t<div class=\"elementor-element elementor-element-8c3854e e-con-full e-flex elementor-invisible e-con e-child\" data-id=\"8c3854e\" data-element_type=\"container\" data-e-type=\"container\" data-settings=\"{&quot;animation&quot;:&quot;fadeInUp&quot;}\">\n\t\t\t\t<div class=\"elementor-element elementor-element-510f4d3 elementor-widget elementor-widget-image\" data-id=\"510f4d3\" data-element_type=\"widget\" data-e-type=\"widget\" data-widget_type=\"image.default\">\n\t\t\t\t\t\t\t\t\t\t\t\t\t\t\t\t<a href=\"https:\/\/women-success.org\/en\/octobre-rose-pour-la-vie-pour-la-prevention\/\">\n\t\t\t\t\t\t\t<img decoding=\"async\" src=\"https:\/\/women-success.org\/wp-content\/uploads\/elementor\/thumbs\/Couv-Octobre-Rose-pour-la-vie-pour-la-prevention-rl3faoq32s7bx8mvalyczoa71f5jf1nugwyw62suw0.jpg\" title=\"Couv-Octobre Rose pour la vie, pour la pr\u00e9vention\" alt=\"Couv-Octobre Rose pour la vie, pour la pr\u00e9vention\" class=\"elementor-animation-grow\" loading=\"lazy\" \/>\t\t\t\t\t\t\t\t<\/a>\n\t\t\t\t\t\t\t\t\t\t\t\t\t\t\t<\/div>\n\t\t\t\t<div class=\"elementor-element elementor-element-3a90ebd elementor-widget elementor-widget-text-editor\" data-id=\"3a90ebd\" data-element_type=\"widget\" data-e-type=\"widget\" data-widget_type=\"text-editor.default\">\n\t\t\t\t\t\t\t\t\t<p><a href=\"https:\/\/women-success.org\/en\/octobre-rose-pour-la-vie-pour-la-prevention\/\">Pink October: For Life, For Prevention<\/a><\/p>\t\t\t\t\t\t\t\t<\/div>\n\t\t\t\t<\/div>\n\t\t<div class=\"elementor-element elementor-element-4284d91 e-con-full e-flex elementor-invisible e-con e-child\" data-id=\"4284d91\" data-element_type=\"container\" data-e-type=\"container\" data-settings=\"{&quot;animation&quot;:&quot;fadeInUp&quot;}\">\n\t\t\t\t<div class=\"elementor-element elementor-element-a3e7e3c elementor-widget elementor-widget-image\" data-id=\"a3e7e3c\" data-element_type=\"widget\" data-e-type=\"widget\" data-widget_type=\"image.default\">\n\t\t\t\t\t\t\t\t\t\t\t\t\t\t\t\t<a href=\"https:\/\/women-success.org\/en\/sante-sexuelle-et-reproductive-informer-pour-proteger\/\">\n\t\t\t\t\t\t\t<img decoding=\"async\" src=\"https:\/\/women-success.org\/wp-content\/uploads\/elementor\/thumbs\/Sante_et_bien-etre-min-scaled-rf8tdcugy75bskrko9dcszjewlnpyqqqf5xgf1hs2o.webp\" title=\"Sante_et_bien-etre-min\" alt=\"Sant\u00e9 et bien-\u00eatre des femmes et des filles\" class=\"elementor-animation-grow\" loading=\"lazy\" \/>\t\t\t\t\t\t\t\t<\/a>\n\t\t\t\t\t\t\t\t\t\t\t\t\t\t\t<\/div>\n\t\t\t\t<div class=\"elementor-element elementor-element-cfd2be6 elementor-widget elementor-widget-text-editor\" data-id=\"cfd2be6\" data-element_type=\"widget\" data-e-type=\"widget\" data-widget_type=\"text-editor.default\">\n\t\t\t\t\t\t\t\t\t<p><a href=\"https:\/\/women-success.org\/en\/sante-sexuelle-et-reproductive-informer-pour-proteger\/\">Sexual and Reproductive Health: Informing to Protect<\/a><\/p>\t\t\t\t\t\t\t\t<\/div>\n\t\t\t\t<\/div>\n\t\t\t\t<\/div>\n\t\t\t\t\t<\/div>\n\t\t\t\t<\/div>\n\t\t<div class=\"elementor-element elementor-element-7709336 e-con-full e-flex e-con e-parent\" data-id=\"7709336\" data-element_type=\"container\" data-e-type=\"container\">\n\t\t\t\t<div class=\"elementor-element elementor-element-5248162 animated-fast carousel-women-success elementor-pagination-position-outside elementor-invisible elementor-widget elementor-widget-image-carousel\" data-id=\"5248162\" data-element_type=\"widget\" data-e-type=\"widget\" data-settings=\"{&quot;slides_to_show&quot;:&quot;3&quot;,&quot;slides_to_show_tablet&quot;:&quot;2&quot;,&quot;slides_to_show_mobile&quot;:&quot;1&quot;,&quot;navigation&quot;:&quot;dots&quot;,&quot;autoplay_speed&quot;:2500,&quot;_animation&quot;:&quot;fadeInUp&quot;,&quot;_animation_delay&quot;:150,&quot;autoplay&quot;:&quot;yes&quot;,&quot;pause_on_hover&quot;:&quot;yes&quot;,&quot;pause_on_interaction&quot;:&quot;yes&quot;,&quot;infinite&quot;:&quot;yes&quot;,&quot;speed&quot;:500}\" data-widget_type=\"image-carousel.default\">\n\t\t\t\t\t\t\t<div class=\"elementor-image-carousel-wrapper swiper\" role=\"region\" aria-roledescription=\"carousel\" aria-label=\"Image Carousel\" dir=\"ltr\">\n\t\t\t<div class=\"elementor-image-carousel swiper-wrapper\" aria-live=\"off\">\n\t\t\t\t\t\t\t\t<div class=\"swiper-slide\" role=\"group\" aria-roledescription=\"slide\" aria-label=\"1 sur 8\"><figure class=\"swiper-slide-inner\"><img decoding=\"async\" class=\"swiper-slide-image\" src=\"https:\/\/women-success.org\/wp-content\/uploads\/2026\/02\/IMG_0283-1024x683.jpg\" alt=\"IMG_0283\" \/><\/figure><\/div><div class=\"swiper-slide\" role=\"group\" aria-roledescription=\"slide\" aria-label=\"2 sur 8\"><figure class=\"swiper-slide-inner\"><img decoding=\"async\" class=\"swiper-slide-image\" src=\"https:\/\/women-success.org\/wp-content\/uploads\/2026\/02\/IMG-20251004-WA0083-1024x821.jpg\" alt=\"IMG-20251004-WA0083\" \/><\/figure><\/div><div class=\"swiper-slide\" role=\"group\" aria-roledescription=\"slide\" aria-label=\"3 sur 8\"><figure class=\"swiper-slide-inner\"><img decoding=\"async\" class=\"swiper-slide-image\" src=\"https:\/\/women-success.org\/wp-content\/uploads\/2026\/02\/Sante-et-bien-etre-des-femmes-et-des-filles-3-805x1024.jpg\" alt=\"Sant\u00e9 et bien-\u00eatre des femmes et des filles 3\" \/><\/figure><\/div><div class=\"swiper-slide\" role=\"group\" aria-roledescription=\"slide\" aria-label=\"4 sur 8\"><figure class=\"swiper-slide-inner\"><img decoding=\"async\" class=\"swiper-slide-image\" src=\"https:\/\/women-success.org\/wp-content\/uploads\/2026\/02\/Sante-et-bien-etre-des-femmes-et-des-filles-4-1024x683.jpg\" alt=\"Sant\u00e9 et bien-\u00eatre des femmes et des filles 4\" \/><\/figure><\/div><div class=\"swiper-slide\" role=\"group\" aria-roledescription=\"slide\" aria-label=\"5 sur 8\"><figure class=\"swiper-slide-inner\"><img decoding=\"async\" class=\"swiper-slide-image\" src=\"https:\/\/women-success.org\/wp-content\/uploads\/2026\/02\/Sante-et-bien-etre-des-femmes-et-des-filles-5-1024x683.jpg\" alt=\"Sant\u00e9 et bien-\u00eatre des femmes et des filles 5\" \/><\/figure><\/div><div class=\"swiper-slide\" role=\"group\" aria-roledescription=\"slide\" aria-label=\"6 sur 8\"><figure class=\"swiper-slide-inner\"><img decoding=\"async\" class=\"swiper-slide-image\" src=\"https:\/\/women-success.org\/wp-content\/uploads\/2026\/02\/Sante-et-bien-etre-des-femmes-et-des-filles-6-1024x882.jpg\" alt=\"Sant\u00e9 et bien-\u00eatre des femmes et des filles 6\" \/><\/figure><\/div><div class=\"swiper-slide\" role=\"group\" aria-roledescription=\"slide\" aria-label=\"7 sur 8\"><figure class=\"swiper-slide-inner\"><img decoding=\"async\" class=\"swiper-slide-image\" src=\"https:\/\/women-success.org\/wp-content\/uploads\/2026\/02\/Sante-et-bien-etre-des-femmes-et-des-filles-7-1024x682.jpg\" alt=\"Sant\u00e9 et bien-\u00eatre des femmes et des filles 7\" \/><\/figure><\/div><div class=\"swiper-slide\" role=\"group\" aria-roledescription=\"slide\" aria-label=\"8 sur 8\"><figure class=\"swiper-slide-inner\"><img decoding=\"async\" class=\"swiper-slide-image\" src=\"https:\/\/women-success.org\/wp-content\/uploads\/2026\/02\/Sante-et-bien-etre-des-femmes-et-des-filles-8-1024x683.jpg\" alt=\"Sant\u00e9 et bien-\u00eatre des femmes et des filles 8\" \/><\/figure><\/div>\t\t\t<\/div>\n\t\t\t\t\t\t\t\n\t\t\t\t\t\t\t\t\t<div class=\"swiper-pagination\"><\/div>\n\t\t\t\t\t\t\t\t\t<\/div>\n\t\t\t\t\t\t<\/div>\n\t\t\t\t<\/div>\n\t\t\t\t<\/div>","protected":false},"excerpt":{"rendered":"<p>Sant\u00e9 et bien-\u00eatre des femmes et des filles Sant\u00e9 et bien-\u00eatre des femmes et des filles Parce qu\u2019il n\u2019y a pas d\u2019autonomisation sans sant\u00e9, Women Success fait de la sant\u00e9 physique, mentale et reproductive des femmes et des filles une priorit\u00e9 de son action. Nos initiatives visent \u00e0 favoriser l\u2019acc\u00e8s \u00e0 l\u2019information, la pr\u00e9vention et [&hellip;]<\/p>\n","protected":false},"author":2,"featured_media":0,"parent":0,"menu_order":0,"comment_status":"closed","ping_status":"closed","template":"","meta":{"footnotes":""},"class_list":["post-345","page","type-page","status-publish","hentry"],"_links":{"self":[{"href":"https:\/\/women-success.org\/en\/wp-json\/wp\/v2\/pages\/345","targetHints":{"allow":["GET"]}}],"collection":[{"href":"https:\/\/women-success.org\/en\/wp-json\/wp\/v2\/pages"}],"about":[{"href":"https:\/\/women-success.org\/en\/wp-json\/wp\/v2\/types\/page"}],"author":[{"embeddable":true,"href":"https:\/\/women-success.org\/en\/wp-json\/wp\/v2\/users\/2"}],"replies":[{"embeddable":true,"href":"https:\/\/women-success.org\/en\/wp-json\/wp\/v2\/comments?post=345"}],"version-history":[{"count":16,"href":"https:\/\/women-success.org\/en\/wp-json\/wp\/v2\/pages\/345\/revisions"}],"predecessor-version":[{"id":1206,"href":"https:\/\/women-success.org\/en\/wp-json\/wp\/v2\/pages\/345\/revisions\/1206"}],"wp:attachment":[{"href":"https:\/\/women-success.org\/en\/wp-json\/wp\/v2\/media?parent=345"}],"curies":[{"name":"wp","href":"https:\/\/api.w.org\/{rel}","templated":true}]}}