{"id":355,"date":"2025-11-25T21:48:10","date_gmt":"2025-11-25T21:48:10","guid":{"rendered":"https:\/\/women-success.org\/?page_id=355"},"modified":"2026-04-22T20:49:53","modified_gmt":"2026-04-22T20:49:53","slug":"engagement-plaidoyer-social","status":"publish","type":"page","link":"https:\/\/women-success.org\/en\/engagement-plaidoyer-social\/","title":{"rendered":"Advocacy &amp; Social Engagement"},"content":{"rendered":"<div data-elementor-type=\"wp-page\" data-elementor-id=\"355\" class=\"elementor elementor-355\" data-elementor-post-type=\"page\">\n\t\t\t\t<div class=\"elementor-element elementor-element-881da61 e-flex e-con-boxed e-con e-parent\" data-id=\"881da61\" data-element_type=\"container\" data-e-type=\"container\" data-settings=\"{&quot;background_background&quot;:&quot;classic&quot;}\">\n\t\t\t\t\t<div class=\"e-con-inner\">\n\t\t\t\t<div class=\"elementor-element elementor-element-2897413 elementor-widget elementor-widget-heading\" data-id=\"2897413\" data-element_type=\"widget\" data-e-type=\"widget\" data-widget_type=\"heading.default\">\n\t\t\t\t\t<h1 class=\"elementor-heading-title elementor-size-default\">Advocacy &amp; Social Engagement<\/h1>\t\t\t\t<\/div>\n\t\t\t\t\t<\/div>\n\t\t\t\t<\/div>\n\t\t<div class=\"elementor-element elementor-element-ab04ece e-flex e-con-boxed e-con e-parent\" data-id=\"ab04ece\" data-element_type=\"container\" data-e-type=\"container\">\n\t\t\t\t\t<div class=\"e-con-inner\">\n\t\t<div class=\"elementor-element elementor-element-309f751 e-con-full e-flex e-con e-child\" data-id=\"309f751\" data-element_type=\"container\" data-e-type=\"container\">\n\t\t\t\t<div class=\"elementor-element elementor-element-12a7e82 elementor-widget elementor-widget-heading\" data-id=\"12a7e82\" data-element_type=\"widget\" data-e-type=\"widget\" data-widget_type=\"heading.default\">\n\t\t\t\t\t<h1 class=\"elementor-heading-title elementor-size-default\">Advocacy &amp; Social Engagement<\/h1>\t\t\t\t<\/div>\n\t\t\t\t<div class=\"elementor-element elementor-element-79b73ac elementor-widget elementor-widget-text-editor\" data-id=\"79b73ac\" data-element_type=\"widget\" data-e-type=\"widget\" data-widget_type=\"text-editor.default\">\n\t\t\t\t\t\t\t\t\t<p>Women Success leads community campaigns and dialogues aimed at transforming mindsets and promoting women\u2019s active participation in society.<\/p><p>Through its advocacy efforts, the organization mobilizes public authorities, partners, and male allies to work together toward building a more equal society.<\/p>\t\t\t\t\t\t\t\t<\/div>\n\t\t\t\t<div class=\"elementor-element elementor-element-74473f2 elementor-widget elementor-widget-image\" data-id=\"74473f2\" data-element_type=\"widget\" data-e-type=\"widget\" data-widget_type=\"image.default\">\n\t\t\t\t\t\t\t\t\t\t\t\t\t\t\t<img decoding=\"async\" width=\"800\" height=\"534\" src=\"https:\/\/women-success.org\/wp-content\/uploads\/2025\/11\/Engagement_plaidoyer_social-min-1024x683.webp\" class=\"attachment-large size-large wp-image-358\" alt=\"Engagement &amp; plaidoyer social\" srcset=\"https:\/\/women-success.org\/wp-content\/uploads\/2025\/11\/Engagement_plaidoyer_social-min-1024x683.webp 1024w, https:\/\/women-success.org\/wp-content\/uploads\/2025\/11\/Engagement_plaidoyer_social-min-300x200.webp 300w, https:\/\/women-success.org\/wp-content\/uploads\/2025\/11\/Engagement_plaidoyer_social-min-768x512.webp 768w, https:\/\/women-success.org\/wp-content\/uploads\/2025\/11\/Engagement_plaidoyer_social-min-1536x1024.webp 1536w, https:\/\/women-success.org\/wp-content\/uploads\/2025\/11\/Engagement_plaidoyer_social-min-2048x1365.webp 2048w, https:\/\/women-success.org\/wp-content\/uploads\/2025\/11\/Engagement_plaidoyer_social-min-18x12.webp 18w\" sizes=\"(max-width: 800px) 100vw, 800px\" \/>\t\t\t\t\t\t\t\t\t\t\t\t\t\t\t<\/div>\n\t\t\t\t<\/div>\n\t\t\t\t\t<\/div>\n\t\t\t\t<\/div>\n\t\t<div class=\"elementor-element elementor-element-b141669 e-con-full e-flex e-con e-parent\" data-id=\"b141669\" data-element_type=\"container\" data-e-type=\"container\">\n\t\t\t\t<div class=\"elementor-element elementor-element-756df1e animated-fast carousel-women-success elementor-pagination-position-outside elementor-invisible elementor-widget elementor-widget-image-carousel\" data-id=\"756df1e\" data-element_type=\"widget\" data-e-type=\"widget\" data-settings=\"{&quot;slides_to_show&quot;:&quot;3&quot;,&quot;slides_to_show_tablet&quot;:&quot;2&quot;,&quot;slides_to_show_mobile&quot;:&quot;1&quot;,&quot;navigation&quot;:&quot;dots&quot;,&quot;autoplay_speed&quot;:2500,&quot;_animation&quot;:&quot;fadeInUp&quot;,&quot;_animation_delay&quot;:150,&quot;autoplay&quot;:&quot;yes&quot;,&quot;pause_on_hover&quot;:&quot;yes&quot;,&quot;pause_on_interaction&quot;:&quot;yes&quot;,&quot;infinite&quot;:&quot;yes&quot;,&quot;speed&quot;:500}\" data-widget_type=\"image-carousel.default\">\n\t\t\t\t\t\t\t<div class=\"elementor-image-carousel-wrapper swiper\" role=\"region\" aria-roledescription=\"carousel\" aria-label=\"Image Carousel\" dir=\"ltr\">\n\t\t\t<div class=\"elementor-image-carousel swiper-wrapper\" aria-live=\"off\">\n\t\t\t\t\t\t\t\t<div class=\"swiper-slide\" role=\"group\" aria-roledescription=\"slide\" aria-label=\"1 of 9\" data-no-translation-aria-label=\"\"><figure class=\"swiper-slide-inner\"><img decoding=\"async\" class=\"swiper-slide-image\" src=\"https:\/\/women-success.org\/wp-content\/uploads\/2026\/02\/Engagement-plaidoyer-social-1-1024x683.jpg\" alt=\"Engagement &amp; plaidoyer social 1\" \/><\/figure><\/div><div class=\"swiper-slide\" role=\"group\" aria-roledescription=\"slide\" aria-label=\"2 of 9\" data-no-translation-aria-label=\"\"><figure class=\"swiper-slide-inner\"><img decoding=\"async\" class=\"swiper-slide-image\" src=\"https:\/\/women-success.org\/wp-content\/uploads\/2026\/02\/Engagement-plaidoyer-social-2-1024x683.jpg\" alt=\"Engagement &amp; plaidoyer social 2\" \/><\/figure><\/div><div class=\"swiper-slide\" role=\"group\" aria-roledescription=\"slide\" aria-label=\"3 of 9\" data-no-translation-aria-label=\"\"><figure class=\"swiper-slide-inner\"><img decoding=\"async\" class=\"swiper-slide-image\" src=\"https:\/\/women-success.org\/wp-content\/uploads\/2026\/02\/Engagement-plaidoyer-social-3-1024x683.jpg\" alt=\"Engagement &amp; plaidoyer social 3\" \/><\/figure><\/div><div class=\"swiper-slide\" role=\"group\" aria-roledescription=\"slide\" aria-label=\"4 of 9\" data-no-translation-aria-label=\"\"><figure class=\"swiper-slide-inner\"><img decoding=\"async\" class=\"swiper-slide-image\" src=\"https:\/\/women-success.org\/wp-content\/uploads\/2026\/02\/Engagement-plaidoyer-social-4-1024x656.jpg\" alt=\"Engagement &amp; plaidoyer social 4\" \/><\/figure><\/div><div class=\"swiper-slide\" role=\"group\" aria-roledescription=\"slide\" aria-label=\"5 of 9\" data-no-translation-aria-label=\"\"><figure class=\"swiper-slide-inner\"><img decoding=\"async\" class=\"swiper-slide-image\" src=\"https:\/\/women-success.org\/wp-content\/uploads\/2026\/02\/Engagement-plaidoyer-social-5-1024x768.jpg\" alt=\"Engagement &amp; plaidoyer social 5\" \/><\/figure><\/div><div class=\"swiper-slide\" role=\"group\" aria-roledescription=\"slide\" aria-label=\"6 of 9\" data-no-translation-aria-label=\"\"><figure class=\"swiper-slide-inner\"><img decoding=\"async\" class=\"swiper-slide-image\" src=\"https:\/\/women-success.org\/wp-content\/uploads\/2026\/02\/Engagement-plaidoyer-social-6-1024x768.jpg\" alt=\"Engagement &amp; plaidoyer social 6\" \/><\/figure><\/div><div class=\"swiper-slide\" role=\"group\" aria-roledescription=\"slide\" aria-label=\"7 of 9\" data-no-translation-aria-label=\"\"><figure class=\"swiper-slide-inner\"><img decoding=\"async\" class=\"swiper-slide-image\" src=\"https:\/\/women-success.org\/wp-content\/uploads\/2026\/02\/Engagement-plaidoyer-social-7-1024x683.jpg\" alt=\"Engagement &amp; plaidoyer social 7\" \/><\/figure><\/div><div class=\"swiper-slide\" role=\"group\" aria-roledescription=\"slide\" aria-label=\"8 of 9\" data-no-translation-aria-label=\"\"><figure class=\"swiper-slide-inner\"><img decoding=\"async\" class=\"swiper-slide-image\" src=\"https:\/\/women-success.org\/wp-content\/uploads\/2026\/02\/Engagement-plaidoyer-social-8-1024x683.jpg\" alt=\"Engagement &amp; plaidoyer social 8\" \/><\/figure><\/div><div class=\"swiper-slide\" role=\"group\" aria-roledescription=\"slide\" aria-label=\"9 of 9\" data-no-translation-aria-label=\"\"><figure class=\"swiper-slide-inner\"><img decoding=\"async\" class=\"swiper-slide-image\" src=\"https:\/\/women-success.org\/wp-content\/uploads\/2026\/02\/Engagement-plaidoyer-social-1024x682.jpg\" alt=\"Engagement &amp; plaidoyer social\" \/><\/figure><\/div>\t\t\t<\/div>\n\t\t\t\t\t\t\t\n\t\t\t\t\t\t\t\t\t<div class=\"swiper-pagination\"><\/div>\n\t\t\t\t\t\t\t\t\t<\/div>\n\t\t\t\t\t\t<\/div>\n\t\t\t\t<\/div>\n\t\t\t\t<\/div>","protected":false},"excerpt":{"rendered":"<p>Engagement &amp; plaidoyer social Engagement &amp; plaidoyer social Women Success m\u00e8ne des campagnes et dialogues communautaires pour changer les mentalit\u00e9s et promouvoir la participation des femmes dans la soci\u00e9t\u00e9. Nos plaidoyers mobilisent les autorit\u00e9s, les partenaires et les hommes alli\u00e9s pour construire ensemble une soci\u00e9t\u00e9 \u00e9galitaire.<\/p>","protected":false},"author":2,"featured_media":0,"parent":0,"menu_order":0,"comment_status":"closed","ping_status":"closed","template":"","meta":{"footnotes":""},"class_list":["post-355","page","type-page","status-publish","hentry"],"_links":{"self":[{"href":"https:\/\/women-success.org\/en\/wp-json\/wp\/v2\/pages\/355","targetHints":{"allow":["GET"]}}],"collection":[{"href":"https:\/\/women-success.org\/en\/wp-json\/wp\/v2\/pages"}],"about":[{"href":"https:\/\/women-success.org\/en\/wp-json\/wp\/v2\/types\/page"}],"author":[{"embeddable":true,"href":"https:\/\/women-success.org\/en\/wp-json\/wp\/v2\/users\/2"}],"replies":[{"embeddable":true,"href":"https:\/\/women-success.org\/en\/wp-json\/wp\/v2\/comments?post=355"}],"version-history":[{"count":10,"href":"https:\/\/women-success.org\/en\/wp-json\/wp\/v2\/pages\/355\/revisions"}],"predecessor-version":[{"id":1248,"href":"https:\/\/women-success.org\/en\/wp-json\/wp\/v2\/pages\/355\/revisions\/1248"}],"wp:attachment":[{"href":"https:\/\/women-success.org\/en\/wp-json\/wp\/v2\/media?parent=355"}],"curies":[{"name":"wp","href":"https:\/\/api.w.org\/{rel}","templated":true}]}}